{"id":769959,"date":"2025-08-28T14:12:40","date_gmt":"2025-08-28T11:12:40","guid":{"rendered":"https:\/\/roveyayinevi.com.tr\/index.php\/urun\/2-dogus\/"},"modified":"2026-04-15T03:36:27","modified_gmt":"2026-04-15T00:36:27","slug":"2-dogus","status":"publish","type":"product","link":"https:\/\/roveyayinevi.com.tr\/index.php\/urun\/2-dogus\/","title":{"rendered":"2. Do\u011fu\u015f"},"content":{"rendered":"<p>\u015eifa Sende, \u0130\u00e7imizdeki Hekim ve Kendin Ol kitaplar\u0131n\u0131n yazar\u0131 Dr. Erhan \u00d6zer&#8217;den sars\u0131c\u0131, y\u00fcksek frekansl\u0131 bir kitap.   D\u00fcnyan\u0131n ayd\u0131nl\u0131\u011fa kavu\u015faca\u011f\u0131 s\u0131ra d\u0131\u015f\u0131 bir \u00e7a\u011f\u0131n tam do\u011fu\u015fu i\u00e7indeyiz.   Matrix filmindeki gibi, g\u00f6rd\u00fcklerimiz asl\u0131nda frekanslar\u0131n olu\u015fturdu\u011fu bir sim\u00fclasyon. Madde ve ruh, yaln\u0131zca titre\u015fen enerji dalgalar\u0131ndan ibaret. \u015eimdi, y\u00fckselmi\u015f karanl\u0131k enerjinin i\u00e7inden ayd\u0131nl\u0131\u011fa do\u011fma zaman\u0131!   Yapmam\u0131z gereken tek \u015fey, zihnimizden \u00f6zg\u00fcrle\u015fip kalbimizle ba\u011flant\u0131ya ge\u00e7mek ve ayd\u0131nlanmay\u0131 sa\u011flayacak 2. Do\u011fu\u015f&#8217;u ger\u00e7ekle\u015ftirmek\u2026   Ger\u00e7ek do\u011fum, zihni serbest b\u0131rak\u0131p kalp frekans\u0131na y\u00fckselmektir. Gen\u00e7 kalman\u0131n, sa\u011fl\u0131kl\u0131 ya\u015faman\u0131n, bedenin kendi kendini iyile\u015ftirmesinin ve ruhsal tek\u00e2m\u00fcl\u00fcn s\u0131rr\u0131, 2. Do\u011fu\u015f&#8217;ta sakl\u0131. Kutlamam\u0131z gereken as\u0131l do\u011fum g\u00fcn\u00fcm\u00fcz, bu do\u011fu\u015fu ger\u00e7ekle\u015ftirdi\u011fimiz g\u00fcnd\u00fcr.   12.12.2012 itibar\u0131yla a\u00e7\u0131lan 5. Boyut portal\u0131, Yeni D\u00fcnya Bilinci\u2019ne ge\u00e7i\u015f i\u00e7in t\u00fcm ko\u015fullar\u0131 haz\u0131rlad\u0131. Bu kitap, DNA\u2019m\u0131z\u0131 g\u00fcncelleyerek ruhumuzla tam ba\u011flant\u0131ya ula\u015fmam\u0131z\u0131n yolunu g\u00f6steriyor. Evrensel yasalar, \u00f6zg\u00fcrle\u015fmemiz i\u00e7in bizi zorluyor; i\u015f, ili\u015fkiler, hastal\u0131klar mesaj\u0131n\u0131 alana kadar tekrar ediyor.   \u015eimdi elimizde bir g\u00fc\u00e7 var&#8230; 2. Do\u011fu\u015f&#8217;u ger\u00e7ekle\u015ftirmek.   Bu b\u00fcy\u00fck bir uyan\u0131\u015f, muhte\u015fem bir s\u0131\u00e7rama ve yeniden do\u011fu\u015f. Uyanm\u0131\u015f olanlar\u0131n, uykuda olanlar\u0131 uyand\u0131rma vaktidir. <\/p>\n","protected":false},"excerpt":{"rendered":"<p>\u015eifa Sende, \u0130\u00e7imizdeki Hekim ve Kendin Ol kitaplar\u0131n\u0131n yazar\u0131 Dr. Erhan \u00d6zer&#8217;den sars\u0131c\u0131, y\u00fcksek frekansl\u0131 bir kitap. D\u00fcnyan\u0131n ayd\u0131nl\u0131\u011fa kavu\u015faca\u011f\u0131 s\u0131ra d\u0131\u015f\u0131 bir \u00e7a\u011f\u0131n tam do\u011fu\u015fu<span class=\"excerpt-hellip\"> [\u2026]<\/span><\/p>\n","protected":false},"featured_media":0,"template":"","meta":{"_monsterinsights_skip_tracking":false,"_monsterinsights_sitenote_active":false,"_monsterinsights_sitenote_note":"","_monsterinsights_sitenote_category":0},"product_brand":[],"product_cat":[13365],"product_tag":[],"class_list":{"0":"post-769959","1":"product","2":"type-product","3":"status-publish","5":"product_cat-saglik","6":"pa_cilt-ciltsiz","7":"pa_tur-kitap","8":"pa_yayinevi-dogan-novus","9":"pa_yazar-erhan-ozer","11":"first","12":"instock","13":"sale","14":"shipping-taxable","15":"purchasable","16":"product-type-simple"},"_links":{"self":[{"href":"https:\/\/roveyayinevi.com.tr\/index.php\/wp-json\/wp\/v2\/product\/769959","targetHints":{"allow":["GET"]}}],"collection":[{"href":"https:\/\/roveyayinevi.com.tr\/index.php\/wp-json\/wp\/v2\/product"}],"about":[{"href":"https:\/\/roveyayinevi.com.tr\/index.php\/wp-json\/wp\/v2\/types\/product"}],"wp:attachment":[{"href":"https:\/\/roveyayinevi.com.tr\/index.php\/wp-json\/wp\/v2\/media?parent=769959"}],"wp:term":[{"taxonomy":"product_brand","embeddable":true,"href":"https:\/\/roveyayinevi.com.tr\/index.php\/wp-json\/wp\/v2\/product_brand?post=769959"},{"taxonomy":"product_cat","embeddable":true,"href":"https:\/\/roveyayinevi.com.tr\/index.php\/wp-json\/wp\/v2\/product_cat?post=769959"},{"taxonomy":"product_tag","embeddable":true,"href":"https:\/\/roveyayinevi.com.tr\/index.php\/wp-json\/wp\/v2\/product_tag?post=769959"}],"curies":[{"name":"wp","href":"https:\/\/api.w.org\/{rel}","templated":true}]}}