{"id":769955,"date":"2025-08-28T14:12:32","date_gmt":"2025-08-28T11:12:32","guid":{"rendered":"https:\/\/roveyayinevi.com.tr\/index.php\/urun\/kadinin-mulksuzlestirilmesi\/"},"modified":"2026-04-15T03:36:27","modified_gmt":"2026-04-15T00:36:27","slug":"kadinin-mulksuzlestirilmesi","status":"publish","type":"product","link":"https:\/\/roveyayinevi.com.tr\/index.php\/urun\/kadinin-mulksuzlestirilmesi\/","title":{"rendered":"Kad\u0131n\u0131n M\u00fclks\u00fczle\u015ftirilmesi"},"content":{"rendered":"<p>Kad\u0131n\u0131n M\u00fclks\u00fczle\u015ftirilmesi, bizi, insanl\u0131\u011f\u0131n yaz\u0131lamayan tarihi ve de egemenlerin kendisini anlatt\u0131\u011f\u0131 yaz\u0131l\u0131 tarih i\u00e7erisinde bir yolculu\u011fa \u00e7\u0131kar\u0131yor. M\u00fclks\u00fczle\u015ftirme, m\u00fclkiyet-\u00f6zel m\u00fclkiyet hik\u00e2yesinden ayr\u0131 d\u00fc\u015f\u00fcn\u00fclemez. Biri varsa \u00f6teki de vard\u0131r. Yazar Pat Brewer, bu kitab\u0131nda, Frederick Engels\u2019in \u201cAilenin, \u00d6zel M\u00fclkiyetin ve Devletin K\u00f6keni\u201d \u00e7al\u0131\u015fmas\u0131 \u00fczerinden kad\u0131n\u0131n g\u00fcn\u00fcm\u00fcze dek uzanan hik\u00e2yesini irdeliyor. \u201cModern toplumdaki yayg\u0131n cinsiyet e\u015fitsizli\u011fi &#8216;do\u011fal&#8217; de\u011fildir. \u0130lk insan topluluklar\u0131 \u00f6zel m\u00fclkiyeti, s\u0131n\u0131f ayr\u0131m\u0131n\u0131 ve devleti &#8211; ya da kad\u0131nlar\u0131n ikincille\u015ftirilmesini &#8211; bilmezdi.\u201d Dolay\u0131s\u0131yla, kad\u0131na bu \u201ckaderi\u201d bi\u00e7en, \u00f6zel m\u00fclkiyet \u00fczerine in\u015fa edilen devlettir. \u00c7\u00fcnk\u00fc bu s\u00fcre\u00e7te kad\u0131n, Anal\u0131k Hukukunun y\u0131k\u0131l\u0131\u015f\u0131yla en b\u00fcy\u00fck tarihsel yenilgisini alm\u0131\u015f ve \u00f6zel m\u00fclkiyete d\u00f6n\u00fc\u015ft\u00fcr\u00fclm\u00fc\u015ft\u00fcr. Frederick Engels, anaerkil toplum d\u00fczeninden s\u0131n\u0131fl\u0131 topluma ge\u00e7i\u015fin baz\u0131 kilit y\u00f6nlerini a\u00e7\u0131klayamam\u0131\u015ft\u0131r. Son d\u00f6nemde arkeolojik \u00e7al\u0131\u015fmalarla ortaya \u00e7\u0131kan arkeolojik bilimsel kan\u0131tlar i\u015fte bu bo\u015fluklar\u0131n doldurulmas\u0131na ve tam anlam\u0131yla tutarl\u0131 bir a\u00e7\u0131klama getirilmesine olanak vermi\u015ftir. Kad\u0131n\u0131n M\u00fclks\u00fczle\u015ftirilmesi tam da buraya odaklanan bir \u00e7al\u0131\u015fmad\u0131r. Bu geli\u015fmeler, g\u00fcn\u00fcm\u00fczde kad\u0131n haklar\u0131 i\u00e7in verilen m\u00fccadele a\u00e7\u0131s\u0131ndan \u00e7ok k\u0131ymetlidir ve kad\u0131n haklar\u0131 m\u00fccadelesi, kad\u0131n\u0131n mevcut toplumsal konumunu \u201cnormal\u201d, dolay\u0131s\u0131yla da de\u011fi\u015ftirilemezmi\u015f gibi g\u00f6stermenin pe\u015findeki t\u00fcm gerici fikirlerle m\u00fccadeleyi de zorunlu k\u0131lmaktad\u0131r. Pat Brewer, Avustralya&#8217;daki sosyalist ve feminist hareketlerde onlarca y\u0131ld\u0131r bir aktivist olarak yer alm\u0131\u015f, bu \u00fclkenin kad\u0131n kurtulu\u015f hareketini \u015fekillendiren \u00e7o\u011fu kampanya ve kuramsal tart\u0131\u015fmada etkin kat\u0131l\u0131m\u0131yla kilit rol \u00fcstlenmi\u015f bir isimdir. Brewer, halen Sosyalist \u0130ttifak \u00fcyesidir. <\/p>\n","protected":false},"excerpt":{"rendered":"<p>Kad\u0131n\u0131n M\u00fclks\u00fczle\u015ftirilmesi, bizi, insanl\u0131\u011f\u0131n yaz\u0131lamayan tarihi ve de egemenlerin kendisini anlatt\u0131\u011f\u0131 yaz\u0131l\u0131 tarih i\u00e7erisinde bir yolculu\u011fa \u00e7\u0131kar\u0131yor. M\u00fclks\u00fczle\u015ftirme, m\u00fclkiyet-\u00f6zel m\u00fclkiyet hik\u00e2yesinden ayr\u0131 d\u00fc\u015f\u00fcn\u00fclemez. Biri varsa \u00f6teki<span class=\"excerpt-hellip\"> [\u2026]<\/span><\/p>\n","protected":false},"featured_media":0,"template":"","meta":{"_monsterinsights_skip_tracking":false,"_monsterinsights_sitenote_active":false,"_monsterinsights_sitenote_note":"","_monsterinsights_sitenote_category":0},"product_brand":[],"product_cat":[12305,12304],"product_tag":[],"class_list":{"0":"post-769955","1":"product","2":"type-product","3":"status-publish","5":"product_cat-dunya-tarihi","6":"product_cat-tarih","7":"pa_cilt-ciltsiz","8":"pa_tur-kitap","9":"pa_yayinevi-sumer-yayin","10":"pa_yazar-pat-brewer","12":"first","13":"instock","14":"sale","15":"shipping-taxable","16":"purchasable","17":"product-type-simple"},"_links":{"self":[{"href":"https:\/\/roveyayinevi.com.tr\/index.php\/wp-json\/wp\/v2\/product\/769955","targetHints":{"allow":["GET"]}}],"collection":[{"href":"https:\/\/roveyayinevi.com.tr\/index.php\/wp-json\/wp\/v2\/product"}],"about":[{"href":"https:\/\/roveyayinevi.com.tr\/index.php\/wp-json\/wp\/v2\/types\/product"}],"wp:attachment":[{"href":"https:\/\/roveyayinevi.com.tr\/index.php\/wp-json\/wp\/v2\/media?parent=769955"}],"wp:term":[{"taxonomy":"product_brand","embeddable":true,"href":"https:\/\/roveyayinevi.com.tr\/index.php\/wp-json\/wp\/v2\/product_brand?post=769955"},{"taxonomy":"product_cat","embeddable":true,"href":"https:\/\/roveyayinevi.com.tr\/index.php\/wp-json\/wp\/v2\/product_cat?post=769955"},{"taxonomy":"product_tag","embeddable":true,"href":"https:\/\/roveyayinevi.com.tr\/index.php\/wp-json\/wp\/v2\/product_tag?post=769955"}],"curies":[{"name":"wp","href":"https:\/\/api.w.org\/{rel}","templated":true}]}}