{"id":769952,"date":"2025-08-28T14:12:25","date_gmt":"2025-08-28T11:12:25","guid":{"rendered":"https:\/\/roveyayinevi.com.tr\/index.php\/urun\/duanin-gucu\/"},"modified":"2026-04-15T03:36:27","modified_gmt":"2026-04-15T00:36:27","slug":"duanin-gucu","status":"publish","type":"product","link":"https:\/\/roveyayinevi.com.tr\/index.php\/urun\/duanin-gucu\/","title":{"rendered":"Duan\u0131n G\u00fcc\u00fc"},"content":{"rendered":"<p>\u201cDualar\u0131n kap\u0131lar\u0131 a\u00e7ma kudreti vard\u0131r; bu kitap, Allah\u2019\u0131n kap\u0131lar\u0131 a\u00e7mas\u0131n\u0131 dileyenler i\u00e7in b\u00fcy\u00fck bir nimet.\u201d\u2013 M\u00fcft\u00fc Menk\u0130mk\u00e2ns\u0131z g\u00f6r\u00fcnen, dua ile m\u00fcmk\u00fcn h\u00e2le gelebilir.Sunday Times \u00e7ok satan yazar\u0131 Aliyah Umm Raiyaan, bu kitapta duan\u0131n hayat\u0131 nas\u0131l d\u00f6n\u00fc\u015ft\u00fcrebilece\u011fini ger\u00e7ek hik\u00e2yeler e\u015fli\u011finde anlat\u0131yor. El-Muc\u00eeb (Dualara Kar\u015f\u0131l\u0131k Veren) ile kuraca\u011f\u0131n ba\u011f\u0131n, ruhunu nas\u0131l g\u00fc\u00e7lendirece\u011fini \u00f6\u011fretiyor.&#8221;Duan\u0131n G\u00fcc\u00fc&#8221;, dua prati\u011fini derinle\u015ftirmek, Rabbiyle diyalo\u011funu yeniden in\u015fa etmek, tam bir imanla O\u2019na y\u00f6nelmek ve Allah\u2019\u0131n her daim m\u00fckemmel bir plan\u0131 oldu\u011funu bilerek huzurbulmak isteyen herkes i\u00e7in yaz\u0131ld\u0131.Dua, sadece istemek de\u011fil; Allah\u2019a g\u00fcvenerek teslim olmakt\u0131r. \u015eimdi, o g\u00fcveni kalbine nak\u015fetme vakti. <\/p>\n","protected":false},"excerpt":{"rendered":"<p>\u201cDualar\u0131n kap\u0131lar\u0131 a\u00e7ma kudreti vard\u0131r; bu kitap, Allah\u2019\u0131n kap\u0131lar\u0131 a\u00e7mas\u0131n\u0131 dileyenler i\u00e7in b\u00fcy\u00fck bir nimet.\u201d\u2013 M\u00fcft\u00fc Menk\u0130mk\u00e2ns\u0131z g\u00f6r\u00fcnen, dua ile m\u00fcmk\u00fcn h\u00e2le gelebilir.Sunday Times \u00e7ok satan<span class=\"excerpt-hellip\"> [\u2026]<\/span><\/p>\n","protected":false},"featured_media":0,"template":"","meta":{"_monsterinsights_skip_tracking":false,"_monsterinsights_sitenote_active":false,"_monsterinsights_sitenote_note":"","_monsterinsights_sitenote_category":0},"product_brand":[],"product_cat":[12777,12291],"product_tag":[],"class_list":{"0":"post-769952","1":"product","2":"type-product","3":"status-publish","5":"product_cat-deneme","6":"product_cat-edebiyat","7":"pa_cilt-ciltsiz","8":"pa_tur-kitap","9":"pa_yayinevi-profil-kitap","10":"pa_yazar-aliyah-umm-raiyaan","12":"first","13":"instock","14":"sale","15":"shipping-taxable","16":"purchasable","17":"product-type-simple"},"_links":{"self":[{"href":"https:\/\/roveyayinevi.com.tr\/index.php\/wp-json\/wp\/v2\/product\/769952","targetHints":{"allow":["GET"]}}],"collection":[{"href":"https:\/\/roveyayinevi.com.tr\/index.php\/wp-json\/wp\/v2\/product"}],"about":[{"href":"https:\/\/roveyayinevi.com.tr\/index.php\/wp-json\/wp\/v2\/types\/product"}],"wp:attachment":[{"href":"https:\/\/roveyayinevi.com.tr\/index.php\/wp-json\/wp\/v2\/media?parent=769952"}],"wp:term":[{"taxonomy":"product_brand","embeddable":true,"href":"https:\/\/roveyayinevi.com.tr\/index.php\/wp-json\/wp\/v2\/product_brand?post=769952"},{"taxonomy":"product_cat","embeddable":true,"href":"https:\/\/roveyayinevi.com.tr\/index.php\/wp-json\/wp\/v2\/product_cat?post=769952"},{"taxonomy":"product_tag","embeddable":true,"href":"https:\/\/roveyayinevi.com.tr\/index.php\/wp-json\/wp\/v2\/product_tag?post=769952"}],"curies":[{"name":"wp","href":"https:\/\/api.w.org\/{rel}","templated":true}]}}