{"id":769951,"date":"2025-08-28T14:12:23","date_gmt":"2025-08-28T11:12:23","guid":{"rendered":"https:\/\/roveyayinevi.com.tr\/index.php\/urun\/allahim-seninle-konusmaliyim\/"},"modified":"2026-04-15T03:36:27","modified_gmt":"2026-04-15T00:36:27","slug":"allahim-seninle-konusmaliyim","status":"publish","type":"product","link":"https:\/\/roveyayinevi.com.tr\/index.php\/urun\/allahim-seninle-konusmaliyim\/","title":{"rendered":"Allah&#8217;\u0131m Seninle Konu\u015fmal\u0131y\u0131m"},"content":{"rendered":"<p>SUNDAY TIMES \u00c7OK SATANLAR L\u0130STES\u0130NDEN   Allah\u2019\u0131m Seninle Konu\u015fmal\u0131y\u0131m   Aliyah Umm Raiyaan, \u0130slam\u2019\u0131 se\u00e7mi\u015f biri olarak, ki\u015fisel deneyimlerinden s\u00fcz\u00fclenleri samimi anlat\u0131m\u0131yla payla\u015farak sizi hem kendisiyle hem de y\u00fcce Allah\u2019la koyu bir sohbete davet ediyor. \u015e\u00fck\u00fcr, sab\u0131r, dua, \u00f6z sevgi, kabullenme\u2026 Her yaz\u0131da ufuk a\u00e7an bir konuyu ele alan yazar, ya\u015fanm\u0131\u015f hik\u00e2yeler e\u015fli\u011finde okuruna yeni bir bak\u0131\u015f a\u00e7\u0131s\u0131 sunuyor. Bir ay boyunca okunabilecek otuz yaz\u0131; ge\u00e7mi\u015finizle y\u00fczle\u015fmenize, bug\u00fcn\u00fcn\u00fcz\u00fc anlamland\u0131rman\u0131za ve gelece\u011finizi ahiret odakl\u0131 planlaman\u0131za rehberlik edecek. Ayetler, hadisler ve hikmet dolu al\u0131nt\u0131larla desteklenen bu metinler, ruhunuzu ve zihninizi besleyip sizi harekete ge\u00e7irecek. G\u00fcnl\u00fck yazma te\u015fvikleri, dua etme al\u0131\u015fkanl\u0131\u011f\u0131 kazand\u0131ran y\u00f6nlendirmeler ve d\u00fc\u015f\u00fcnme egzersizleriyle i\u00e7 d\u00fcnyan\u0131z\u0131 zenginle\u015ftireceksiniz. Bu kitap, ramazan\u0131n, manevi bir yenilenme i\u00e7in k\u0131ymetli bir f\u0131rsat oldu\u011funu hat\u0131rlat\u0131yor. Daha da \u00f6tesi hayat\u0131n her g\u00fcn\u00fcn\u00fcn, Allah\u2019la konu\u015fmak ve O\u2019na yakla\u015fmak i\u00e7in bir arma\u011fan oldu\u011funu fark ettiriyor.   \u201cM\u00fcbarek ay boyunca size e\u015flik edecek e\u015fsiz ve anlaml\u0131 bir g\u00fcnl\u00fck.\u201d(Dr. Omar Suleiman) <\/p>\n","protected":false},"excerpt":{"rendered":"<p>SUNDAY TIMES \u00c7OK SATANLAR L\u0130STES\u0130NDEN Allah\u2019\u0131m Seninle Konu\u015fmal\u0131y\u0131m Aliyah Umm Raiyaan, \u0130slam\u2019\u0131 se\u00e7mi\u015f biri olarak, ki\u015fisel deneyimlerinden s\u00fcz\u00fclenleri samimi anlat\u0131m\u0131yla payla\u015farak sizi hem kendisiyle hem de<span class=\"excerpt-hellip\"> [\u2026]<\/span><\/p>\n","protected":false},"featured_media":0,"template":"","meta":{"_monsterinsights_skip_tracking":false,"_monsterinsights_sitenote_active":false,"_monsterinsights_sitenote_note":"","_monsterinsights_sitenote_category":0},"product_brand":[],"product_cat":[12777,12291],"product_tag":[],"class_list":{"0":"post-769951","1":"product","2":"type-product","3":"status-publish","5":"product_cat-deneme","6":"product_cat-edebiyat","7":"pa_cilt-ciltsiz","8":"pa_tur-kitap","9":"pa_yayinevi-profil-kitap","10":"pa_yazar-aliyah-umm-raiyaan","12":"first","13":"instock","14":"sale","15":"shipping-taxable","16":"purchasable","17":"product-type-simple"},"_links":{"self":[{"href":"https:\/\/roveyayinevi.com.tr\/index.php\/wp-json\/wp\/v2\/product\/769951","targetHints":{"allow":["GET"]}}],"collection":[{"href":"https:\/\/roveyayinevi.com.tr\/index.php\/wp-json\/wp\/v2\/product"}],"about":[{"href":"https:\/\/roveyayinevi.com.tr\/index.php\/wp-json\/wp\/v2\/types\/product"}],"wp:attachment":[{"href":"https:\/\/roveyayinevi.com.tr\/index.php\/wp-json\/wp\/v2\/media?parent=769951"}],"wp:term":[{"taxonomy":"product_brand","embeddable":true,"href":"https:\/\/roveyayinevi.com.tr\/index.php\/wp-json\/wp\/v2\/product_brand?post=769951"},{"taxonomy":"product_cat","embeddable":true,"href":"https:\/\/roveyayinevi.com.tr\/index.php\/wp-json\/wp\/v2\/product_cat?post=769951"},{"taxonomy":"product_tag","embeddable":true,"href":"https:\/\/roveyayinevi.com.tr\/index.php\/wp-json\/wp\/v2\/product_tag?post=769951"}],"curies":[{"name":"wp","href":"https:\/\/api.w.org\/{rel}","templated":true}]}}