{"id":769949,"date":"2025-08-28T14:12:19","date_gmt":"2025-08-28T11:12:19","guid":{"rendered":"https:\/\/roveyayinevi.com.tr\/index.php\/urun\/ciftlik-say-bul-eglen\/"},"modified":"2026-04-15T03:36:27","modified_gmt":"2026-04-15T00:36:27","slug":"ciftlik-say-bul-eglen","status":"publish","type":"product","link":"https:\/\/roveyayinevi.com.tr\/index.php\/urun\/ciftlik-say-bul-eglen\/","title":{"rendered":"\u00c7iftlik &#8211; Say Bul E\u011flen"},"content":{"rendered":"<p>Bu e\u011flenceli kitapla saymaya ba\u015fla, yeni kelimeler ke\u015ffet,Renkleri ve \u015fekilleri \u00f6\u011fren. Ke\u015ffetmeye haz\u0131r m\u0131s\u0131n? &#8220;Say Bul E\u011flen: \u00c7iftlik&#8221; kitab\u0131, \u00e7ocuklara e\u011flenceli ve \u00f6\u011fretici bir yolculuk sunuyor!Bu renkli ve dikkat \u00e7ekici kitap, minik okurlar\u0131n \u00e7iftlik hayat\u0131n\u0131 \u00f6\u011frenmesine, yeni kelimeler ke\u015ffetmesine ve renkler ile \u015fekilleri tan\u0131mas\u0131na yard\u0131mc\u0131 oluyor. \u00c7iftlikte ya\u015fayan hayvanlar\u0131 ke\u015ffederken hem e\u011flenecek hem de \u00f6\u011frenmenin keyfini \u00e7\u0131karacaklar.Dayan\u0131kl\u0131 ve kaliteli boardbook format\u0131yla haz\u0131rlanan bu kitap, k\u00fc\u00e7\u00fck eller i\u00e7in ideal! 12 sayfal\u0131k i\u00e7eri\u011fiyle \u00e7ocuklar\u0131n kolayca ilgisini \u00e7ekecek, e\u011flenceli tasar\u0131mlar\u0131yla onlar\u0131 ke\u015ffetmeye te\u015fvik edecek.E\u011fer \u00e7ocu\u011funuzun hem \u00f6\u011frenmesini hem de e\u011flenmesini istiyorsan\u0131z, &#8220;Say Bul E\u011flen: \u00c7iftlik&#8221; tam da arad\u0131\u011f\u0131n\u0131z kitap!<\/p>\n","protected":false},"excerpt":{"rendered":"<p>Bu e\u011flenceli kitapla saymaya ba\u015fla, yeni kelimeler ke\u015ffet,Renkleri ve \u015fekilleri \u00f6\u011fren. Ke\u015ffetmeye haz\u0131r m\u0131s\u0131n? &#8220;Say Bul E\u011flen: \u00c7iftlik&#8221; kitab\u0131, \u00e7ocuklara e\u011flenceli ve \u00f6\u011fretici bir yolculuk sunuyor!Bu<span class=\"excerpt-hellip\"> [\u2026]<\/span><\/p>\n","protected":false},"featured_media":0,"template":"","meta":{"_monsterinsights_skip_tracking":false,"_monsterinsights_sitenote_active":false,"_monsterinsights_sitenote_note":"","_monsterinsights_sitenote_category":0},"product_brand":[],"product_cat":[12274,12518],"product_tag":[],"class_list":{"0":"post-769949","1":"product","2":"type-product","3":"status-publish","5":"product_cat-cocuk-ve-genclik-kitaplari","6":"product_cat-okul-oncesi-kitaplar","7":"pa_cilt-ciltli","8":"pa_tur-kitap","9":"pa_yayinevi-ucan-fil-yayinlari","10":"pa_yazar-kolektif","12":"first","13":"instock","14":"sale","15":"shipping-taxable","16":"purchasable","17":"product-type-simple"},"_links":{"self":[{"href":"https:\/\/roveyayinevi.com.tr\/index.php\/wp-json\/wp\/v2\/product\/769949","targetHints":{"allow":["GET"]}}],"collection":[{"href":"https:\/\/roveyayinevi.com.tr\/index.php\/wp-json\/wp\/v2\/product"}],"about":[{"href":"https:\/\/roveyayinevi.com.tr\/index.php\/wp-json\/wp\/v2\/types\/product"}],"wp:attachment":[{"href":"https:\/\/roveyayinevi.com.tr\/index.php\/wp-json\/wp\/v2\/media?parent=769949"}],"wp:term":[{"taxonomy":"product_brand","embeddable":true,"href":"https:\/\/roveyayinevi.com.tr\/index.php\/wp-json\/wp\/v2\/product_brand?post=769949"},{"taxonomy":"product_cat","embeddable":true,"href":"https:\/\/roveyayinevi.com.tr\/index.php\/wp-json\/wp\/v2\/product_cat?post=769949"},{"taxonomy":"product_tag","embeddable":true,"href":"https:\/\/roveyayinevi.com.tr\/index.php\/wp-json\/wp\/v2\/product_tag?post=769949"}],"curies":[{"name":"wp","href":"https:\/\/api.w.org\/{rel}","templated":true}]}}