{"id":769946,"date":"2025-08-28T14:12:12","date_gmt":"2025-08-28T11:12:12","guid":{"rendered":"https:\/\/roveyayinevi.com.tr\/index.php\/urun\/jasat\/"},"modified":"2026-04-15T03:36:27","modified_gmt":"2026-04-15T00:36:27","slug":"jasat","status":"publish","type":"product","link":"https:\/\/roveyayinevi.com.tr\/index.php\/urun\/jasat\/","title":{"rendered":"Jasat"},"content":{"rendered":"<p>\u0130stanbul e\u015fraf\u0131n\u0131n \u00f6nde gelen \u0130smailo\u011flu ailesinin gen\u00e7 ve g\u00fczel bir ferdi olan Cansu\u2019nun cesedi ormanl\u0131k alanda bulunur. Ne ilgin\u00e7 tesad\u00fcft\u00fcr ki Cansu\u2019nun annesi Alina\u2019n\u0131n cesedi de on sekiz y\u0131l \u00f6nce ayn\u0131 ormanl\u0131k alanda ve benzer \u015fekilde bulunmu\u015ftur. Ac\u0131l\u0131 aile, ne kadar tuhaf g\u00f6r\u00fcnse de olay\u0131 soru\u015fturan JASAT\u2019\u0131n ula\u015ft\u0131\u011f\u0131 sonucu kabullenir. Buna g\u00f6re Cansu da t\u0131pk\u0131 annesi gibi ay\u0131 sald\u0131r\u0131s\u0131 sonucu hayat\u0131n\u0131 kaybetmi\u015ftir. Bu durum \u0130smailo\u011flu ailesinin gen\u00e7 veliaht\u0131 Tuna\u2019n\u0131n bir t\u00fcrl\u00fc i\u00e7ine sinmez. Tuna, babas\u0131 Abd\u00fclaziz Bey\u2019i ikna edip JASAT komutan\u0131 Emrah\u2019tan olay\u0131 tekrar inceletmesini ister. Y\u00fczba\u015f\u0131 Emrah, kurdu\u011fu \u00f6zel ekiple ara\u015ft\u0131rmalar\u0131na ba\u015flar. Ara\u015ft\u0131rma derinle\u015ftik\u00e7e son derece ilgin\u00e7 ve \u015fa\u015f\u0131rt\u0131c\u0131 sonu\u00e7lara ula\u015f\u0131l\u0131r. Emrah Do\u011fru, sizi \u0130stanbul ve Viyana aras\u0131nda gidip gelen bir a\u015fk ve cinayet \u00f6yk\u00fcs\u00fcn\u00fcn izlerini takip etmeye davet ediyor. S\u00fcrprizlerle dolu bu yolculuk nefesinizi kesecek.<\/p>\n","protected":false},"excerpt":{"rendered":"<p>\u0130stanbul e\u015fraf\u0131n\u0131n \u00f6nde gelen \u0130smailo\u011flu ailesinin gen\u00e7 ve g\u00fczel bir ferdi olan Cansu\u2019nun cesedi ormanl\u0131k alanda bulunur. Ne ilgin\u00e7 tesad\u00fcft\u00fcr ki Cansu\u2019nun annesi Alina\u2019n\u0131n cesedi de<span class=\"excerpt-hellip\"> [\u2026]<\/span><\/p>\n","protected":false},"featured_media":0,"template":"","meta":{"_monsterinsights_skip_tracking":false,"_monsterinsights_sitenote_active":false,"_monsterinsights_sitenote_note":"","_monsterinsights_sitenote_category":0},"product_brand":[],"product_cat":[12291,12711],"product_tag":[],"class_list":{"0":"post-769946","1":"product","2":"type-product","3":"status-publish","5":"product_cat-edebiyat","6":"product_cat-roman-oyku","7":"pa_cilt-ciltsiz","8":"pa_tur-kitap","9":"pa_yayinevi-mona-kitap","10":"pa_yazar-emrah-dogru","12":"first","13":"instock","14":"sale","15":"shipping-taxable","16":"purchasable","17":"product-type-simple"},"_links":{"self":[{"href":"https:\/\/roveyayinevi.com.tr\/index.php\/wp-json\/wp\/v2\/product\/769946","targetHints":{"allow":["GET"]}}],"collection":[{"href":"https:\/\/roveyayinevi.com.tr\/index.php\/wp-json\/wp\/v2\/product"}],"about":[{"href":"https:\/\/roveyayinevi.com.tr\/index.php\/wp-json\/wp\/v2\/types\/product"}],"wp:attachment":[{"href":"https:\/\/roveyayinevi.com.tr\/index.php\/wp-json\/wp\/v2\/media?parent=769946"}],"wp:term":[{"taxonomy":"product_brand","embeddable":true,"href":"https:\/\/roveyayinevi.com.tr\/index.php\/wp-json\/wp\/v2\/product_brand?post=769946"},{"taxonomy":"product_cat","embeddable":true,"href":"https:\/\/roveyayinevi.com.tr\/index.php\/wp-json\/wp\/v2\/product_cat?post=769946"},{"taxonomy":"product_tag","embeddable":true,"href":"https:\/\/roveyayinevi.com.tr\/index.php\/wp-json\/wp\/v2\/product_tag?post=769946"}],"curies":[{"name":"wp","href":"https:\/\/api.w.org\/{rel}","templated":true}]}}