{"id":769945,"date":"2025-08-28T14:12:10","date_gmt":"2025-08-28T11:12:10","guid":{"rendered":"https:\/\/roveyayinevi.com.tr\/index.php\/urun\/national-geographic-kids-zurafalar\/"},"modified":"2026-04-15T03:36:27","modified_gmt":"2026-04-15T00:36:27","slug":"national-geographic-kids-zurafalar","status":"publish","type":"product","link":"https:\/\/roveyayinevi.com.tr\/index.php\/urun\/national-geographic-kids-zurafalar\/","title":{"rendered":"National Geographic Kids &#8211; Z\u00fcrafalar"},"content":{"rendered":"<p>Z\u00fcrafalarla Afrika Savanas\u0131n\u0131 Ke\u015ffedin! Bu heyecan verici okuma kitab\u0131yla Afrika savanas\u0131nda z\u00fcrafalarla birlikte unutulmaz bir yolculu\u011fa \u00e7\u0131k\u0131n! G\u00f6z al\u0131c\u0131 ve ilgi \u00e7ekici foto\u011fraflarla dolu bu kitap sayesinde, \u00e7ocuklar bu muhte\u015fem hayvanlar hakk\u0131nda harika bilgiler \u00f6\u011frenecek. Seviye 1 Okuma Kitab\u0131, yeni okumaya ba\u015flayan \u00e7ocuklar i\u00e7in \u00f6zenle derecelendirilmi\u015f metinler i\u00e7erir ve hem ba\u011f\u0131ms\u0131z okumay\u0131 desteklemek hem de y\u00fcksek sesle okumak i\u00e7in m\u00fckemmel bir deneyim sunar. Gelece\u011fin bilim insanlar\u0131n\u0131 ve k\u00e2\u015fiflerini te\u015fvik etmek i\u00e7in harika bir ba\u015flang\u0131\u00e7! <\/p>\n","protected":false},"excerpt":{"rendered":"<p>Z\u00fcrafalarla Afrika Savanas\u0131n\u0131 Ke\u015ffedin! Bu heyecan verici okuma kitab\u0131yla Afrika savanas\u0131nda z\u00fcrafalarla birlikte unutulmaz bir yolculu\u011fa \u00e7\u0131k\u0131n! G\u00f6z al\u0131c\u0131 ve ilgi \u00e7ekici foto\u011fraflarla dolu bu kitap<span class=\"excerpt-hellip\"> [\u2026]<\/span><\/p>\n","protected":false},"featured_media":0,"template":"","meta":{"_monsterinsights_skip_tracking":false,"_monsterinsights_sitenote_active":false,"_monsterinsights_sitenote_note":"","_monsterinsights_sitenote_category":0},"product_brand":[],"product_cat":[13829,12274],"product_tag":[],"class_list":{"0":"post-769945","1":"product","2":"type-product","3":"status-publish","5":"product_cat-bilimsel-kitaplar","6":"product_cat-cocuk-ve-genclik-kitaplari","7":"pa_cilt-ciltsiz","8":"pa_tur-kitap","9":"pa_yayinevi-beta-kids","10":"pa_yazar-laura-marsh","12":"first","13":"instock","14":"sale","15":"shipping-taxable","16":"purchasable","17":"product-type-simple"},"_links":{"self":[{"href":"https:\/\/roveyayinevi.com.tr\/index.php\/wp-json\/wp\/v2\/product\/769945","targetHints":{"allow":["GET"]}}],"collection":[{"href":"https:\/\/roveyayinevi.com.tr\/index.php\/wp-json\/wp\/v2\/product"}],"about":[{"href":"https:\/\/roveyayinevi.com.tr\/index.php\/wp-json\/wp\/v2\/types\/product"}],"wp:attachment":[{"href":"https:\/\/roveyayinevi.com.tr\/index.php\/wp-json\/wp\/v2\/media?parent=769945"}],"wp:term":[{"taxonomy":"product_brand","embeddable":true,"href":"https:\/\/roveyayinevi.com.tr\/index.php\/wp-json\/wp\/v2\/product_brand?post=769945"},{"taxonomy":"product_cat","embeddable":true,"href":"https:\/\/roveyayinevi.com.tr\/index.php\/wp-json\/wp\/v2\/product_cat?post=769945"},{"taxonomy":"product_tag","embeddable":true,"href":"https:\/\/roveyayinevi.com.tr\/index.php\/wp-json\/wp\/v2\/product_tag?post=769945"}],"curies":[{"name":"wp","href":"https:\/\/api.w.org\/{rel}","templated":true}]}}