{"id":769944,"date":"2025-08-28T14:12:08","date_gmt":"2025-08-28T11:12:08","guid":{"rendered":"https:\/\/roveyayinevi.com.tr\/index.php\/urun\/national-geographic-kids-yagmur-ormanlari\/"},"modified":"2026-04-15T03:36:27","modified_gmt":"2026-04-15T00:36:27","slug":"national-geographic-kids-yagmur-ormanlari","status":"publish","type":"product","link":"https:\/\/roveyayinevi.com.tr\/index.php\/urun\/national-geographic-kids-yagmur-ormanlari\/","title":{"rendered":"National Geographic Kids &#8211; Ya\u011fmur Ormanlar\u0131"},"content":{"rendered":"<p>Ya\u011fmur ormanlar\u0131 gezegenin yaln\u0131zca k\u00fc\u00e7\u00fck bir b\u00f6l\u00fcm\u00fcn\u00fc kaplar, ancak d\u00fcnyadaki en e\u015fsiz bitki ve hayvan t\u00fcrlerine ev sahipli\u011fi yapar. G\u00f6z al\u0131c\u0131 ve ilgi \u00e7ekici foto\u011fraflarla dolu bu yeni Seviye 2 okuma kitab\u0131, ya\u011fmur ormanlar\u0131n\u0131n katmanlar\u0131n\u0131, \u0131l\u0131man ve tropikal ya\u011fmur ormanlar\u0131 aras\u0131ndaki farklar\u0131 ve bu ekosistemlerde ya\u015fayan baz\u0131 inan\u0131lmaz hayvanlar\u0131 ke\u015ffetmenizi sa\u011fl\u0131yor. National Geographic okuma serisi, uzmanlar taraf\u0131ndan incelenmi\u015f metinleri, \u00e7arp\u0131c\u0131 g\u00f6rselleri ve e\u011flenceli okuma yakla\u015f\u0131m\u0131yla \u00e7ocuklar, ebeveynler ve e\u011fitimciler i\u00e7in ba\u015far\u0131l\u0131 bir form\u00fcl sunuyor. Seviye 2 metinleri, ba\u011f\u0131ms\u0131z okumaya haz\u0131r \u00e7ocuklar i\u00e7in hem anla\u015f\u0131l\u0131r hem de kapsaml\u0131 bilgiler i\u00e7ererek gelece\u011fin bilim insanlar\u0131n\u0131 ve k\u00e2\u015fiflerini te\u015fvik etmek i\u00e7in m\u00fckemmel bir kaynak olu\u015fturuyor!<\/p>\n","protected":false},"excerpt":{"rendered":"<p>Ya\u011fmur ormanlar\u0131 gezegenin yaln\u0131zca k\u00fc\u00e7\u00fck bir b\u00f6l\u00fcm\u00fcn\u00fc kaplar, ancak d\u00fcnyadaki en e\u015fsiz bitki ve hayvan t\u00fcrlerine ev sahipli\u011fi yapar. G\u00f6z al\u0131c\u0131 ve ilgi \u00e7ekici foto\u011fraflarla dolu<span class=\"excerpt-hellip\"> [\u2026]<\/span><\/p>\n","protected":false},"featured_media":0,"template":"","meta":{"_monsterinsights_skip_tracking":false,"_monsterinsights_sitenote_active":false,"_monsterinsights_sitenote_note":"","_monsterinsights_sitenote_category":0},"product_brand":[],"product_cat":[13829,12274],"product_tag":[],"class_list":{"0":"post-769944","1":"product","2":"type-product","3":"status-publish","5":"product_cat-bilimsel-kitaplar","6":"product_cat-cocuk-ve-genclik-kitaplari","7":"pa_cilt-ciltsiz","8":"pa_tur-kitap","9":"pa_yayinevi-beta-kids","10":"pa_yazar-andrea-silen","12":"first","13":"instock","14":"sale","15":"shipping-taxable","16":"purchasable","17":"product-type-simple"},"_links":{"self":[{"href":"https:\/\/roveyayinevi.com.tr\/index.php\/wp-json\/wp\/v2\/product\/769944","targetHints":{"allow":["GET"]}}],"collection":[{"href":"https:\/\/roveyayinevi.com.tr\/index.php\/wp-json\/wp\/v2\/product"}],"about":[{"href":"https:\/\/roveyayinevi.com.tr\/index.php\/wp-json\/wp\/v2\/types\/product"}],"wp:attachment":[{"href":"https:\/\/roveyayinevi.com.tr\/index.php\/wp-json\/wp\/v2\/media?parent=769944"}],"wp:term":[{"taxonomy":"product_brand","embeddable":true,"href":"https:\/\/roveyayinevi.com.tr\/index.php\/wp-json\/wp\/v2\/product_brand?post=769944"},{"taxonomy":"product_cat","embeddable":true,"href":"https:\/\/roveyayinevi.com.tr\/index.php\/wp-json\/wp\/v2\/product_cat?post=769944"},{"taxonomy":"product_tag","embeddable":true,"href":"https:\/\/roveyayinevi.com.tr\/index.php\/wp-json\/wp\/v2\/product_tag?post=769944"}],"curies":[{"name":"wp","href":"https:\/\/api.w.org\/{rel}","templated":true}]}}