{"id":769943,"date":"2025-08-28T14:12:06","date_gmt":"2025-08-28T11:12:06","guid":{"rendered":"https:\/\/roveyayinevi.com.tr\/index.php\/urun\/national-geographic-kids-tarih-oncesi-deniz-canavarlari\/"},"modified":"2026-04-15T03:36:27","modified_gmt":"2026-04-15T00:36:27","slug":"national-geographic-kids-tarih-oncesi-deniz-canavarlari","status":"publish","type":"product","link":"https:\/\/roveyayinevi.com.tr\/index.php\/urun\/national-geographic-kids-tarih-oncesi-deniz-canavarlari\/","title":{"rendered":"National Geographic Kids &#8211; Tarih \u00d6ncesi Deniz Canavarlar\u0131"},"content":{"rendered":"<p>Megalodon ve Tarih \u00d6ncesi Okyanus Canavarlar\u0131yla Tan\u0131\u015f\u0131n! D\u00fcnyan\u0131n en b\u00fcy\u00fck, en korkutucu ve en haval\u0131 tarih \u00f6ncesi deniz canl\u0131lar\u0131yla tan\u0131\u015fmaya haz\u0131r m\u0131s\u0131n\u0131z? Di\u015fler, kuyruklar ve pullar! Aman tanr\u0131m! Yeni okumaya ba\u015flayan \u00e7ocuklar\u0131, dev b\u00f6ceklerin ya\u015fad\u0131\u011f\u0131 ve denizlerin canavarlar taraf\u0131ndan y\u00f6netildi\u011fi eski \u00e7a\u011flara g\u00f6t\u00fcren bu Seviye 2 Okuma Kitab\u0131, antik okyanuslar\u0131n en vah\u015fi avc\u0131lar\u0131 hakk\u0131nda inan\u0131lmaz bilgilerle dolu! Megalodon&#8217;u, yani \u015fimdiye kadar ya\u015fam\u0131\u015f en b\u00fcy\u00fck k\u00f6pek bal\u0131\u011f\u0131n\u0131 ke\u015ffedin; insan boyutundaki dev akrep Jaekelopterus hakk\u0131nda bilgi edinin; testere gibi di\u015flere sahip garip bal\u0131k Helicoprion ile tan\u0131\u015f\u0131n ve daha bir\u00e7ok inan\u0131lmaz deniz yarat\u0131\u011f\u0131n\u0131 \u00f6\u011frenin! National Geographic Kids okuma serisi, uzman e\u011fitimciler taraf\u0131ndan titizlikle incelenmi\u015f metinleri ve muhte\u015fem National Geographic foto\u011fraflar\u0131yla dikkat \u00e7eker. Seviye 2 kitaplar\u0131, \u00e7ocuklar\u0131n okuma becerilerini, kelime da\u011farc\u0131klar\u0131n\u0131 ve g\u00fcvenlerini geli\u015ftirmelerine yard\u0131mc\u0131 olacak \u015fekilde biraz daha zorlu metinler i\u00e7erir. \u00dcnl\u00fc paleo-ill\u00fcstrat\u00f6r Franco Tempesta taraf\u0131ndan haz\u0131rlanan inan\u0131lmaz \u00e7izimler ve tarih \u00f6ncesi deniz canl\u0131lar\u0131n\u0131n en haval\u0131 t\u00fcrleriyle National Geographic Readers: Prehistoric Sea Monsters, \u00e7ocuklar i\u00e7in s\u00fcr\u00fckleyici ve heyecan verici bir okuma deneyimi sunuyor! <\/p>\n","protected":false},"excerpt":{"rendered":"<p>Megalodon ve Tarih \u00d6ncesi Okyanus Canavarlar\u0131yla Tan\u0131\u015f\u0131n! D\u00fcnyan\u0131n en b\u00fcy\u00fck, en korkutucu ve en haval\u0131 tarih \u00f6ncesi deniz canl\u0131lar\u0131yla tan\u0131\u015fmaya haz\u0131r m\u0131s\u0131n\u0131z? Di\u015fler, kuyruklar ve pullar!<span class=\"excerpt-hellip\"> [\u2026]<\/span><\/p>\n","protected":false},"featured_media":0,"template":"","meta":{"_monsterinsights_skip_tracking":false,"_monsterinsights_sitenote_active":false,"_monsterinsights_sitenote_note":"","_monsterinsights_sitenote_category":0},"product_brand":[],"product_cat":[13829,12274],"product_tag":[],"class_list":{"0":"post-769943","1":"product","2":"type-product","3":"status-publish","5":"product_cat-bilimsel-kitaplar","6":"product_cat-cocuk-ve-genclik-kitaplari","7":"pa_cilt-ciltsiz","8":"pa_tur-kitap","9":"pa_yayinevi-beta-kids","10":"pa_yazar-stephanie-warren-drimmer","12":"first","13":"instock","14":"sale","15":"shipping-taxable","16":"purchasable","17":"product-type-simple"},"_links":{"self":[{"href":"https:\/\/roveyayinevi.com.tr\/index.php\/wp-json\/wp\/v2\/product\/769943","targetHints":{"allow":["GET"]}}],"collection":[{"href":"https:\/\/roveyayinevi.com.tr\/index.php\/wp-json\/wp\/v2\/product"}],"about":[{"href":"https:\/\/roveyayinevi.com.tr\/index.php\/wp-json\/wp\/v2\/types\/product"}],"wp:attachment":[{"href":"https:\/\/roveyayinevi.com.tr\/index.php\/wp-json\/wp\/v2\/media?parent=769943"}],"wp:term":[{"taxonomy":"product_brand","embeddable":true,"href":"https:\/\/roveyayinevi.com.tr\/index.php\/wp-json\/wp\/v2\/product_brand?post=769943"},{"taxonomy":"product_cat","embeddable":true,"href":"https:\/\/roveyayinevi.com.tr\/index.php\/wp-json\/wp\/v2\/product_cat?post=769943"},{"taxonomy":"product_tag","embeddable":true,"href":"https:\/\/roveyayinevi.com.tr\/index.php\/wp-json\/wp\/v2\/product_tag?post=769943"}],"curies":[{"name":"wp","href":"https:\/\/api.w.org\/{rel}","templated":true}]}}