{"id":769942,"date":"2025-08-28T14:12:04","date_gmt":"2025-08-28T11:12:04","guid":{"rendered":"https:\/\/roveyayinevi.com.tr\/index.php\/urun\/bir-deha-muharrir\/"},"modified":"2026-04-15T03:36:27","modified_gmt":"2026-04-15T00:36:27","slug":"bir-deha-muharrir","status":"publish","type":"product","link":"https:\/\/roveyayinevi.com.tr\/index.php\/urun\/bir-deha-muharrir\/","title":{"rendered":"Bir  Deha  Muharrir"},"content":{"rendered":"<p>1940\u2019lar\u0131n ba\u015f\u0131nda T\u00fcrkiye\u2019de Yeni Edebiyat dergisinin d\u00fczenledi\u011fi \u201cHalk\u00e7\u0131 Edebiyat ve Realizm\u201d ba\u015fl\u0131kl\u0131 ankete kat\u0131lan Hilmi Ziya \u00dclken, Ahmet Hamdi Tanp\u0131nar ve Sabahattin Ali, ger\u00e7ek\u00e7ili\u011fi romantizm ve do\u011falc\u0131l\u0131k ile ili\u015fkili bir bi\u00e7imde tart\u0131\u015fm\u0131\u015flard\u0131r. Bu tart\u0131\u015fmada Hilmi Ziya \u00dclken, Sabahattin Ali\u2019 den \u201cDeha realist muharrir\u201d diye s\u00f6z eder. Bir yazar, Bir deha yazar, \u00d6nc\u00fc yazar, E\u015finin s\u00f6zleriyle \u201c&#8230;Tuvalette, otob\u00fcste, parkta, konu\u015fmad\u0131\u011f\u0131 her yerde, her zaman \u00e7ok kitap okurdu. \u201dNeden \u00d6nc\u00fc Yazar? \u00d6mer Faruk Toprak Sabahattin Ali\u2019yi anlat\u0131rken: \u201cO d\u00f6nemi ya\u015famayanlar bilmezler, belki g\u00f6zlerinin \u00f6n\u00fcne de getirmeleri g\u00fc\u00e7t\u00fcr. O zaman yay\u0131mlanan her \u00f6yk\u00fcs\u00fc, her kitab\u0131 bir olayd\u0131 onun. (&#8230;) Hemen b\u00fct\u00fcn ayd\u0131nlar, Sabahattin Ali\u2019yi merakla izliyorlard\u0131.\u201d Bir derste edebiyat hocas\u0131 Ali Canip Y\u00f6ntem\u2019e sormu\u015ftur: \u201cHocam, nas\u0131l g\u00fczel yaz\u0131 yaz\u0131l\u0131r? \u201dO da \u201c\u00c7ok okumak laz\u0131m\u201d demi\u015ftir. Ali Canip Y\u00f6ntem\u2019in, Hayat Mecmuas\u0131\u2019nda \u201cEdebiyat Merakl\u0131s\u0131 Bir Gence Mektup\u201d ba\u015fl\u0131kl\u0131 yaz\u0131s\u0131, Sabahattin Ali\u2019 ye ithafen yaz\u0131lm\u0131\u015f ancak bu detay belirtilmeyip isimsiz olarak edebiyat tarihine ge\u00e7mi\u015ftir. Hocas\u0131 Ali Canip Y\u00f6ntem\u2019in \u00f6\u011f\u00fcd\u00fcn\u00fc yerine getirmi\u015f, edebiyat tarihine ad\u0131n\u0131 \u201cBir Deha Muharrir\u201d olarak alt\u0131n harflerle yazd\u0131rm\u0131\u015f  \u00f6nc\u00fc bir yazard\u0131r Sabahattin Ali&#8230;<\/p>\n","protected":false},"excerpt":{"rendered":"<p>1940\u2019lar\u0131n ba\u015f\u0131nda T\u00fcrkiye\u2019de Yeni Edebiyat dergisinin d\u00fczenledi\u011fi \u201cHalk\u00e7\u0131 Edebiyat ve Realizm\u201d ba\u015fl\u0131kl\u0131 ankete kat\u0131lan Hilmi Ziya \u00dclken, Ahmet Hamdi Tanp\u0131nar ve Sabahattin Ali, ger\u00e7ek\u00e7ili\u011fi romantizm ve<span class=\"excerpt-hellip\"> [\u2026]<\/span><\/p>\n","protected":false},"featured_media":0,"template":"","meta":{"_monsterinsights_skip_tracking":false,"_monsterinsights_sitenote_active":false,"_monsterinsights_sitenote_note":"","_monsterinsights_sitenote_category":0},"product_brand":[],"product_cat":[12291],"product_tag":[],"class_list":{"0":"post-769942","1":"product","2":"type-product","3":"status-publish","5":"product_cat-edebiyat","6":"pa_cilt-ciltsiz","7":"pa_tur-kitap","8":"pa_yayinevi-cem-yayinevi","9":"pa_yazar-ufuk-karaman","11":"first","12":"instock","13":"sale","14":"shipping-taxable","15":"purchasable","16":"product-type-simple"},"_links":{"self":[{"href":"https:\/\/roveyayinevi.com.tr\/index.php\/wp-json\/wp\/v2\/product\/769942","targetHints":{"allow":["GET"]}}],"collection":[{"href":"https:\/\/roveyayinevi.com.tr\/index.php\/wp-json\/wp\/v2\/product"}],"about":[{"href":"https:\/\/roveyayinevi.com.tr\/index.php\/wp-json\/wp\/v2\/types\/product"}],"wp:attachment":[{"href":"https:\/\/roveyayinevi.com.tr\/index.php\/wp-json\/wp\/v2\/media?parent=769942"}],"wp:term":[{"taxonomy":"product_brand","embeddable":true,"href":"https:\/\/roveyayinevi.com.tr\/index.php\/wp-json\/wp\/v2\/product_brand?post=769942"},{"taxonomy":"product_cat","embeddable":true,"href":"https:\/\/roveyayinevi.com.tr\/index.php\/wp-json\/wp\/v2\/product_cat?post=769942"},{"taxonomy":"product_tag","embeddable":true,"href":"https:\/\/roveyayinevi.com.tr\/index.php\/wp-json\/wp\/v2\/product_tag?post=769942"}],"curies":[{"name":"wp","href":"https:\/\/api.w.org\/{rel}","templated":true}]}}