{"id":769940,"date":"2025-08-28T14:11:59","date_gmt":"2025-08-28T11:11:59","guid":{"rendered":"https:\/\/roveyayinevi.com.tr\/index.php\/urun\/nalanin-dunyasi-ciltli\/"},"modified":"2026-04-15T03:36:27","modified_gmt":"2026-04-15T00:36:27","slug":"nalanin-dunyasi-ciltli","status":"publish","type":"product","link":"https:\/\/roveyayinevi.com.tr\/index.php\/urun\/nalanin-dunyasi-ciltli\/","title":{"rendered":"Nala\u2019n\u0131n D\u00fcnyas\u0131 (Ciltli)"},"content":{"rendered":"<p>\u201cBazen hayatta arad\u0131\u011f\u0131n\u0131z \u015feyleri siz bulmazs\u0131n\u0131z, onlar sizi bulur.\u201d Kedi yolda\u015f\u0131 Nala\u2019yla birlikte milyonlara ula\u015fan Dean Nicholson\u2019\u0131n (@1bike1world) bisikletle d\u00fcnya turunda ya\u015fad\u0131\u011f\u0131 hayat d\u00f6n\u00fc\u015ft\u00fcren maceralar\u0131n hik\u00e2yesi. 30 ya\u015f\u0131nda s\u0131radan bir i\u015f\u00e7i olan Dean Nicholson \u00fclkesi \u0130sko\u00e7ya\u2019dan bisikletle d\u00fcnya turuna \u00e7\u0131kar. Amac\u0131 d\u00fcnyay\u0131 gezip insanl\u0131k hallerini g\u00f6rerek gen\u00e7lik y\u0131llar\u0131n\u0131 unutulmaz bir deneyimle ta\u00e7land\u0131rmakt\u0131r. Fakat bu yolculuk hi\u00e7 hesapta olmayan hayat derslerine vesile olacakt\u0131r&#8230; Yolculu\u011fun \u00fc\u00e7\u00fcnc\u00fc ay\u0131nda Bosna\u2019n\u0131n da\u011fl\u0131k bir b\u00f6lgesindeki tenha bir yolda terk edilmi\u015f birka\u00e7 ayl\u0131k yavru bir kediye rastlar. Peri\u015fan haldeki minik kedinin etkileyici bak\u0131\u015flar\u0131na ve hazin miyavlamas\u0131na kar\u015f\u0131 koyamaz. Onu bisikletine al\u0131p veterinere g\u00f6t\u00fcr\u00fcr ve sa\u011fl\u0131\u011f\u0131na yeniden kavu\u015fturur. Nala ad\u0131n\u0131 verdi\u011fi kediyle aralar\u0131nda \u00e7ok ge\u00e7meden g\u00fc\u00e7l\u00fc bir ba\u011f olu\u015fur ve ayr\u0131lmaz yol arkada\u015flar\u0131 haline gelirler. Birlikte bisikletle zorlu yollardan ge\u00e7erek Balkanlar\u2019\u0131, Yunanistan\u2019\u0131, T\u00fcrkiye\u2019yi ve nice \u00fclkeyi katederken bu iki kafadar\u0131n hayat\u0131yla beraber daha pek \u00e7ok hayat da de\u011fi\u015fir. Nala\u2019n\u0131n D\u00fcnyas\u0131 yolculu\u011fun d\u00f6n\u00fc\u015ft\u00fcr\u00fcc\u00fc g\u00fcc\u00fcne, kar\u015f\u0131la\u015fmalar\u0131n hikmetine, iyili\u011fin, dostlu\u011fun ve hayat\u0131n anlam\u0131na dair s\u00fcr\u00fckleyici bir yol anlat\u0131s\u0131.<\/p>\n","protected":false},"excerpt":{"rendered":"<p>\u201cBazen hayatta arad\u0131\u011f\u0131n\u0131z \u015feyleri siz bulmazs\u0131n\u0131z, onlar sizi bulur.\u201d Kedi yolda\u015f\u0131 Nala\u2019yla birlikte milyonlara ula\u015fan Dean Nicholson\u2019\u0131n (@1bike1world) bisikletle d\u00fcnya turunda ya\u015fad\u0131\u011f\u0131 hayat d\u00f6n\u00fc\u015ft\u00fcren maceralar\u0131n hik\u00e2yesi.<span class=\"excerpt-hellip\"> [\u2026]<\/span><\/p>\n","protected":false},"featured_media":0,"template":"","meta":{"_monsterinsights_skip_tracking":false,"_monsterinsights_sitenote_active":false,"_monsterinsights_sitenote_note":"","_monsterinsights_sitenote_category":0},"product_brand":[],"product_cat":[18545,12291],"product_tag":[],"class_list":{"0":"post-769940","1":"product","2":"type-product","3":"status-publish","5":"product_cat-anlati","6":"product_cat-edebiyat","7":"pa_cilt-ciltli","8":"pa_tur-kitap","9":"pa_yayinevi-koridor-yayincilik","10":"pa_yazar-dean-nicholson","12":"first","13":"instock","14":"sale","15":"shipping-taxable","16":"purchasable","17":"product-type-simple"},"_links":{"self":[{"href":"https:\/\/roveyayinevi.com.tr\/index.php\/wp-json\/wp\/v2\/product\/769940","targetHints":{"allow":["GET"]}}],"collection":[{"href":"https:\/\/roveyayinevi.com.tr\/index.php\/wp-json\/wp\/v2\/product"}],"about":[{"href":"https:\/\/roveyayinevi.com.tr\/index.php\/wp-json\/wp\/v2\/types\/product"}],"wp:attachment":[{"href":"https:\/\/roveyayinevi.com.tr\/index.php\/wp-json\/wp\/v2\/media?parent=769940"}],"wp:term":[{"taxonomy":"product_brand","embeddable":true,"href":"https:\/\/roveyayinevi.com.tr\/index.php\/wp-json\/wp\/v2\/product_brand?post=769940"},{"taxonomy":"product_cat","embeddable":true,"href":"https:\/\/roveyayinevi.com.tr\/index.php\/wp-json\/wp\/v2\/product_cat?post=769940"},{"taxonomy":"product_tag","embeddable":true,"href":"https:\/\/roveyayinevi.com.tr\/index.php\/wp-json\/wp\/v2\/product_tag?post=769940"}],"curies":[{"name":"wp","href":"https:\/\/api.w.org\/{rel}","templated":true}]}}