{"id":769936,"date":"2025-08-28T14:11:52","date_gmt":"2025-08-28T11:11:52","guid":{"rendered":"https:\/\/roveyayinevi.com.tr\/index.php\/urun\/davranis-bilimleri-2\/"},"modified":"2026-04-15T03:36:27","modified_gmt":"2026-04-15T00:36:27","slug":"davranis-bilimleri-2","status":"publish","type":"product","link":"https:\/\/roveyayinevi.com.tr\/index.php\/urun\/davranis-bilimleri-2\/","title":{"rendered":"Davran\u0131\u015f Bilimleri"},"content":{"rendered":"<p>Davran\u0131\u015f bilimlerinin temel amac\u0131 insan davran\u0131\u015flar\u0131n\u0131 a\u00e7\u0131klayarak \u00f6rg\u00fctte \u00e7al\u0131\u015fanlar ve y\u00f6neticiler aras\u0131ndaki insan ili\u015fkilerini daha \u00fcst d\u00fczeye \u00e7\u0131karma bilgi ve yetene\u011fini ortaya \u00e7\u0131karmakt\u0131r. \u0130nsan davran\u0131\u015f\u0131na psikolojik, sosyolojik, antropolojik, politik vb. olarak bakmak gerekir. Davran\u0131\u015f bilimlerinin genel yararlar\u0131: \u00c7evredeki de\u011fi\u015fikleri yorumlay\u0131p, neler yap\u0131labilece\u011fini g\u00f6rme imkan\u0131 tan\u0131r. \u00d6rg\u00fctlerin \u00e7evresel isteklerine ba\u011fl\u0131 olarak de\u011fi\u015ftirilebilmesine olanak tan\u0131r. <\/p>\n","protected":false},"excerpt":{"rendered":"<p>Davran\u0131\u015f bilimlerinin temel amac\u0131 insan davran\u0131\u015flar\u0131n\u0131 a\u00e7\u0131klayarak \u00f6rg\u00fctte \u00e7al\u0131\u015fanlar ve y\u00f6neticiler aras\u0131ndaki insan ili\u015fkilerini daha \u00fcst d\u00fczeye \u00e7\u0131karma bilgi ve yetene\u011fini ortaya \u00e7\u0131karmakt\u0131r. \u0130nsan davran\u0131\u015f\u0131na psikolojik,<span class=\"excerpt-hellip\"> [\u2026]<\/span><\/p>\n","protected":false},"featured_media":0,"template":"","meta":{"_monsterinsights_skip_tracking":false,"_monsterinsights_sitenote_active":false,"_monsterinsights_sitenote_note":"","_monsterinsights_sitenote_category":0},"product_brand":[],"product_cat":[12567,12566],"product_tag":[],"class_list":{"0":"post-769936","1":"product","2":"type-product","3":"status-publish","5":"product_cat-diger-egitim","6":"product_cat-egitim","7":"pa_cilt-ciltsiz","8":"pa_tur-kitap","9":"pa_yayinevi-gulnar-yayinlari","10":"pa_yazar-emin-ergun-selcuk","12":"first","13":"instock","14":"sale","15":"shipping-taxable","16":"purchasable","17":"product-type-simple"},"_links":{"self":[{"href":"https:\/\/roveyayinevi.com.tr\/index.php\/wp-json\/wp\/v2\/product\/769936","targetHints":{"allow":["GET"]}}],"collection":[{"href":"https:\/\/roveyayinevi.com.tr\/index.php\/wp-json\/wp\/v2\/product"}],"about":[{"href":"https:\/\/roveyayinevi.com.tr\/index.php\/wp-json\/wp\/v2\/types\/product"}],"wp:attachment":[{"href":"https:\/\/roveyayinevi.com.tr\/index.php\/wp-json\/wp\/v2\/media?parent=769936"}],"wp:term":[{"taxonomy":"product_brand","embeddable":true,"href":"https:\/\/roveyayinevi.com.tr\/index.php\/wp-json\/wp\/v2\/product_brand?post=769936"},{"taxonomy":"product_cat","embeddable":true,"href":"https:\/\/roveyayinevi.com.tr\/index.php\/wp-json\/wp\/v2\/product_cat?post=769936"},{"taxonomy":"product_tag","embeddable":true,"href":"https:\/\/roveyayinevi.com.tr\/index.php\/wp-json\/wp\/v2\/product_tag?post=769936"}],"curies":[{"name":"wp","href":"https:\/\/api.w.org\/{rel}","templated":true}]}}