{"id":769934,"date":"2025-08-28T14:11:48","date_gmt":"2025-08-28T11:11:48","guid":{"rendered":"https:\/\/roveyayinevi.com.tr\/index.php\/urun\/enin-problemleri-2\/"},"modified":"2026-04-15T03:36:27","modified_gmt":"2026-04-15T00:36:27","slug":"enin-problemleri-2","status":"publish","type":"product","link":"https:\/\/roveyayinevi.com.tr\/index.php\/urun\/enin-problemleri-2\/","title":{"rendered":"E\u2019nin Problemleri"},"content":{"rendered":"<p>E matematik dersinde s\u0131n\u0131f\u0131n en iyilerinden biriydi. S\u00f6zl\u00fcler d\u0131\u015f\u0131nda! Ne zaman tahtaya kalksa, normalde \u015f\u0131p diye \u00e7\u00f6zebilece\u011fi problemler kar\u015f\u0131s\u0131nda bile donup kal\u0131yordu. \u00dcstelik b\u00fct\u00fcn derslerin s\u00f6zl\u00fclerinde ayn\u0131 durumu ya\u015f\u0131yordu. Matematik problemlerini kolayca \u00e7\u00f6zen E bu problemin i\u00e7inden bir t\u00fcrl\u00fc \u00e7\u0131kam\u0131yordu. Yoksa \u00e7\u00f6z\u00fcm bekleyen tek problem bu de\u011fil miydi? Peki, problemleri s\u0131ralasa\u2026 Annesi ile babas\u0131 i\u015flerden ba\u015f\u0131n\u0131 biraz kald\u0131rsa\u2026 S\u0131n\u0131fta bu kadar dalga konusu olmasa\u2026 Hayat\u0131n matemati\u011fiyle daha kolay ba\u015fa \u00e7\u0131kabilir miydi?Yazar Nazl\u0131 Deniz G\u00fcler potansiyelimizi ke\u015ffetmek ve kendimizi ifade etmek \u00fczerine e\u011flenceli bir \u00f6yk\u00fc anlat\u0131rken,O\u011fuz Demir capcanl\u0131 sahneleriyle bu \u00f6yk\u00fcye \u00f6zg\u00fcn bir boyut kat\u0131yor.<\/p>\n","protected":false},"excerpt":{"rendered":"<p>E matematik dersinde s\u0131n\u0131f\u0131n en iyilerinden biriydi. S\u00f6zl\u00fcler d\u0131\u015f\u0131nda! Ne zaman tahtaya kalksa, normalde \u015f\u0131p diye \u00e7\u00f6zebilece\u011fi problemler kar\u015f\u0131s\u0131nda bile donup kal\u0131yordu. \u00dcstelik b\u00fct\u00fcn derslerin s\u00f6zl\u00fclerinde<span class=\"excerpt-hellip\"> [\u2026]<\/span><\/p>\n","protected":false},"featured_media":0,"template":"","meta":{"_monsterinsights_skip_tracking":false,"_monsterinsights_sitenote_active":false,"_monsterinsights_sitenote_note":"","_monsterinsights_sitenote_category":0},"product_brand":[],"product_cat":[12274,12284],"product_tag":[],"class_list":{"0":"post-769934","1":"product","2":"type-product","3":"status-publish","5":"product_cat-cocuk-ve-genclik-kitaplari","6":"product_cat-hikayeler","7":"pa_cilt-ciltsiz","8":"pa_tur-kitap","9":"pa_yayinevi-can-cocuk-yayinlari","10":"pa_yazar-nazli-deniz-guler","12":"first","13":"instock","14":"sale","15":"shipping-taxable","16":"purchasable","17":"product-type-simple"},"_links":{"self":[{"href":"https:\/\/roveyayinevi.com.tr\/index.php\/wp-json\/wp\/v2\/product\/769934","targetHints":{"allow":["GET"]}}],"collection":[{"href":"https:\/\/roveyayinevi.com.tr\/index.php\/wp-json\/wp\/v2\/product"}],"about":[{"href":"https:\/\/roveyayinevi.com.tr\/index.php\/wp-json\/wp\/v2\/types\/product"}],"wp:attachment":[{"href":"https:\/\/roveyayinevi.com.tr\/index.php\/wp-json\/wp\/v2\/media?parent=769934"}],"wp:term":[{"taxonomy":"product_brand","embeddable":true,"href":"https:\/\/roveyayinevi.com.tr\/index.php\/wp-json\/wp\/v2\/product_brand?post=769934"},{"taxonomy":"product_cat","embeddable":true,"href":"https:\/\/roveyayinevi.com.tr\/index.php\/wp-json\/wp\/v2\/product_cat?post=769934"},{"taxonomy":"product_tag","embeddable":true,"href":"https:\/\/roveyayinevi.com.tr\/index.php\/wp-json\/wp\/v2\/product_tag?post=769934"}],"curies":[{"name":"wp","href":"https:\/\/api.w.org\/{rel}","templated":true}]}}