{"id":769933,"date":"2025-08-28T14:11:47","date_gmt":"2025-08-28T11:11:47","guid":{"rendered":"https:\/\/roveyayinevi.com.tr\/index.php\/urun\/tengricilik-ve-turk-islam-ulkusu\/"},"modified":"2026-04-15T03:36:26","modified_gmt":"2026-04-15T00:36:26","slug":"tengricilik-ve-turk-islam-ulkusu","status":"publish","type":"product","link":"https:\/\/roveyayinevi.com.tr\/index.php\/urun\/tengricilik-ve-turk-islam-ulkusu\/","title":{"rendered":"Tengricilik ve T\u00fcrk-\u0130slam \u00dclk\u00fcs\u00fc"},"content":{"rendered":"<p>Bug\u00fcn \u00f6zellikle T\u00fcrk\u00e7\u00fc milliyet\u00e7i gen\u00e7leri \u0130slam iman\u0131ndan, T\u00fcrk-\u0130slam \u00fclk\u00fcs\u00fcnden uzakla\u015ft\u0131rmak i\u00e7in Tengricilik, sek\u00fcrelizm, ateizm, deizm gibi yollara s\u00fcr\u00fcklemektedirler. Bu kitapta bu mesele gen\u00e7lerin anlayaca\u011f\u0131 \u015fekilde a\u00e7\u0131klanm\u0131\u015f-t\u0131r. T\u00fcrk gen\u00e7lerini \u0130slam&#8217;dan uzakla\u015ft\u0131r\u0131p Tengricili\u011fe, deizme, ateizme, sek\u00fclerizme s\u00fcr\u00fckleme projesi Siyonist bir projedir, T\u00fcrk gen\u00e7leri uyan\u0131k olmal\u0131d\u0131r. T\u00fcrk milliyet\u00e7ileri de T\u00fcrk-\u0130slam \u00fclk\u00fcs\u00fcn\u00fc yaymal\u0131d\u0131r. <\/p>\n","protected":false},"excerpt":{"rendered":"<p>Bug\u00fcn \u00f6zellikle T\u00fcrk\u00e7\u00fc milliyet\u00e7i gen\u00e7leri \u0130slam iman\u0131ndan, T\u00fcrk-\u0130slam \u00fclk\u00fcs\u00fcnden uzakla\u015ft\u0131rmak i\u00e7in Tengricilik, sek\u00fcrelizm, ateizm, deizm gibi yollara s\u00fcr\u00fcklemektedirler. Bu kitapta bu mesele gen\u00e7lerin anlayaca\u011f\u0131 \u015fekilde a\u00e7\u0131klanm\u0131\u015f-t\u0131r.<span class=\"excerpt-hellip\"> [\u2026]<\/span><\/p>\n","protected":false},"featured_media":0,"template":"","meta":{"_monsterinsights_skip_tracking":false,"_monsterinsights_sitenote_active":false,"_monsterinsights_sitenote_note":"","_monsterinsights_sitenote_category":0},"product_brand":[],"product_cat":[13036,12718,12719],"product_tag":[],"class_list":{"0":"post-769933","1":"product","2":"type-product","3":"status-publish","5":"product_cat-arastirma-inceleme-islam","6":"product_cat-din","7":"product_cat-islam","8":"pa_cilt-ciltsiz","9":"pa_tur-kitap","10":"pa_yayinevi-bilge-tonyukuk-yayinlari","11":"pa_yazar-prof-dr-nurullah-cetin","13":"first","14":"instock","15":"sale","16":"shipping-taxable","17":"purchasable","18":"product-type-simple"},"_links":{"self":[{"href":"https:\/\/roveyayinevi.com.tr\/index.php\/wp-json\/wp\/v2\/product\/769933","targetHints":{"allow":["GET"]}}],"collection":[{"href":"https:\/\/roveyayinevi.com.tr\/index.php\/wp-json\/wp\/v2\/product"}],"about":[{"href":"https:\/\/roveyayinevi.com.tr\/index.php\/wp-json\/wp\/v2\/types\/product"}],"wp:attachment":[{"href":"https:\/\/roveyayinevi.com.tr\/index.php\/wp-json\/wp\/v2\/media?parent=769933"}],"wp:term":[{"taxonomy":"product_brand","embeddable":true,"href":"https:\/\/roveyayinevi.com.tr\/index.php\/wp-json\/wp\/v2\/product_brand?post=769933"},{"taxonomy":"product_cat","embeddable":true,"href":"https:\/\/roveyayinevi.com.tr\/index.php\/wp-json\/wp\/v2\/product_cat?post=769933"},{"taxonomy":"product_tag","embeddable":true,"href":"https:\/\/roveyayinevi.com.tr\/index.php\/wp-json\/wp\/v2\/product_tag?post=769933"}],"curies":[{"name":"wp","href":"https:\/\/api.w.org\/{rel}","templated":true}]}}