{"id":769932,"date":"2025-08-28T14:11:45","date_gmt":"2025-08-28T11:11:45","guid":{"rendered":"https:\/\/roveyayinevi.com.tr\/index.php\/urun\/muzik-aletleri-turkce-ingilizce\/"},"modified":"2026-04-15T03:36:26","modified_gmt":"2026-04-15T00:36:26","slug":"muzik-aletleri-turkce-ingilizce","status":"publish","type":"product","link":"https:\/\/roveyayinevi.com.tr\/index.php\/urun\/muzik-aletleri-turkce-ingilizce\/","title":{"rendered":"M\u00fczik Aletleri (T\u00fcrk\u00e7e &amp; \u0130ngilizce)"},"content":{"rendered":"<p>\u00c7ocuklar i\u00e7in e\u011flenceli ve \u00f6\u011fretici bir kitap daha raflarda! \u201cM\u00fczik Aletleri\u201d, minik okuyucular\u0131n hem T\u00fcrk\u00e7e hem \u0130ngilizce olarak k\u0131yafetleri \u00f6\u011frenmesine yard\u0131mc\u0131 olacak harika bir resimli kitap.   Renkli ve E\u011flenceli \u0130\u00e7erikBu kitap, \u00e7ocuklar\u0131n m\u00fczik aletlerini ke\u015ffetmeleri i\u00e7in \u00f6zenle haz\u0131rlanm\u0131\u015ft\u0131r. Sema G\u00fcrsoy\u2019un g\u00f6z al\u0131c\u0131 \u00e7izimleriyle, \u00f6\u011frenme s\u00fcreci daha e\u011flenceli hale geliyor!   \u00c7ift Dilli (T\u00fcrk\u00e7e &amp; \u0130ngilizce)Erken ya\u015fta dil \u00f6\u011frenimini destekleyen bu kitap, \u00e7ocuklar\u0131n kelime da\u011farc\u0131\u011f\u0131n\u0131 geni\u015fletmelerine yard\u0131mc\u0131 olur. Kazan\u0131mlar Renkli ve dikkat \u00e7ekici ill\u00fcstrasyonlar. \u00c7ocuklar\u0131n ilgisini \u00e7ekecek basit ve anla\u015f\u0131l\u0131r kelimeler. Dil geli\u015fimini destekleyen \u00e7ift dilli anlat\u0131m. U\u00e7an Fil ile keyifli okumalar! <\/p>\n","protected":false},"excerpt":{"rendered":"<p>\u00c7ocuklar i\u00e7in e\u011flenceli ve \u00f6\u011fretici bir kitap daha raflarda! \u201cM\u00fczik Aletleri\u201d, minik okuyucular\u0131n hem T\u00fcrk\u00e7e hem \u0130ngilizce olarak k\u0131yafetleri \u00f6\u011frenmesine yard\u0131mc\u0131 olacak harika bir resimli kitap.<span class=\"excerpt-hellip\"> [\u2026]<\/span><\/p>\n","protected":false},"featured_media":0,"template":"","meta":{"_monsterinsights_skip_tracking":false,"_monsterinsights_sitenote_active":false,"_monsterinsights_sitenote_note":"","_monsterinsights_sitenote_category":0},"product_brand":[],"product_cat":[12274,12518],"product_tag":[],"class_list":{"0":"post-769932","1":"product","2":"type-product","3":"status-publish","5":"product_cat-cocuk-ve-genclik-kitaplari","6":"product_cat-okul-oncesi-kitaplar","7":"pa_cilt-ciltli","8":"pa_tur-kitap","9":"pa_yayinevi-ucan-fil-yayinlari","10":"pa_yazar-kolektif","12":"first","13":"instock","14":"sale","15":"shipping-taxable","16":"purchasable","17":"product-type-simple"},"_links":{"self":[{"href":"https:\/\/roveyayinevi.com.tr\/index.php\/wp-json\/wp\/v2\/product\/769932","targetHints":{"allow":["GET"]}}],"collection":[{"href":"https:\/\/roveyayinevi.com.tr\/index.php\/wp-json\/wp\/v2\/product"}],"about":[{"href":"https:\/\/roveyayinevi.com.tr\/index.php\/wp-json\/wp\/v2\/types\/product"}],"wp:attachment":[{"href":"https:\/\/roveyayinevi.com.tr\/index.php\/wp-json\/wp\/v2\/media?parent=769932"}],"wp:term":[{"taxonomy":"product_brand","embeddable":true,"href":"https:\/\/roveyayinevi.com.tr\/index.php\/wp-json\/wp\/v2\/product_brand?post=769932"},{"taxonomy":"product_cat","embeddable":true,"href":"https:\/\/roveyayinevi.com.tr\/index.php\/wp-json\/wp\/v2\/product_cat?post=769932"},{"taxonomy":"product_tag","embeddable":true,"href":"https:\/\/roveyayinevi.com.tr\/index.php\/wp-json\/wp\/v2\/product_tag?post=769932"}],"curies":[{"name":"wp","href":"https:\/\/api.w.org\/{rel}","templated":true}]}}