{"id":769931,"date":"2025-08-28T14:11:43","date_gmt":"2025-08-28T11:11:43","guid":{"rendered":"https:\/\/roveyayinevi.com.tr\/index.php\/urun\/sohret-ve-duman\/"},"modified":"2026-04-15T03:36:26","modified_gmt":"2026-04-15T00:36:26","slug":"sohret-ve-duman","status":"publish","type":"product","link":"https:\/\/roveyayinevi.com.tr\/index.php\/urun\/sohret-ve-duman\/","title":{"rendered":"\u015e\u00f6hret ve Duman"},"content":{"rendered":"<p>\u201cB\u0130RAZ G\u00dcNE\u015e VE AY\u2019A BENZ\u0130YORUZ, DE\u011e\u0130L M\u0130? ASLA AYNI ANDA G\u00d6KY\u00dcZ\u00dcNDE DE\u011e\u0130L\u0130Z.\u201d Winter Young; kadife gibi bir sese ve delici bak\u0131\u015flara sahip, d\u00fcnyaca \u00fcnl\u00fc bir pop y\u0131ld\u0131z\u0131yd\u0131. Rekor \u00fcst\u00fcne rekor k\u0131r\u0131yor, Los Angeles\u2019tan Londra\u2019ya kadar stadyumlar\u0131 t\u0131kl\u0131m t\u0131kl\u0131m dolduruyordu. \u00c7\u0131lg\u0131n hayranlar\u0131, onu bir anl\u0131\u011f\u0131na bile g\u00f6rmek i\u00e7in her \u015feyi yapard\u0131. Sydney Cossette ise se\u00e7kin bir gizli operasyon ekibinin par\u00e7as\u0131yd\u0131. Ekibe kat\u0131lan en gen\u00e7 casus olarak onlar\u0131n \u015fimdiye kadar g\u00f6rd\u00fc\u011f\u00fc en iyi ajan olmay\u0131 kafas\u0131na koymu\u015ftu. So\u011fukkanl\u0131l\u0131\u011f\u0131 ve keskin zek\u00e2s\u0131 kadar, tehlikeli hamleleriyle de tan\u0131n\u0131yordu. Cesur ve taviz vermeyen biriydi; romantizme ay\u0131racak tek bir saniyesi bile yoktu. Hele ki dik ba\u015fl\u0131, ukala bir \u00e7apk\u0131na, asla.G\u00fc\u00e7l\u00fc bir mafya liderinin, k\u0131z\u0131na do\u011fum g\u00fcn\u00fc hediyesi olarak Winter taraf\u0131ndan \u00f6zel bir konser ayarlamas\u0131yla, Sydney ve Winter\u2019\u0131n yollar\u0131 aniden kesi\u015fecekti. \u00d6rg\u00fct\u00fcn i\u00e7ine s\u0131zmakla g\u00f6revlendirilen Sydney, Winter\u2019\u0131n korumas\u0131 olarak atan\u0131rken Winter da onun hayat\u0131n\u0131n g\u00f6revine acemi bir casus olarak dahil olacakt\u0131. Sydney, Winter\u2019\u0131n \u00e7ekicili\u011fine kap\u0131lmayan tek insan olabilirdi; ama g\u00f6revleri ikisini birbirine yakla\u015ft\u0131rd\u0131k\u00e7a, Winter Young\u2019\u0131n yaln\u0131zca yak\u0131\u015f\u0131kl\u0131 bir y\u00fczden ibaret olmad\u0131\u011f\u0131n\u0131 kabul etmek zorunda kalacakt\u0131&#8230;\u201cSeksi, komik, bol aksiyonlu&#8230; \u015e\u00f6hret ve Duman, kalbinizi k\u0131rmaya haz\u0131r, g\u00f6z al\u0131c\u0131 karakterlerle dolu. Marie Lu hep harika i\u015fler \u00e7\u0131kar\u0131yor.\u201d \u2014LEIGH BARDUGO\u015e\u00d6HRET VE DUMAN \u0130\u00c7\u0130N \u00d6VG\u00dcLER\u201c\u015e\u00f6hret ve Duman, d\u00fcnyan\u0131n en \u00fcnl\u00fc s\u00fcperstar\u0131n\u0131n casusluk d\u00fcnyas\u0131na at\u0131lmas\u0131n\u0131 konu alan, ba\u015ftan sona heyecan dolu bir yolculuk&#8230; Marie Lu\u2019nun kalemiyle hayat bulan bu dinamik romantizm, kalbinizi h\u0131zla \u00e7arpt\u0131racak.\u201d\u2014ADAM SILVERA\u201c\u015e\u00f6hret ve Duman, heyecan verici ve muazzam derecede romantik; ayn\u0131 zamanda bundan \u00e7ok daha fazlas\u0131&#8230; Bu sayfalara, t\u0131pk\u0131 hik\u00e2yenin kendisi gibi etkileyici, ger\u00e7ek bir duygusal derinlik h\u00e2kim.\u201d\u2014NICOLA YOON\u201c\u015e\u00f6hret ve Duman, okura hem heyecan verici hem de y\u00fcrek burkan bir hik\u00e2ye sunuyor. Bu muazzam yolculuk, devam kitab\u0131n\u0131 sab\u0131rs\u0131zl\u0131kla beklemenize neden olacak. Marie Lu, kendi kulvar\u0131n\u0131n lideri bir yazar. Hi\u00e7bir zaman yan\u0131ltm\u0131yor.\u201d\u2014TAHEREH MAFI\u201cGen\u00e7 yeti\u015fkin kitaplar\u0131n\u0131n en parlak y\u0131ld\u0131zlar\u0131ndan Marie Lu\u2019ya ait, muzipliklerle dolu bir gizem \u00f6yk\u00fcs\u00fc. E\u011fer bir pop y\u0131ld\u0131z\u0131 The Kingsmen\u2019e kat\u0131lsa ne olurdu diye merak ettiyseniz, i\u015fte bu kitap tam size g\u00f6re.\u201d\u2014ALLY CARTER\u201cDerin bir romantizmle birle\u015fmi\u015f, kalbinizi h\u0131zla \u00e7arpt\u0131racak bir casus gerilimi. \u015e\u00f6hret ve Duman, pop y\u0131ld\u0131z\u0131 olman\u0131n ihti\u015fam\u0131n\u0131 su\u00e7 d\u00fcnyas\u0131n\u0131n kirli y\u00fcz\u00fcyle harmanl\u0131yor. Bu kombinasyon, iki tutkulu ana karakter aras\u0131nda parlak k\u0131v\u0131lc\u0131mlar yarat\u0131yor. Marie Lu, bir kez daha unutulmaz, harika bir hik\u00e2yeyle kar\u015f\u0131m\u0131zda; g\u00f6z\u00fcn\u00fcz\u00fc sayfalardan alamayacaks\u0131n\u0131z.\u201d\u2014MAURENE GOO\u201c\u015e\u00f6hret ve Duman, gerilim dolu bir hik\u00e2yeye ve nefes kesen bir romantizme sahip. Marie Lu\u2019nun ince zek\u00e2s\u0131yla anlat\u0131lan bu \u00f6yk\u00fc, sizi Los Angeles\u2019tan Londra\u2019ya kadar pe\u015finden s\u00fcr\u00fckl\u00fcyor. Karakterler o kadar \u00e7ekici ve iyi i\u015flenmi\u015fler ki sayfalardan \u00e7\u0131k\u0131p ger\u00e7ek olmalar\u0131n\u0131 dileyeceksiniz.\u201d\u2014SABAA TAHIR<\/p>\n","protected":false},"excerpt":{"rendered":"<p>\u201cB\u0130RAZ G\u00dcNE\u015e VE AY\u2019A BENZ\u0130YORUZ, DE\u011e\u0130L M\u0130? ASLA AYNI ANDA G\u00d6KY\u00dcZ\u00dcNDE DE\u011e\u0130L\u0130Z.\u201d Winter Young; kadife gibi bir sese ve delici bak\u0131\u015flara sahip, d\u00fcnyaca \u00fcnl\u00fc bir pop<span class=\"excerpt-hellip\"> [\u2026]<\/span><\/p>\n","protected":false},"featured_media":0,"template":"","meta":{"_monsterinsights_skip_tracking":false,"_monsterinsights_sitenote_active":false,"_monsterinsights_sitenote_note":"","_monsterinsights_sitenote_category":0},"product_brand":[],"product_cat":[14643,12291],"product_tag":[],"class_list":{"0":"post-769931","1":"product","2":"type-product","3":"status-publish","5":"product_cat-ask","6":"product_cat-edebiyat","7":"pa_cilt-ciltsiz","8":"pa_tur-kitap","9":"pa_yayinevi-yabanci-yayinevi","10":"pa_yazar-marie-lu","12":"first","13":"instock","14":"sale","15":"shipping-taxable","16":"purchasable","17":"product-type-simple"},"_links":{"self":[{"href":"https:\/\/roveyayinevi.com.tr\/index.php\/wp-json\/wp\/v2\/product\/769931","targetHints":{"allow":["GET"]}}],"collection":[{"href":"https:\/\/roveyayinevi.com.tr\/index.php\/wp-json\/wp\/v2\/product"}],"about":[{"href":"https:\/\/roveyayinevi.com.tr\/index.php\/wp-json\/wp\/v2\/types\/product"}],"wp:attachment":[{"href":"https:\/\/roveyayinevi.com.tr\/index.php\/wp-json\/wp\/v2\/media?parent=769931"}],"wp:term":[{"taxonomy":"product_brand","embeddable":true,"href":"https:\/\/roveyayinevi.com.tr\/index.php\/wp-json\/wp\/v2\/product_brand?post=769931"},{"taxonomy":"product_cat","embeddable":true,"href":"https:\/\/roveyayinevi.com.tr\/index.php\/wp-json\/wp\/v2\/product_cat?post=769931"},{"taxonomy":"product_tag","embeddable":true,"href":"https:\/\/roveyayinevi.com.tr\/index.php\/wp-json\/wp\/v2\/product_tag?post=769931"}],"curies":[{"name":"wp","href":"https:\/\/api.w.org\/{rel}","templated":true}]}}