{"id":769928,"date":"2025-08-28T14:11:37","date_gmt":"2025-08-28T11:11:37","guid":{"rendered":"https:\/\/roveyayinevi.com.tr\/index.php\/urun\/felsefe-direnisi-ekibi\/"},"modified":"2026-04-15T03:36:26","modified_gmt":"2026-04-15T00:36:26","slug":"felsefe-direnisi-ekibi","status":"publish","type":"product","link":"https:\/\/roveyayinevi.com.tr\/index.php\/urun\/felsefe-direnisi-ekibi\/","title":{"rendered":"Felsefe Direni\u015fi Ekibi"},"content":{"rendered":"<p>Milo \u00fclkenin en haval\u0131, en g\u00f6rkemli, en prestijli okuluna ba\u015flayaca\u011f\u0131 i\u00e7in \u00e7ok heyecanl\u0131yd\u0131. Ama \u00e7ok ge\u00e7meden bu okulda yolunda gitmeyen bir \u015feyler oldu\u011funu fark etti. Okul m\u00fcd\u00fcr\u00fc Dr. Pummelcrush, \u00f6\u011frencileri d\u00fc\u015f\u00fcnmeyen, sorgulamayan insan robotlara d\u00f6n\u00fc\u015ft\u00fcrmeye kararl\u0131yd\u0131! Milo tesad\u00fcfen \u0131\u015f\u0131l \u0131\u015f\u0131l, reng\u00e2renk bir gizli bah\u00e7e ke\u015ffetti\u011finde ve bah\u00e7enin ne\u015feli bah\u00e7\u0131van\u0131yla tan\u0131\u015ft\u0131\u011f\u0131nda, o ve arkada\u015flar\u0131 d\u00fc\u015f\u00fcnmenin yepyeni bir yolunu ke\u015ffettiler: Bu felsefeydi!Acaba Felsefe Direni\u015fi Ekibi, yeni \u00f6\u011frendikleri sorgulama becerilerini kullanarak Pummelcrush\u2019\u0131n k\u00f6t\u00fcc\u00fcl planlar\u0131na kar\u015f\u0131 koyup arkada\u015flar\u0131n\u0131 robotla\u015fmaktan kurtarabilecek miydi?<\/p>\n","protected":false},"excerpt":{"rendered":"<p>Milo \u00fclkenin en haval\u0131, en g\u00f6rkemli, en prestijli okuluna ba\u015flayaca\u011f\u0131 i\u00e7in \u00e7ok heyecanl\u0131yd\u0131. Ama \u00e7ok ge\u00e7meden bu okulda yolunda gitmeyen bir \u015feyler oldu\u011funu fark etti. Okul<span class=\"excerpt-hellip\"> [\u2026]<\/span><\/p>\n","protected":false},"featured_media":0,"template":"","meta":{"_monsterinsights_skip_tracking":false,"_monsterinsights_sitenote_active":false,"_monsterinsights_sitenote_note":"","_monsterinsights_sitenote_category":0},"product_brand":[],"product_cat":[12274,12284],"product_tag":[],"class_list":{"0":"post-769928","1":"product","2":"type-product","3":"status-publish","5":"product_cat-cocuk-ve-genclik-kitaplari","6":"product_cat-hikayeler","7":"pa_cilt-ciltsiz","8":"pa_tur-kitap","9":"pa_yayinevi-ithaki-yayinlari","10":"pa_yazar-robert-grant","12":"first","13":"instock","14":"sale","15":"shipping-taxable","16":"purchasable","17":"product-type-simple"},"_links":{"self":[{"href":"https:\/\/roveyayinevi.com.tr\/index.php\/wp-json\/wp\/v2\/product\/769928","targetHints":{"allow":["GET"]}}],"collection":[{"href":"https:\/\/roveyayinevi.com.tr\/index.php\/wp-json\/wp\/v2\/product"}],"about":[{"href":"https:\/\/roveyayinevi.com.tr\/index.php\/wp-json\/wp\/v2\/types\/product"}],"wp:attachment":[{"href":"https:\/\/roveyayinevi.com.tr\/index.php\/wp-json\/wp\/v2\/media?parent=769928"}],"wp:term":[{"taxonomy":"product_brand","embeddable":true,"href":"https:\/\/roveyayinevi.com.tr\/index.php\/wp-json\/wp\/v2\/product_brand?post=769928"},{"taxonomy":"product_cat","embeddable":true,"href":"https:\/\/roveyayinevi.com.tr\/index.php\/wp-json\/wp\/v2\/product_cat?post=769928"},{"taxonomy":"product_tag","embeddable":true,"href":"https:\/\/roveyayinevi.com.tr\/index.php\/wp-json\/wp\/v2\/product_tag?post=769928"}],"curies":[{"name":"wp","href":"https:\/\/api.w.org\/{rel}","templated":true}]}}