{"id":769926,"date":"2025-08-28T14:11:32","date_gmt":"2025-08-28T11:11:32","guid":{"rendered":"https:\/\/roveyayinevi.com.tr\/index.php\/urun\/cenaze-oyunlari\/"},"modified":"2026-04-15T03:36:26","modified_gmt":"2026-04-15T00:36:26","slug":"cenaze-oyunlari","status":"publish","type":"product","link":"https:\/\/roveyayinevi.com.tr\/index.php\/urun\/cenaze-oyunlari\/","title":{"rendered":"Cenaze Oyunlar\u0131"},"content":{"rendered":"<p>\u201cOnca bu\u0308yu\u0308k adam&#8230; \u0130skender hayattayken sava\u015f arabas\u0131n\u0131 \u00e7eken adamlar gibi hep birden as\u0131lm\u0131\u015flar ellerindekine. \u0130skender \u00f6lu\u0308nce de su\u0308ru\u0308cu\u0308su\u0308 du\u0308\u015fu\u0308veren at arabas\u0131n\u0131n askerleri gibi d\u00f6rt bir yana sa\u00e7\u0131lm\u0131\u015flar. \u00dcstelik atlar gibi harap olmu\u015flar.\u201dCenaze Oyunlar\u0131, Bu\u0308yu\u0308k \u0130skender\u2019in \u00f6lu\u0308mu\u0308yle a\u00e7\u0131l\u0131yor; ard\u0131nda tahta v\u00e2ris iki do\u011fmam\u0131\u015f \u00e7ocuk ve bir ucube karde\u015f kal\u0131nca bilinen du\u0308nyan\u0131n en bu\u0308yu\u0308k imparatorlu\u011fu, bu\u0308yu\u0308k muktedirin arkas\u0131ndan sarayl\u0131lar\u0131, e\u015fleri ve iktidar talibi komutanlar\u0131n\u0131n h\u0131rsla giri\u015fecekleri muazzam bir iktidar mu\u0308cadelesinin e\u015fi\u011fine geliyor. Bu yeni iktidar oyunlar\u0131 duygusall\u0131\u011fa yer b\u0131rakmayan, akl\u0131n\u0131 ve entrikan\u0131n maharetini en iyi kullanan\u0131n ayakta kalaca\u011f\u0131, kalanlar\u0131n peri\u015fan ve yok olaca\u011f\u0131 bir tarihe a\u00e7\u0131l\u0131yor. Otuz u\u0308\u00e7 ya\u015f\u0131nda \u00f6ldu\u0308\u011fu\u0308nde, arkas\u0131nda tarihin en bu\u0308yu\u0308k imparatorlu\u011funu b\u0131rakan bir antik kahraman\u0131n, \u00f6lu\u0308mu\u0308n Bu\u0308yu\u0308k \u0130skender\u2019inin yok olan hayallerini her y\u00f6nu\u0308yle g\u00f6zler \u00f6nu\u0308ne seriyor.Bu\u0308yu\u0308k \u0130skender \u00dc\u00e7lemesi, u\u0308nlu\u0308 tarihi roman yazar\u0131 Mary Renault\u2019nun, \u00e7arp\u0131c\u0131 yetene\u011fiyle antik du\u0308nyan\u0131n ger\u00e7ek kahramanlar\u0131n\u0131 canland\u0131rd\u0131\u011f\u0131, kanlar\u0131 ve terleriyle, tu\u0308m tutkular\u0131 ve vah\u015fetleriyle, gizli y\u00f6nleri ve du\u0308nyevi h\u0131rslar\u0131yla kurgulad\u0131\u011f\u0131 ba\u015fyap\u0131t\u0131.\u201cRenault\u2019nun \u015fimdiye kadarki en iyi tarihi roman\u0131&#8230; Her ayr\u0131nt\u0131 \u00e7ok sa\u011flam tarihi kan\u0131tlara dayan\u0131yor.\u201d \u2013New York Review of Books\u201cMary Renault hem tarihi romanc\u0131lara hem de okurlar\u0131na yol g\u00f6steren bir \u0131\u015f\u0131kt\u0131r. Ge\u00e7mi\u015f \u015fimdiymi\u015f gibi yapmaz ya da antik Yunanlar\u0131n bizim insanlar\u0131m\u0131za benzedi\u011fini iddia etmez. Bize garipliklerini g\u00f6sterir; anlay\u0131\u015fla, sa\u011flam basarak, de\u011ferlerimizi tart\u0131ya vurarak, merak\u0131m\u0131z\u0131 uyand\u0131rarak bizi etkileyen ve bu\u0308yu\u0308leyen yabanc\u0131 bir diyardan ge\u00e7irir.\u201d \u2013Hilary Mantel<\/p>\n","protected":false},"excerpt":{"rendered":"<p>\u201cOnca bu\u0308yu\u0308k adam&#8230; \u0130skender hayattayken sava\u015f arabas\u0131n\u0131 \u00e7eken adamlar gibi hep birden as\u0131lm\u0131\u015flar ellerindekine. \u0130skender \u00f6lu\u0308nce de su\u0308ru\u0308cu\u0308su\u0308 du\u0308\u015fu\u0308veren at arabas\u0131n\u0131n askerleri gibi d\u00f6rt bir yana<span class=\"excerpt-hellip\"> [\u2026]<\/span><\/p>\n","protected":false},"featured_media":0,"template":"","meta":{"_monsterinsights_skip_tracking":false,"_monsterinsights_sitenote_active":false,"_monsterinsights_sitenote_note":"","_monsterinsights_sitenote_category":0},"product_brand":[],"product_cat":[12291,12745],"product_tag":[],"class_list":{"0":"post-769926","1":"product","2":"type-product","3":"status-publish","5":"product_cat-edebiyat","6":"product_cat-tarihi-roman","7":"pa_cilt-ciltsiz","8":"pa_tur-kitap","9":"pa_yayinevi-ithaki-yayinlari","10":"pa_yazar-mary-renault","12":"first","13":"instock","14":"sale","15":"shipping-taxable","16":"purchasable","17":"product-type-simple"},"_links":{"self":[{"href":"https:\/\/roveyayinevi.com.tr\/index.php\/wp-json\/wp\/v2\/product\/769926","targetHints":{"allow":["GET"]}}],"collection":[{"href":"https:\/\/roveyayinevi.com.tr\/index.php\/wp-json\/wp\/v2\/product"}],"about":[{"href":"https:\/\/roveyayinevi.com.tr\/index.php\/wp-json\/wp\/v2\/types\/product"}],"wp:attachment":[{"href":"https:\/\/roveyayinevi.com.tr\/index.php\/wp-json\/wp\/v2\/media?parent=769926"}],"wp:term":[{"taxonomy":"product_brand","embeddable":true,"href":"https:\/\/roveyayinevi.com.tr\/index.php\/wp-json\/wp\/v2\/product_brand?post=769926"},{"taxonomy":"product_cat","embeddable":true,"href":"https:\/\/roveyayinevi.com.tr\/index.php\/wp-json\/wp\/v2\/product_cat?post=769926"},{"taxonomy":"product_tag","embeddable":true,"href":"https:\/\/roveyayinevi.com.tr\/index.php\/wp-json\/wp\/v2\/product_tag?post=769926"}],"curies":[{"name":"wp","href":"https:\/\/api.w.org\/{rel}","templated":true}]}}