{"id":769924,"date":"2025-08-28T14:11:27","date_gmt":"2025-08-28T11:11:27","guid":{"rendered":"https:\/\/roveyayinevi.com.tr\/index.php\/urun\/hyperion-hyperion-kantolari-1-kitap\/"},"modified":"2026-04-14T03:32:51","modified_gmt":"2026-04-14T00:32:51","slug":"hyperion-hyperion-kantolari-1-kitap","status":"publish","type":"product","link":"https:\/\/roveyayinevi.com.tr\/index.php\/urun\/hyperion-hyperion-kantolari-1-kitap\/","title":{"rendered":"Hyperion \/ Hyperion Kantolar\u0131 1. Kitap"},"content":{"rendered":"<p>HUGO EN \u0130Y\u0130 ROMAN \u00d6D\u00dcL\u00dcLOCUS EN \u0130Y\u0130 B\u0130L\u0130MKURGU ROMANI \u00d6D\u00dcL\u00dc\u201c\u0130nsan\u0131 hayretler i\u00e7inde b\u0131rakan bir kitap.\u201d \u2014Iain M. Banks\u201cShrike Hac Yolculu\u011fu\u2019nun bir \u00fcyes\u0131 olarak Hyperion\u2019a d\u00f6nmek i\u00e7in se\u00e7ildiniz.\u201dDan Simmons korku, fantazi ve bilimkurgu eserleriyle u\u0308\u00e7 tu\u0308ru\u0308 de derinden etkileyen, speku\u0308latif kurgunun ya\u015fayan en \u00f6nemli isimlerinden biri. \u201cUzayda ge\u00e7en Canterbury Hik\u00e2yeleri\u201d olarak yorumlanan Hyperion Kantolar\u0131\u2019n\u0131n ilk kitab\u0131 Hyperion ise s\u0131kl\u0131kla Dune ve Yu\u0308zu\u0308klerin Efendisi\u2019yle kar\u015f\u0131la\u015ft\u0131r\u0131lan bir \u015faheser.29. yu\u0308zy\u0131l. \u0130nsanl\u0131\u011f\u0131n Hegemonyas\u0131\u2019n\u0131n evreni tehdit alt\u0131nda. At\u0131lm\u0131\u015flar\u2019\u0131n istilas\u0131 yakla\u015f\u0131yor ve ayr\u0131l\u0131k\u00e7\u0131 yapay zek\u00e2 Tekno\u00c7ekirdek\u2019in gizemli planlar\u0131 kaosu daha da yak\u0131nla\u015ft\u0131r\u0131yor.Galaktik yasalar\u0131n eri\u015femedi\u011fi Hyperion adl\u0131 du\u0308nyada, Shrike ad\u0131nda bir yarat\u0131k bekliyor. Ona tapanlar var. Ondan korkanlar var. Ve onu yok etmeye ant i\u00e7mi\u015f olanlar var.Tu\u0308m galaksi sava\u015ftayken, yedi hac\u0131 Hyperion\u2019daki efsanevi Zaman Kabirleri\u2019ne, gu\u0308\u00e7leri zaman\u0131n ve uzay\u0131n s\u0131n\u0131rlar\u0131n\u0131 a\u015fan, yar\u0131 tanr\u0131 yar\u0131 \u00f6lu\u0308m makinesi \u00f6lu\u0308mcu\u0308l bir yarat\u0131k olan Shrike\u2019\u0131n evine do\u011fru son bir yolculu\u011fa \u00e7\u0131k\u0131yor. Her biri zay\u0131f bir umut ve korkun\u00e7 bir s\u0131r ta\u015f\u0131yan hac\u0131lardan biri insanl\u0131\u011f\u0131n kaderini ellerinde tutuyor olabilir\u2026Hyperion, bilimkurgunun felsefe ta\u015f\u0131.<\/p>\n","protected":false},"excerpt":{"rendered":"<p>HUGO EN \u0130Y\u0130 ROMAN \u00d6D\u00dcL\u00dcLOCUS EN \u0130Y\u0130 B\u0130L\u0130MKURGU ROMANI \u00d6D\u00dcL\u00dc\u201c\u0130nsan\u0131 hayretler i\u00e7inde b\u0131rakan bir kitap.\u201d \u2014Iain M. Banks\u201cShrike Hac Yolculu\u011fu\u2019nun bir \u00fcyes\u0131 olarak Hyperion\u2019a d\u00f6nmek i\u00e7in<span class=\"excerpt-hellip\"> [\u2026]<\/span><\/p>\n","protected":false},"featured_media":0,"template":"","meta":{"_monsterinsights_skip_tracking":false,"_monsterinsights_sitenote_active":false,"_monsterinsights_sitenote_note":"","_monsterinsights_sitenote_category":0},"product_brand":[],"product_cat":[12540,12291],"product_tag":[],"class_list":{"0":"post-769924","1":"product","2":"type-product","3":"status-publish","5":"product_cat-bilim-kurgu","6":"product_cat-edebiyat","7":"pa_cilt-ciltsiz","8":"pa_tur-kitap","9":"pa_yayinevi-ithaki-yayinlari","10":"pa_yazar-dan-simmons","12":"first","13":"instock","14":"sale","15":"shipping-taxable","16":"purchasable","17":"product-type-simple"},"_links":{"self":[{"href":"https:\/\/roveyayinevi.com.tr\/index.php\/wp-json\/wp\/v2\/product\/769924","targetHints":{"allow":["GET"]}}],"collection":[{"href":"https:\/\/roveyayinevi.com.tr\/index.php\/wp-json\/wp\/v2\/product"}],"about":[{"href":"https:\/\/roveyayinevi.com.tr\/index.php\/wp-json\/wp\/v2\/types\/product"}],"wp:attachment":[{"href":"https:\/\/roveyayinevi.com.tr\/index.php\/wp-json\/wp\/v2\/media?parent=769924"}],"wp:term":[{"taxonomy":"product_brand","embeddable":true,"href":"https:\/\/roveyayinevi.com.tr\/index.php\/wp-json\/wp\/v2\/product_brand?post=769924"},{"taxonomy":"product_cat","embeddable":true,"href":"https:\/\/roveyayinevi.com.tr\/index.php\/wp-json\/wp\/v2\/product_cat?post=769924"},{"taxonomy":"product_tag","embeddable":true,"href":"https:\/\/roveyayinevi.com.tr\/index.php\/wp-json\/wp\/v2\/product_tag?post=769924"}],"curies":[{"name":"wp","href":"https:\/\/api.w.org\/{rel}","templated":true}]}}