{"id":769923,"date":"2025-08-28T14:11:25","date_gmt":"2025-08-28T11:11:25","guid":{"rendered":"https:\/\/roveyayinevi.com.tr\/index.php\/urun\/sen-bu-dunyaya-niye-geldin\/"},"modified":"2026-04-15T03:36:26","modified_gmt":"2026-04-15T00:36:26","slug":"sen-bu-dunyaya-niye-geldin","status":"publish","type":"product","link":"https:\/\/roveyayinevi.com.tr\/index.php\/urun\/sen-bu-dunyaya-niye-geldin\/","title":{"rendered":"Sen Bu D\u00fcnyaya Niye Geldin?"},"content":{"rendered":"<p>Hani Cenab-\u0131 Yunus kendisine soruyor ya o me\u015fhur ve \u00e7ok sars\u0131c\u0131 nutk-u \u015ferifinde: \u201cYunus sen bu d\u00fcnyaya niye geldin?\u201d   As\u0131l soru bu. Sorulmas\u0131 gerekeni sormaz, cevab\u0131 bulamazsan yine onun buyurdu\u011fu gibi: \u201cG\u00f6\u00e7t\u00fc kervan kald\u0131k da\u011flar ba\u015f\u0131nda\u201d dersin. Sormak zorundas\u0131n: \u201cAhmet sen bu d\u00fcnyaya niye geldin?\u201d   Allah Allah! Sorunun yak\u0131c\u0131l\u0131\u011f\u0131na bakar m\u0131s\u0131n?   Herkes kendi ad\u0131n\u0131 koysun Cenab-\u0131 Yunus yerine ve sorsun, bakal\u0131m ne kadar yanacak y\u00fcre\u011fin?   Ahmet Tezcan soruyor Ahmet \u00d6zhan cevapl\u0131yor. Sohbet muhabbete d\u00f6n\u00fc\u015f\u00fcyor. Ve b\u00fct\u00fcn yollar A\u015fk\u2019a \u00e7\u0131k\u0131yor. Kerpi\u00e7 kerpi\u00e7 \u00fcst\u00fcne binalar kuruluyor, ceketi tersten giydiren suallere \u201cilla edep illa edep\u201d e\u015flik ediyor. Sen Bu D\u00fcnyaya Niye Geldin?, Ahmet \u00d6zhan\u2019\u0131n anlat\u0131m\u0131yla bir hakikat sohbeti\u2026<\/p>\n","protected":false},"excerpt":{"rendered":"<p>Hani Cenab-\u0131 Yunus kendisine soruyor ya o me\u015fhur ve \u00e7ok sars\u0131c\u0131 nutk-u \u015ferifinde: \u201cYunus sen bu d\u00fcnyaya niye geldin?\u201d As\u0131l soru bu. Sorulmas\u0131 gerekeni sormaz, cevab\u0131<span class=\"excerpt-hellip\"> [\u2026]<\/span><\/p>\n","protected":false},"featured_media":0,"template":"","meta":{"_monsterinsights_skip_tracking":false,"_monsterinsights_sitenote_active":false,"_monsterinsights_sitenote_note":"","_monsterinsights_sitenote_category":0},"product_brand":[],"product_cat":[12291,30969],"product_tag":[],"class_list":{"0":"post-769923","1":"product","2":"type-product","3":"status-publish","5":"product_cat-edebiyat","6":"product_cat-soylesi-edebiyat","7":"pa_cilt-ciltsiz","8":"pa_tur-kitap","9":"pa_yayinevi-tk-yayinlari","10":"pa_yazar-ahmet-ozhan","12":"first","13":"instock","14":"sale","15":"shipping-taxable","16":"purchasable","17":"product-type-simple"},"_links":{"self":[{"href":"https:\/\/roveyayinevi.com.tr\/index.php\/wp-json\/wp\/v2\/product\/769923","targetHints":{"allow":["GET"]}}],"collection":[{"href":"https:\/\/roveyayinevi.com.tr\/index.php\/wp-json\/wp\/v2\/product"}],"about":[{"href":"https:\/\/roveyayinevi.com.tr\/index.php\/wp-json\/wp\/v2\/types\/product"}],"wp:attachment":[{"href":"https:\/\/roveyayinevi.com.tr\/index.php\/wp-json\/wp\/v2\/media?parent=769923"}],"wp:term":[{"taxonomy":"product_brand","embeddable":true,"href":"https:\/\/roveyayinevi.com.tr\/index.php\/wp-json\/wp\/v2\/product_brand?post=769923"},{"taxonomy":"product_cat","embeddable":true,"href":"https:\/\/roveyayinevi.com.tr\/index.php\/wp-json\/wp\/v2\/product_cat?post=769923"},{"taxonomy":"product_tag","embeddable":true,"href":"https:\/\/roveyayinevi.com.tr\/index.php\/wp-json\/wp\/v2\/product_tag?post=769923"}],"curies":[{"name":"wp","href":"https:\/\/api.w.org\/{rel}","templated":true}]}}