{"id":769921,"date":"2025-08-28T14:11:21","date_gmt":"2025-08-28T11:11:21","guid":{"rendered":"https:\/\/roveyayinevi.com.tr\/index.php\/urun\/savas-ve-edebiyat\/"},"modified":"2026-04-15T03:36:26","modified_gmt":"2026-04-15T00:36:26","slug":"savas-ve-edebiyat","status":"publish","type":"product","link":"https:\/\/roveyayinevi.com.tr\/index.php\/urun\/savas-ve-edebiyat\/","title":{"rendered":"Sava\u015f ve Edebiyat"},"content":{"rendered":"<p>\u201c\u2026\u0130nsanl\u0131\u011fa k\u00f6t\u00fcl\u00fckten ba\u015fka \u015fey getirmeyecek olan, \u00f6nlenebilecek bir sava\u015fa kar\u015f\u0131; insanl\u0131\u011fa \u00f6zg\u00fcrl\u00fckler getirecek olan, ger\u00e7ekle\u015ftirebilecek sonsuz bar\u0131\u015f i\u00e7in var olmal\u0131 sanat\u00e7\u0131. \u201cBilimin \u0131\u015f\u0131\u011f\u0131nda aln\u0131nda ilk duyan\u201d sanat\u00e7\u0131, sava\u015fa kar\u015f\u0131 akl\u0131n ve bilimin kazanmas\u0131 i\u00e7in sava\u015f\u0131m vermeli\u2026\u201d \u00d6ner Ya\u011fc\u0131, Sava\u015f ve Edebiyat adl\u0131 eseriyle g\u00fcn\u00fcm\u00fcz d\u00fcnyas\u0131na edebiyat\u0131n g\u00f6z\u00fcnden bak\u0131yor. Ba\u015far\u0131l\u0131 bir ara\u015ft\u0131rmac\u0131-yazar olan Ya\u011fc\u0131; sanat\u0131n, sanat\u00e7\u0131n\u0131n, \u00f6zel olarak edebiyat\u0131n bar\u0131\u015fa olan katk\u0131s\u0131n\u0131 anlat\u0131p, bunun \u00f6nemini vurguluyor. Jos\u00e8 Marti, Atilla Jozsef, Talip Apayd\u0131n, Faz\u0131l H\u00fcsn\u00fc Da\u011flarca ve daha bir\u00e7ok \u00f6nemli ismin eserlerini ba\u015far\u0131yla inceleyip, a\u00e7\u0131k ve merak uyand\u0131ran bir dille okura sunuyor. <\/p>\n","protected":false},"excerpt":{"rendered":"<p>\u201c\u2026\u0130nsanl\u0131\u011fa k\u00f6t\u00fcl\u00fckten ba\u015fka \u015fey getirmeyecek olan, \u00f6nlenebilecek bir sava\u015fa kar\u015f\u0131; insanl\u0131\u011fa \u00f6zg\u00fcrl\u00fckler getirecek olan, ger\u00e7ekle\u015ftirebilecek sonsuz bar\u0131\u015f i\u00e7in var olmal\u0131 sanat\u00e7\u0131. \u201cBilimin \u0131\u015f\u0131\u011f\u0131nda aln\u0131nda ilk duyan\u201d<span class=\"excerpt-hellip\"> [\u2026]<\/span><\/p>\n","protected":false},"featured_media":0,"template":"","meta":{"_monsterinsights_skip_tracking":false,"_monsterinsights_sitenote_active":false,"_monsterinsights_sitenote_note":"","_monsterinsights_sitenote_category":0},"product_brand":[],"product_cat":[13072,12291],"product_tag":[],"class_list":{"0":"post-769921","1":"product","2":"type-product","3":"status-publish","5":"product_cat-arastirma-inceleme-referans","6":"product_cat-edebiyat","7":"pa_cilt-ciltsiz","8":"pa_tur-kitap","9":"pa_yayinevi-cumhuriyet-kitaplari","10":"pa_yazar-oner-yagci","12":"first","13":"instock","14":"sale","15":"shipping-taxable","16":"purchasable","17":"product-type-simple"},"_links":{"self":[{"href":"https:\/\/roveyayinevi.com.tr\/index.php\/wp-json\/wp\/v2\/product\/769921","targetHints":{"allow":["GET"]}}],"collection":[{"href":"https:\/\/roveyayinevi.com.tr\/index.php\/wp-json\/wp\/v2\/product"}],"about":[{"href":"https:\/\/roveyayinevi.com.tr\/index.php\/wp-json\/wp\/v2\/types\/product"}],"wp:attachment":[{"href":"https:\/\/roveyayinevi.com.tr\/index.php\/wp-json\/wp\/v2\/media?parent=769921"}],"wp:term":[{"taxonomy":"product_brand","embeddable":true,"href":"https:\/\/roveyayinevi.com.tr\/index.php\/wp-json\/wp\/v2\/product_brand?post=769921"},{"taxonomy":"product_cat","embeddable":true,"href":"https:\/\/roveyayinevi.com.tr\/index.php\/wp-json\/wp\/v2\/product_cat?post=769921"},{"taxonomy":"product_tag","embeddable":true,"href":"https:\/\/roveyayinevi.com.tr\/index.php\/wp-json\/wp\/v2\/product_tag?post=769921"}],"curies":[{"name":"wp","href":"https:\/\/api.w.org\/{rel}","templated":true}]}}