{"id":769919,"date":"2025-08-28T14:11:18","date_gmt":"2025-08-28T11:11:18","guid":{"rendered":"https:\/\/roveyayinevi.com.tr\/index.php\/urun\/kipir-kipir-hareketli-kitabim-hava-durumu\/"},"modified":"2026-04-15T03:36:26","modified_gmt":"2026-04-15T00:36:26","slug":"kipir-kipir-hareketli-kitabim-hava-durumu","status":"publish","type":"product","link":"https:\/\/roveyayinevi.com.tr\/index.php\/urun\/kipir-kipir-hareketli-kitabim-hava-durumu\/","title":{"rendered":"K\u0131p\u0131r K\u0131p\u0131r Hareketli Kitab\u0131m \u2013 Hava Durumu"},"content":{"rendered":"<p>Okumakla yetinmeyin, sayfalar\u0131 hareket ettirin!   K\u0131p\u0131r K\u0131p\u0131r Hareketli Kitab\u0131m Hava Durumu\u2019nda minik eller ya\u011fmur ya\u011fd\u0131r\u0131yor, y\u0131ld\u0131r\u0131mlar d\u00fc\u015f\u00fcr\u00fcyor. Kitab\u0131n sayfalar\u0131 aras\u0131nda yer alan \u00e7arklar ve hareketli par\u00e7alar sayesinde bulutlar hareket ediyor.   Merakl\u0131 \u00e7ocuklar renkli resimleriyle ilgi \u00e7eken tamamen etkile\u015fimli bu STEM kitab\u0131nda hava durumunun temellerini \u00f6\u011freniyor! <\/p>\n","protected":false},"excerpt":{"rendered":"<p>Okumakla yetinmeyin, sayfalar\u0131 hareket ettirin! K\u0131p\u0131r K\u0131p\u0131r Hareketli Kitab\u0131m Hava Durumu\u2019nda minik eller ya\u011fmur ya\u011fd\u0131r\u0131yor, y\u0131ld\u0131r\u0131mlar d\u00fc\u015f\u00fcr\u00fcyor. Kitab\u0131n sayfalar\u0131 aras\u0131nda yer alan \u00e7arklar ve hareketli par\u00e7alar<span class=\"excerpt-hellip\"> [\u2026]<\/span><\/p>\n","protected":false},"featured_media":0,"template":"","meta":{"_monsterinsights_skip_tracking":false,"_monsterinsights_sitenote_active":false,"_monsterinsights_sitenote_note":"","_monsterinsights_sitenote_category":0},"product_brand":[],"product_cat":[12274,12518],"product_tag":[],"class_list":{"0":"post-769919","1":"product","2":"type-product","3":"status-publish","5":"product_cat-cocuk-ve-genclik-kitaplari","6":"product_cat-okul-oncesi-kitaplar","7":"pa_cilt-ciltli","8":"pa_tur-kitap","9":"pa_yayinevi-yapi-kredi-yayinlari","10":"pa_yazar-david-miles","12":"first","13":"instock","14":"sale","15":"shipping-taxable","16":"purchasable","17":"product-type-simple"},"_links":{"self":[{"href":"https:\/\/roveyayinevi.com.tr\/index.php\/wp-json\/wp\/v2\/product\/769919","targetHints":{"allow":["GET"]}}],"collection":[{"href":"https:\/\/roveyayinevi.com.tr\/index.php\/wp-json\/wp\/v2\/product"}],"about":[{"href":"https:\/\/roveyayinevi.com.tr\/index.php\/wp-json\/wp\/v2\/types\/product"}],"wp:attachment":[{"href":"https:\/\/roveyayinevi.com.tr\/index.php\/wp-json\/wp\/v2\/media?parent=769919"}],"wp:term":[{"taxonomy":"product_brand","embeddable":true,"href":"https:\/\/roveyayinevi.com.tr\/index.php\/wp-json\/wp\/v2\/product_brand?post=769919"},{"taxonomy":"product_cat","embeddable":true,"href":"https:\/\/roveyayinevi.com.tr\/index.php\/wp-json\/wp\/v2\/product_cat?post=769919"},{"taxonomy":"product_tag","embeddable":true,"href":"https:\/\/roveyayinevi.com.tr\/index.php\/wp-json\/wp\/v2\/product_tag?post=769919"}],"curies":[{"name":"wp","href":"https:\/\/api.w.org\/{rel}","templated":true}]}}