{"id":769917,"date":"2025-08-28T14:11:13","date_gmt":"2025-08-28T11:11:13","guid":{"rendered":"https:\/\/roveyayinevi.com.tr\/index.php\/urun\/hikayeyle-bastan-cikarilmak\/"},"modified":"2026-04-15T03:36:26","modified_gmt":"2026-04-15T00:36:26","slug":"hikayeyle-bastan-cikarilmak","status":"publish","type":"product","link":"https:\/\/roveyayinevi.com.tr\/index.php\/urun\/hikayeyle-bastan-cikarilmak\/","title":{"rendered":"Hikayeyle Ba\u015ftan \u00c7\u0131kar\u0131lmak"},"content":{"rendered":"<p>Hik\u00e2yeler hayat\u0131m\u0131z\u0131n her alan\u0131na n\u00fcfuz ediyor; siyasetten hukuka, edebiyattan reklamc\u0131l\u0131\u011fa, her \u015fey bir anlat\u0131 i\u00e7inde sunuluyor, bir hik\u00e2yeyle me\u015frula\u015ft\u0131r\u0131l\u0131yor. Peter Brooks, Hik\u00e2yeyle Ba\u015ftan \u00c7\u0131kar\u0131lmak\u2019ta, anlat\u0131n\u0131n b\u00fcy\u00fcleyici g\u00fcc\u00fcn\u00fc sorgularken hik\u00e2yenin tek ifade bi\u00e7imi olarak kabul g\u00f6rmesine ele\u015ftirel bir bak\u0131\u015f getiriyor, anlat\u0131n\u0131n sadece bir kurgu olmad\u0131\u011f\u0131n\u0131, ger\u00e7eklik alg\u0131m\u0131z\u0131 da \u015fekillendirdi\u011fini \u00f6rnekleriyle ortaya koyuyor. Brooks bu kitapta, geni\u015f bir \u00e7er\u00e7evede anlat\u0131n\u0131n epistemolojisini inceliyor, insanl\u0131k i\u00e7in vazge\u00e7ilmez bir ara\u00e7 oldu\u011funun alt\u0131n\u0131 \u00e7izerken suiistimalinin yaratt\u0131\u011f\u0131 tehlikelere kar\u015f\u0131 fark\u0131ndal\u0131\u011f\u0131n gereklili\u011fini vurguluyor. Hik\u00e2yenin t\u00fcm anlat\u0131m bi\u00e7imlerini g\u00f6lgeledi\u011fi g\u00fcn\u00fcm\u00fczde, anlat\u0131n\u0131n sadece bir bilgi aktarma arac\u0131 olmad\u0131\u011f\u0131n\u0131, insanlar\u0131n d\u00fc\u015f\u00fcnce s\u00fcre\u00e7lerini ve d\u00fcnya g\u00f6r\u00fc\u015f\u00fcn\u00fc nas\u0131l \u015fekillendirdi\u011fini g\u00f6steriyor. \u201cDikkatli okuman\u0131n ve bunun ger\u00e7ek d\u00fcnyaya etkilerinin g\u00fc\u00e7l\u00fc bir savunusu.\u201d \u2013Jennifer Szalai, The New York Times \u201cBrooks, hik\u00e2ye anlat\u0131c\u0131l\u0131\u011f\u0131n\u0131n sorumlulu\u011funun fark\u0131ndal\u0131\u011f\u0131yla baz\u0131 anlat\u0131 unsurlar\u0131n\u0131 saklaman\u0131n ya da onlara inanman\u0131n insan eylemlerini nas\u0131l \u015fekillendirdi\u011fini g\u00f6steriyor.\u201d \u2013J. Howard Rosier, National Book Critics Circle \u201cBu harika kitap, edebiyat ile siyaset aras\u0131nda mekik dokuyarak her alan\u0131 di\u011ferinin \u0131\u015f\u0131\u011f\u0131yla ayd\u0131nlat\u0131yor. Abart\u0131ya ka\u00e7madan d\u00fc\u015f\u00fcnd\u00fcr\u00fcc\u00fc ve merak uyand\u0131ran bir \u00fcslup kullan\u0131yor.\u201d \u2013Richard Sennett <\/p>\n","protected":false},"excerpt":{"rendered":"<p>Hik\u00e2yeler hayat\u0131m\u0131z\u0131n her alan\u0131na n\u00fcfuz ediyor; siyasetten hukuka, edebiyattan reklamc\u0131l\u0131\u011fa, her \u015fey bir anlat\u0131 i\u00e7inde sunuluyor, bir hik\u00e2yeyle me\u015frula\u015ft\u0131r\u0131l\u0131yor. Peter Brooks, Hik\u00e2yeyle Ba\u015ftan \u00c7\u0131kar\u0131lmak\u2019ta, anlat\u0131n\u0131n b\u00fcy\u00fcleyici<span class=\"excerpt-hellip\"> [\u2026]<\/span><\/p>\n","protected":false},"featured_media":0,"template":"","meta":{"_monsterinsights_skip_tracking":false,"_monsterinsights_sitenote_active":false,"_monsterinsights_sitenote_note":"","_monsterinsights_sitenote_category":0},"product_brand":[],"product_cat":[13072,12291],"product_tag":[],"class_list":{"0":"post-769917","1":"product","2":"type-product","3":"status-publish","5":"product_cat-arastirma-inceleme-referans","6":"product_cat-edebiyat","7":"pa_cilt-ciltsiz","8":"pa_tur-kitap","9":"pa_yayinevi-alfa-yayinlari","10":"pa_yazar-peter-brooks","12":"first","13":"instock","14":"sale","15":"shipping-taxable","16":"purchasable","17":"product-type-simple"},"_links":{"self":[{"href":"https:\/\/roveyayinevi.com.tr\/index.php\/wp-json\/wp\/v2\/product\/769917","targetHints":{"allow":["GET"]}}],"collection":[{"href":"https:\/\/roveyayinevi.com.tr\/index.php\/wp-json\/wp\/v2\/product"}],"about":[{"href":"https:\/\/roveyayinevi.com.tr\/index.php\/wp-json\/wp\/v2\/types\/product"}],"wp:attachment":[{"href":"https:\/\/roveyayinevi.com.tr\/index.php\/wp-json\/wp\/v2\/media?parent=769917"}],"wp:term":[{"taxonomy":"product_brand","embeddable":true,"href":"https:\/\/roveyayinevi.com.tr\/index.php\/wp-json\/wp\/v2\/product_brand?post=769917"},{"taxonomy":"product_cat","embeddable":true,"href":"https:\/\/roveyayinevi.com.tr\/index.php\/wp-json\/wp\/v2\/product_cat?post=769917"},{"taxonomy":"product_tag","embeddable":true,"href":"https:\/\/roveyayinevi.com.tr\/index.php\/wp-json\/wp\/v2\/product_tag?post=769917"}],"curies":[{"name":"wp","href":"https:\/\/api.w.org\/{rel}","templated":true}]}}