{"id":769915,"date":"2025-08-28T14:11:09","date_gmt":"2025-08-28T11:11:09","guid":{"rendered":"https:\/\/roveyayinevi.com.tr\/index.php\/urun\/40-oncu-1\/"},"modified":"2026-04-15T03:36:26","modified_gmt":"2026-04-15T00:36:26","slug":"40-oncu-1","status":"publish","type":"product","link":"https:\/\/roveyayinevi.com.tr\/index.php\/urun\/40-oncu-1\/","title":{"rendered":"40 \u00d6nc\u00fc &#8211; 1"},"content":{"rendered":"<p>Onlar, sadece bir toplulu\u011fun de\u011fil, bir davan\u0131n \u00f6nc\u00fcleri\u2026 Zorluklar\u0131n g\u00f6lgesinde, belirsizli\u011fin tam ortas\u0131nda, yaln\u0131zca imanla y\u00fcr\u00fcyenler\u2026 \u0130slam\u2019\u0131n hen\u00fcz g\u00f6r\u00fcn\u00fcr bir zafer kazanmad\u0131\u011f\u0131, g\u00fcc\u00fcn de\u011fil teslimiyetin belirleyici oldu\u011fu bir d\u00f6nemde, bu yolda ilk ad\u0131mlar\u0131 atanlar\u2026Elinizdeki kitap, 40 \u00d6nc\u00fc serisinin ilk halkas\u0131 olarak, sahabelerin sahabeleri diyebilece\u011fimiz bu y\u00fcce \u015fahsiyetlerden ilk 11\u2019ini anlat\u0131yor. Peygamber Efendimizin (sav) en yak\u0131n\u0131nda duran, \u0130slam davas\u0131na can\u0131yla, mal\u0131yla, sadakatiyle sahip \u00e7\u0131kan bu isimler, sadece birer tarihi fig\u00fcr de\u011fil; bug\u00fcn de hayat\u0131m\u0131za \u0131\u015f\u0131k tutan \u00f6rnek \u015fahsiyetlerdir.Bekir Develi ve Muhammed Yaz\u0131c\u0131\u2019n\u0131n samimi sohbetlerinden do\u011fan bu eser, sizi Asr-\u0131 Saadet\u2019in en zor ama en anlaml\u0131 g\u00fcnlerine g\u00f6t\u00fcr\u00fcyor. \u0130lk olmalar\u0131n\u0131n getirdi\u011fi \u00e7etin imtihanlar, sab\u0131rlar\u0131, fedak\u00e2rl\u0131klar\u0131 ve adanm\u0131\u015fl\u0131klar\u0131yla bu \u00e7elik m\u00fcminler, bug\u00fcn de ya\u015fanm\u0131\u015fl\u0131klar\u0131yla g\u00f6n\u00fcllere dokunmaya devam ediyor.\u0130lklerin izini s\u00fcrmeye, ger\u00e7ek \u00f6nc\u00fclerle tan\u0131\u015fmaya haz\u0131r m\u0131s\u0131n\u0131z? <\/p>\n","protected":false},"excerpt":{"rendered":"<p>Onlar, sadece bir toplulu\u011fun de\u011fil, bir davan\u0131n \u00f6nc\u00fcleri\u2026 Zorluklar\u0131n g\u00f6lgesinde, belirsizli\u011fin tam ortas\u0131nda, yaln\u0131zca imanla y\u00fcr\u00fcyenler\u2026 \u0130slam\u2019\u0131n hen\u00fcz g\u00f6r\u00fcn\u00fcr bir zafer kazanmad\u0131\u011f\u0131, g\u00fcc\u00fcn de\u011fil teslimiyetin belirleyici<span class=\"excerpt-hellip\"> [\u2026]<\/span><\/p>\n","protected":false},"featured_media":0,"template":"","meta":{"_monsterinsights_skip_tracking":false,"_monsterinsights_sitenote_active":false,"_monsterinsights_sitenote_note":"","_monsterinsights_sitenote_category":0},"product_brand":[],"product_cat":[12718,12719,18109],"product_tag":[],"class_list":{"0":"post-769915","1":"product","2":"type-product","3":"status-publish","5":"product_cat-din","6":"product_cat-islam","7":"product_cat-islam-tarihi","8":"pa_cilt-ciltsiz","9":"pa_tur-kitap","10":"pa_yayinevi-profil-kitap","11":"pa_yazar-bekir-develi-muhammed-yazici","13":"first","14":"instock","15":"sale","16":"shipping-taxable","17":"purchasable","18":"product-type-simple"},"_links":{"self":[{"href":"https:\/\/roveyayinevi.com.tr\/index.php\/wp-json\/wp\/v2\/product\/769915","targetHints":{"allow":["GET"]}}],"collection":[{"href":"https:\/\/roveyayinevi.com.tr\/index.php\/wp-json\/wp\/v2\/product"}],"about":[{"href":"https:\/\/roveyayinevi.com.tr\/index.php\/wp-json\/wp\/v2\/types\/product"}],"wp:attachment":[{"href":"https:\/\/roveyayinevi.com.tr\/index.php\/wp-json\/wp\/v2\/media?parent=769915"}],"wp:term":[{"taxonomy":"product_brand","embeddable":true,"href":"https:\/\/roveyayinevi.com.tr\/index.php\/wp-json\/wp\/v2\/product_brand?post=769915"},{"taxonomy":"product_cat","embeddable":true,"href":"https:\/\/roveyayinevi.com.tr\/index.php\/wp-json\/wp\/v2\/product_cat?post=769915"},{"taxonomy":"product_tag","embeddable":true,"href":"https:\/\/roveyayinevi.com.tr\/index.php\/wp-json\/wp\/v2\/product_tag?post=769915"}],"curies":[{"name":"wp","href":"https:\/\/api.w.org\/{rel}","templated":true}]}}