{"id":769914,"date":"2025-08-28T14:11:07","date_gmt":"2025-08-28T11:11:07","guid":{"rendered":"https:\/\/roveyayinevi.com.tr\/index.php\/urun\/national-geographic-kids-hav\/"},"modified":"2026-04-15T03:36:26","modified_gmt":"2026-04-15T00:36:26","slug":"national-geographic-kids-hav","status":"publish","type":"product","link":"https:\/\/roveyayinevi.com.tr\/index.php\/urun\/national-geographic-kids-hav\/","title":{"rendered":"National Geographic Kids &#8211; Hav!"},"content":{"rendered":"<p>Hav Hav! K\u00f6peklerin B\u00fcy\u00fcleyici D\u00fcnyas\u0131na Dal\u0131n! K\u00f6pekler hakk\u0131nda her \u015feyi \u00f6\u011frenmeye haz\u0131r m\u0131s\u0131n\u0131z? National Geographic Kids\u2019in \u2018\u2019Hav!\u2019\u2019 kitab\u0131, sad\u0131k dostlar\u0131m\u0131z\u0131n d\u00fcnyas\u0131na e\u011flenceli ve \u00f6\u011fretici bir yolculuk sunuyor. Bu Seviye 3 Okuma Kitab\u0131, ak\u0131c\u0131 okuyucular i\u00e7in hem eri\u015filebilir hem de geni\u015f kapsaml\u0131 bilgiler sunarak k\u00f6pekleri daha yak\u0131ndan tan\u0131man\u0131za yard\u0131mc\u0131 olacak! Minik Chihuahua&#8217;lardan devasa Danua&#8217;lara kadar her t\u00fcr k\u00f6pek hakk\u0131nda ilgin\u00e7 bilgiler ke\u015ffedin. K\u00f6peklerin inan\u0131lmaz yeteneklerini, ilgin\u00e7 davran\u0131\u015flar\u0131n\u0131 ve \u015fa\u015f\u0131rt\u0131c\u0131 ger\u00e7eklerini \u00f6\u011frenirken onlar\u0131n d\u00fcnyas\u0131na bir ad\u0131m daha yakla\u015f\u0131n. <\/p>\n","protected":false},"excerpt":{"rendered":"<p>Hav Hav! K\u00f6peklerin B\u00fcy\u00fcleyici D\u00fcnyas\u0131na Dal\u0131n! K\u00f6pekler hakk\u0131nda her \u015feyi \u00f6\u011frenmeye haz\u0131r m\u0131s\u0131n\u0131z? National Geographic Kids\u2019in \u2018\u2019Hav!\u2019\u2019 kitab\u0131, sad\u0131k dostlar\u0131m\u0131z\u0131n d\u00fcnyas\u0131na e\u011flenceli ve \u00f6\u011fretici bir yolculuk<span class=\"excerpt-hellip\"> [\u2026]<\/span><\/p>\n","protected":false},"featured_media":0,"template":"","meta":{"_monsterinsights_skip_tracking":false,"_monsterinsights_sitenote_active":false,"_monsterinsights_sitenote_note":"","_monsterinsights_sitenote_category":0},"product_brand":[],"product_cat":[13829,12274],"product_tag":[],"class_list":{"0":"post-769914","1":"product","2":"type-product","3":"status-publish","5":"product_cat-bilimsel-kitaplar","6":"product_cat-cocuk-ve-genclik-kitaplari","7":"pa_cilt-ciltsiz","8":"pa_tur-kitap","9":"pa_yayinevi-beta-kids","10":"pa_yazar-elizabeth-carney","12":"first","13":"instock","14":"sale","15":"shipping-taxable","16":"purchasable","17":"product-type-simple"},"_links":{"self":[{"href":"https:\/\/roveyayinevi.com.tr\/index.php\/wp-json\/wp\/v2\/product\/769914","targetHints":{"allow":["GET"]}}],"collection":[{"href":"https:\/\/roveyayinevi.com.tr\/index.php\/wp-json\/wp\/v2\/product"}],"about":[{"href":"https:\/\/roveyayinevi.com.tr\/index.php\/wp-json\/wp\/v2\/types\/product"}],"wp:attachment":[{"href":"https:\/\/roveyayinevi.com.tr\/index.php\/wp-json\/wp\/v2\/media?parent=769914"}],"wp:term":[{"taxonomy":"product_brand","embeddable":true,"href":"https:\/\/roveyayinevi.com.tr\/index.php\/wp-json\/wp\/v2\/product_brand?post=769914"},{"taxonomy":"product_cat","embeddable":true,"href":"https:\/\/roveyayinevi.com.tr\/index.php\/wp-json\/wp\/v2\/product_cat?post=769914"},{"taxonomy":"product_tag","embeddable":true,"href":"https:\/\/roveyayinevi.com.tr\/index.php\/wp-json\/wp\/v2\/product_tag?post=769914"}],"curies":[{"name":"wp","href":"https:\/\/api.w.org\/{rel}","templated":true}]}}