{"id":769913,"date":"2025-08-28T14:11:05","date_gmt":"2025-08-28T11:11:05","guid":{"rendered":"https:\/\/roveyayinevi.com.tr\/index.php\/urun\/national-geographic-kids-yilan-tiss\/"},"modified":"2026-04-15T03:36:26","modified_gmt":"2026-04-15T00:36:26","slug":"national-geographic-kids-yilan-tiss","status":"publish","type":"product","link":"https:\/\/roveyayinevi.com.tr\/index.php\/urun\/national-geographic-kids-yilan-tiss\/","title":{"rendered":"Nat\u0131onal Geographic Kids &#8211; Y\u0131lan, T\u0131ss!"},"content":{"rendered":"<p>S\u00fcr\u00fcngenlerin Gizemli D\u00fcnyas\u0131na Ad\u0131m At\u0131n! Y\u0131lanlar\u0131 ke\u015ffetmeye haz\u0131r m\u0131s\u0131n\u0131z? National Geographic Kids\u2019in \u2018\u2019Y\u0131lan, T\u0131ss!\u2019\u2019 kitab\u0131, sizi d\u00fcnyan\u0131n d\u00f6rt bir yan\u0131ndaki farkl\u0131 y\u0131lan t\u00fcrleriyle tan\u0131\u015ft\u0131r\u0131yor! Zehirli engereklerden zarars\u0131z boalara, su y\u0131lanlar\u0131ndan \u00e7\u00f6l\u00fcn gizli avc\u0131lar\u0131na kadar bu s\u00fcr\u00fcngenlerin nerede ya\u015fad\u0131\u011f\u0131n\u0131, nas\u0131l avland\u0131\u011f\u0131n\u0131 ve do\u011fada nas\u0131l hayatta kald\u0131\u011f\u0131n\u0131 ke\u015ffedin. Etkileyici foto\u011fraflar ve ilgi \u00e7ekici anlat\u0131mlarla dolu bu kitap, \u00e7ocuklar\u0131 y\u0131lanlar\u0131n b\u00fcy\u00fcleyici d\u00fcnyas\u0131na davet ediyor. Kelime a\u011fac\u0131 ve etkinlik b\u00f6l\u00fcmleri sayesinde \u00e7ocuklar, yeni kelimeleri kavram gruplar\u0131 i\u00e7inde \u00f6\u011frenerek kelime da\u011farc\u0131klar\u0131n\u0131 geli\u015ftirirken do\u011fayla ilgili bilgilerini de peki\u015ftirecekler. Bu kitap, merakl\u0131 zihinleri ke\u015ffe \u00e7\u0131kar\u0131rken do\u011faya duyulan hayranl\u0131\u011f\u0131 da art\u0131racak! <\/p>\n","protected":false},"excerpt":{"rendered":"<p>S\u00fcr\u00fcngenlerin Gizemli D\u00fcnyas\u0131na Ad\u0131m At\u0131n! Y\u0131lanlar\u0131 ke\u015ffetmeye haz\u0131r m\u0131s\u0131n\u0131z? National Geographic Kids\u2019in \u2018\u2019Y\u0131lan, T\u0131ss!\u2019\u2019 kitab\u0131, sizi d\u00fcnyan\u0131n d\u00f6rt bir yan\u0131ndaki farkl\u0131 y\u0131lan t\u00fcrleriyle tan\u0131\u015ft\u0131r\u0131yor! Zehirli engereklerden<span class=\"excerpt-hellip\"> [\u2026]<\/span><\/p>\n","protected":false},"featured_media":0,"template":"","meta":{"_monsterinsights_skip_tracking":false,"_monsterinsights_sitenote_active":false,"_monsterinsights_sitenote_note":"","_monsterinsights_sitenote_category":0},"product_brand":[],"product_cat":[13829,12274],"product_tag":[],"class_list":{"0":"post-769913","1":"product","2":"type-product","3":"status-publish","5":"product_cat-bilimsel-kitaplar","6":"product_cat-cocuk-ve-genclik-kitaplari","7":"pa_cilt-ciltsiz","8":"pa_tur-kitap","9":"pa_yayinevi-beta-kids","10":"pa_yazar-shelby-alinsky","12":"first","13":"instock","14":"sale","15":"shipping-taxable","16":"purchasable","17":"product-type-simple"},"_links":{"self":[{"href":"https:\/\/roveyayinevi.com.tr\/index.php\/wp-json\/wp\/v2\/product\/769913","targetHints":{"allow":["GET"]}}],"collection":[{"href":"https:\/\/roveyayinevi.com.tr\/index.php\/wp-json\/wp\/v2\/product"}],"about":[{"href":"https:\/\/roveyayinevi.com.tr\/index.php\/wp-json\/wp\/v2\/types\/product"}],"wp:attachment":[{"href":"https:\/\/roveyayinevi.com.tr\/index.php\/wp-json\/wp\/v2\/media?parent=769913"}],"wp:term":[{"taxonomy":"product_brand","embeddable":true,"href":"https:\/\/roveyayinevi.com.tr\/index.php\/wp-json\/wp\/v2\/product_brand?post=769913"},{"taxonomy":"product_cat","embeddable":true,"href":"https:\/\/roveyayinevi.com.tr\/index.php\/wp-json\/wp\/v2\/product_cat?post=769913"},{"taxonomy":"product_tag","embeddable":true,"href":"https:\/\/roveyayinevi.com.tr\/index.php\/wp-json\/wp\/v2\/product_tag?post=769913"}],"curies":[{"name":"wp","href":"https:\/\/api.w.org\/{rel}","templated":true}]}}