{"id":769911,"date":"2025-08-28T14:11:01","date_gmt":"2025-08-28T11:11:01","guid":{"rendered":"https:\/\/roveyayinevi.com.tr\/index.php\/urun\/yonetim-perspektifinden-dongusel-ekonomi-ve-geri-donusum-gecmisten-gelecege-surdurulebilirlik\/"},"modified":"2026-04-15T03:36:26","modified_gmt":"2026-04-15T00:36:26","slug":"yonetim-perspektifinden-dongusel-ekonomi-ve-geri-donusum-gecmisten-gelecege-surdurulebilirlik","status":"publish","type":"product","link":"https:\/\/roveyayinevi.com.tr\/index.php\/urun\/yonetim-perspektifinden-dongusel-ekonomi-ve-geri-donusum-gecmisten-gelecege-surdurulebilirlik\/","title":{"rendered":"Y\u00f6netim Perspektifinden D\u00f6ng\u00fcsel Ekonomi Ve Geri D\u00f6n\u00fc\u015f\u00fcm: Ge\u00e7mi\u015ften Gelece\u011fe S\u00fcrd\u00fcr\u00fclebilirlik"},"content":{"rendered":"<p>\u0130\u00e7indekiler :          I. D\u00f6ng\u00fcsel Ekonomi ve Geri D\u00f6n\u00fc\u015f\u00fcm          II. Geri D\u00f6n\u00fc\u015f\u00fcm\u00fcn \u00d6nemi          III. D\u00f6ng\u00fcsel Ekonomi Stratejileri          IV. Geri D\u00f6n\u00fc\u015f\u00fcm Teknolojileri          V. At\u0131k Y\u00f6netimi ve D\u00f6ng\u00fcsel Ekonomi          VI. Y\u00f6netim Perspektifinden D\u00f6ng\u00fcsel Ekonomi ve Etkileri          VII. Politika ve D\u00fczenlemeler          XIII. Geri D\u00f6n\u00fc\u015f\u00fcm ve D\u00f6ng\u00fcsel Ekonomide Gelecekteki Trendler <\/p>\n","protected":false},"excerpt":{"rendered":"<p>\u0130\u00e7indekiler : I. D\u00f6ng\u00fcsel Ekonomi ve Geri D\u00f6n\u00fc\u015f\u00fcm II. Geri D\u00f6n\u00fc\u015f\u00fcm\u00fcn \u00d6nemi III. D\u00f6ng\u00fcsel Ekonomi Stratejileri IV. Geri D\u00f6n\u00fc\u015f\u00fcm Teknolojileri V. At\u0131k Y\u00f6netimi ve D\u00f6ng\u00fcsel Ekonomi<span class=\"excerpt-hellip\"> [\u2026]<\/span><\/p>\n","protected":false},"featured_media":0,"template":"","meta":{"_monsterinsights_skip_tracking":false,"_monsterinsights_sitenote_active":false,"_monsterinsights_sitenote_note":"","_monsterinsights_sitenote_category":0},"product_brand":[],"product_cat":[13043],"product_tag":[],"class_list":{"0":"post-769911","1":"product","2":"type-product","3":"status-publish","5":"product_cat-ekonomi","6":"pa_cilt-ciltsiz","7":"pa_tur-kitap","8":"pa_yayinevi-gazi-kitabevi","9":"pa_yazar-yavuz-korkmazyurek-ergin-ozkok","11":"first","12":"instock","13":"sale","14":"shipping-taxable","15":"purchasable","16":"product-type-simple"},"_links":{"self":[{"href":"https:\/\/roveyayinevi.com.tr\/index.php\/wp-json\/wp\/v2\/product\/769911","targetHints":{"allow":["GET"]}}],"collection":[{"href":"https:\/\/roveyayinevi.com.tr\/index.php\/wp-json\/wp\/v2\/product"}],"about":[{"href":"https:\/\/roveyayinevi.com.tr\/index.php\/wp-json\/wp\/v2\/types\/product"}],"wp:attachment":[{"href":"https:\/\/roveyayinevi.com.tr\/index.php\/wp-json\/wp\/v2\/media?parent=769911"}],"wp:term":[{"taxonomy":"product_brand","embeddable":true,"href":"https:\/\/roveyayinevi.com.tr\/index.php\/wp-json\/wp\/v2\/product_brand?post=769911"},{"taxonomy":"product_cat","embeddable":true,"href":"https:\/\/roveyayinevi.com.tr\/index.php\/wp-json\/wp\/v2\/product_cat?post=769911"},{"taxonomy":"product_tag","embeddable":true,"href":"https:\/\/roveyayinevi.com.tr\/index.php\/wp-json\/wp\/v2\/product_tag?post=769911"}],"curies":[{"name":"wp","href":"https:\/\/api.w.org\/{rel}","templated":true}]}}