{"id":769910,"date":"2025-08-28T14:11:00","date_gmt":"2025-08-28T11:11:00","guid":{"rendered":"https:\/\/roveyayinevi.com.tr\/index.php\/urun\/power-in-chaos-non-state-armed-groups-and-the-future-of-security\/"},"modified":"2026-04-15T03:36:26","modified_gmt":"2026-04-15T00:36:26","slug":"power-in-chaos-non-state-armed-groups-and-the-future-of-security","status":"publish","type":"product","link":"https:\/\/roveyayinevi.com.tr\/index.php\/urun\/power-in-chaos-non-state-armed-groups-and-the-future-of-security\/","title":{"rendered":"Power \u0130n Chaos: Non-State Armed Groups And The Future Of Security"},"content":{"rendered":"<p>\u0130\u00e7indekiler :     \u00b7         CHAPTER-1: State Failure and Non-State Armed Groups   \u00b7         CHAPTER-2: The Architecture of Survival   \u00b7         CHAPTER-3: What We Have Today\u2026 <\/p>\n","protected":false},"excerpt":{"rendered":"<p>\u0130\u00e7indekiler : \u00b7 CHAPTER-1: State Failure and Non-State Armed Groups \u00b7 CHAPTER-2: The Architecture of Survival \u00b7 CHAPTER-3: What We Have Today\u2026<\/p>\n","protected":false},"featured_media":0,"template":"","meta":{"_monsterinsights_skip_tracking":false,"_monsterinsights_sitenote_active":false,"_monsterinsights_sitenote_note":"","_monsterinsights_sitenote_category":0},"product_brand":[],"product_cat":[13005,40995],"product_tag":[],"class_list":{"0":"post-769910","1":"product","2":"type-product","3":"status-publish","5":"product_cat-bilim-muhendislik","6":"product_cat-sosyal-bilimler","7":"pa_cilt-ciltsiz","8":"pa_tur-kitap","9":"pa_yayinevi-gazi-kitabevi","10":"pa_yazar-muhammed-karakus","12":"first","13":"instock","14":"sale","15":"shipping-taxable","16":"purchasable","17":"product-type-simple"},"_links":{"self":[{"href":"https:\/\/roveyayinevi.com.tr\/index.php\/wp-json\/wp\/v2\/product\/769910","targetHints":{"allow":["GET"]}}],"collection":[{"href":"https:\/\/roveyayinevi.com.tr\/index.php\/wp-json\/wp\/v2\/product"}],"about":[{"href":"https:\/\/roveyayinevi.com.tr\/index.php\/wp-json\/wp\/v2\/types\/product"}],"wp:attachment":[{"href":"https:\/\/roveyayinevi.com.tr\/index.php\/wp-json\/wp\/v2\/media?parent=769910"}],"wp:term":[{"taxonomy":"product_brand","embeddable":true,"href":"https:\/\/roveyayinevi.com.tr\/index.php\/wp-json\/wp\/v2\/product_brand?post=769910"},{"taxonomy":"product_cat","embeddable":true,"href":"https:\/\/roveyayinevi.com.tr\/index.php\/wp-json\/wp\/v2\/product_cat?post=769910"},{"taxonomy":"product_tag","embeddable":true,"href":"https:\/\/roveyayinevi.com.tr\/index.php\/wp-json\/wp\/v2\/product_tag?post=769910"}],"curies":[{"name":"wp","href":"https:\/\/api.w.org\/{rel}","templated":true}]}}