{"id":769908,"date":"2025-08-28T14:10:57","date_gmt":"2025-08-28T11:10:57","guid":{"rendered":"https:\/\/roveyayinevi.com.tr\/index.php\/urun\/kriz-geliyorum-der\/"},"modified":"2026-04-15T03:36:26","modified_gmt":"2026-04-15T00:36:26","slug":"kriz-geliyorum-der","status":"publish","type":"product","link":"https:\/\/roveyayinevi.com.tr\/index.php\/urun\/kriz-geliyorum-der\/","title":{"rendered":"Kriz Geliyorum Der"},"content":{"rendered":"<p>\u0130\u00e7indekiler :     \u00b7         EKONOM\u0130K KR\u0130ZLER   \u00b7         F\u0130NANSAL KR\u0130ZLER   \u00b7         F\u0130NANSAL KR\u0130ZLER\u0130N NEDENLER\u0130   \u00b7         KR\u0130Z GEL\u0130YORUM DER <\/p>\n","protected":false},"excerpt":{"rendered":"<p>\u0130\u00e7indekiler : \u00b7 EKONOM\u0130K KR\u0130ZLER \u00b7 F\u0130NANSAL KR\u0130ZLER \u00b7 F\u0130NANSAL KR\u0130ZLER\u0130N NEDENLER\u0130 \u00b7 KR\u0130Z GEL\u0130YORUM DER<\/p>\n","protected":false},"featured_media":0,"template":"","meta":{"_monsterinsights_skip_tracking":false,"_monsterinsights_sitenote_active":false,"_monsterinsights_sitenote_note":"","_monsterinsights_sitenote_category":0},"product_brand":[],"product_cat":[13043],"product_tag":[],"class_list":{"0":"post-769908","1":"product","2":"type-product","3":"status-publish","5":"product_cat-ekonomi","6":"pa_cilt-ciltsiz","7":"pa_tur-kitap","8":"pa_yayinevi-gazi-kitabevi","9":"pa_yazar-gunay-deniz-dursun","11":"first","12":"instock","13":"sale","14":"shipping-taxable","15":"purchasable","16":"product-type-simple"},"_links":{"self":[{"href":"https:\/\/roveyayinevi.com.tr\/index.php\/wp-json\/wp\/v2\/product\/769908","targetHints":{"allow":["GET"]}}],"collection":[{"href":"https:\/\/roveyayinevi.com.tr\/index.php\/wp-json\/wp\/v2\/product"}],"about":[{"href":"https:\/\/roveyayinevi.com.tr\/index.php\/wp-json\/wp\/v2\/types\/product"}],"wp:attachment":[{"href":"https:\/\/roveyayinevi.com.tr\/index.php\/wp-json\/wp\/v2\/media?parent=769908"}],"wp:term":[{"taxonomy":"product_brand","embeddable":true,"href":"https:\/\/roveyayinevi.com.tr\/index.php\/wp-json\/wp\/v2\/product_brand?post=769908"},{"taxonomy":"product_cat","embeddable":true,"href":"https:\/\/roveyayinevi.com.tr\/index.php\/wp-json\/wp\/v2\/product_cat?post=769908"},{"taxonomy":"product_tag","embeddable":true,"href":"https:\/\/roveyayinevi.com.tr\/index.php\/wp-json\/wp\/v2\/product_tag?post=769908"}],"curies":[{"name":"wp","href":"https:\/\/api.w.org\/{rel}","templated":true}]}}