{"id":769905,"date":"2025-08-28T14:10:52","date_gmt":"2025-08-28T11:10:52","guid":{"rendered":"https:\/\/roveyayinevi.com.tr\/index.php\/urun\/sanat-dunyamiz-204-bahar-2025\/"},"modified":"2026-04-15T03:36:26","modified_gmt":"2026-04-15T00:36:26","slug":"sanat-dunyamiz-204-bahar-2025","status":"publish","type":"product","link":"https:\/\/roveyayinevi.com.tr\/index.php\/urun\/sanat-dunyamiz-204-bahar-2025\/","title":{"rendered":"Sanat D\u00fcnyam\u0131z 204 \/ Bahar 2025"},"content":{"rendered":"<p>Ar\u015fiv ve \u0130htimam Sanat D\u00fcnyam\u0131z dergisi, okuyucular\u0131yla kapsaml\u0131 dosyalar payla\u015fmaya devam ediyor. Bahar say\u0131s\u0131nda ki\u015fisel ar\u015fivlerin sanattaki rol\u00fc, ar\u015fiv sergileri ve kar\u015f\u0131-ar\u015fiv kavramlar\u0131 \u00fczerine odaklanan yaz\u0131lardan olu\u015fan &#8220;Ar\u015fiv ve \u0130htimam&#8221; dosyas\u0131na yer veriliyor. Bu kapsamda Nora Tataryan, ele\u015ftirel kurmaca kavram\u0131n\u0131 derinlemesine inceliyor. Amin Alsaden ve Gizem Bay\u0131ksel\u2019in yaz\u0131lar\u0131, kar\u015f\u0131-ar\u015fivlerin potansiyellerini ke\u015ffederken, Akram Zaatari\u2019nin Ebru Esra Sat\u0131c\u0131 ile yapt\u0131\u011f\u0131 s\u00f6yle\u015fi sanat\u00e7\u0131n\u0131n \u00e7al\u0131\u015fmalar\u0131na bu kavram \u00fczerinden bak\u0131yor. Marina Papazyan, ar\u015fiv sergilerini kaleme al\u0131rken, Melis Behlil, Eda Yi\u011fit &amp; Orhan Cem \u00c7etin ve Asl\u0131 \u00c7avu\u015fo\u011flu, ki\u015fisel ar\u015fivlerden ilham alan ilgin\u00e7 \u00f6rnekler sunuyor. Derginin akordiyon sayfalar\u0131nda ise Dilek Winchester\u2019\u0131n ar\u015fiv notlar\u0131 yer buluyor. Dosya d\u0131\u015f\u0131nda, g\u00fcncel sanat\u0131n dinamik g\u00fcndemini takip eden konular da dergide yer al\u0131yor. Ozan \u00d6zkan\u2019\u0131n Hayy Open Space\u2019teki &#8220;Ses Uyumu&#8221; sergisi, Ceylan \u00d6nalp&#8217;in YUNT\u2019taki &#8220;Serbestlik Dereceleri&#8221; sergisi \u00fczerine yaz\u0131lar\u0131 derginin g\u00fcncel konular\u0131 aras\u0131nda. Dergide ayr\u0131ca, 59. Venedik Bienali Sanat Sergisi\u2019nin de k\u00fcrat\u00f6rl\u00fc\u011f\u00fcn\u00fc \u00fcstlenmi\u015f olan Cecilia Alemani ile Santa Fe ve New York\u2019taki projeleri \u00fczerine ger\u00e7ekle\u015ftirilmi\u015f bir s\u00f6yle\u015fi de bulunuyor. <\/p>\n","protected":false},"excerpt":{"rendered":"<p>Ar\u015fiv ve \u0130htimam Sanat D\u00fcnyam\u0131z dergisi, okuyucular\u0131yla kapsaml\u0131 dosyalar payla\u015fmaya devam ediyor. Bahar say\u0131s\u0131nda ki\u015fisel ar\u015fivlerin sanattaki rol\u00fc, ar\u015fiv sergileri ve kar\u015f\u0131-ar\u015fiv kavramlar\u0131 \u00fczerine odaklanan yaz\u0131lardan<span class=\"excerpt-hellip\"> [\u2026]<\/span><\/p>\n","protected":false},"featured_media":0,"template":"","meta":{"_monsterinsights_skip_tracking":false,"_monsterinsights_sitenote_active":false,"_monsterinsights_sitenote_note":"","_monsterinsights_sitenote_category":0},"product_brand":[],"product_cat":[22066,13527],"product_tag":[],"class_list":{"0":"post-769905","1":"product","2":"type-product","3":"status-publish","5":"product_cat-sanat-sureli-yayinlar","6":"product_cat-sureli-yayinlar","7":"pa_cilt-ciltsiz","8":"pa_tur-dergi","9":"pa_yayinevi-yapi-kredi-yayinlari-dergi","10":"pa_yazar-kolektif","12":"first","13":"instock","14":"sale","15":"shipping-taxable","16":"purchasable","17":"product-type-simple"},"_links":{"self":[{"href":"https:\/\/roveyayinevi.com.tr\/index.php\/wp-json\/wp\/v2\/product\/769905","targetHints":{"allow":["GET"]}}],"collection":[{"href":"https:\/\/roveyayinevi.com.tr\/index.php\/wp-json\/wp\/v2\/product"}],"about":[{"href":"https:\/\/roveyayinevi.com.tr\/index.php\/wp-json\/wp\/v2\/types\/product"}],"wp:attachment":[{"href":"https:\/\/roveyayinevi.com.tr\/index.php\/wp-json\/wp\/v2\/media?parent=769905"}],"wp:term":[{"taxonomy":"product_brand","embeddable":true,"href":"https:\/\/roveyayinevi.com.tr\/index.php\/wp-json\/wp\/v2\/product_brand?post=769905"},{"taxonomy":"product_cat","embeddable":true,"href":"https:\/\/roveyayinevi.com.tr\/index.php\/wp-json\/wp\/v2\/product_cat?post=769905"},{"taxonomy":"product_tag","embeddable":true,"href":"https:\/\/roveyayinevi.com.tr\/index.php\/wp-json\/wp\/v2\/product_tag?post=769905"}],"curies":[{"name":"wp","href":"https:\/\/api.w.org\/{rel}","templated":true}]}}