{"id":769904,"date":"2025-08-28T14:10:50","date_gmt":"2025-08-28T11:10:50","guid":{"rendered":"https:\/\/roveyayinevi.com.tr\/index.php\/urun\/hava-tasitlarini-kesfet\/"},"modified":"2026-04-15T03:36:26","modified_gmt":"2026-04-15T00:36:26","slug":"hava-tasitlarini-kesfet","status":"publish","type":"product","link":"https:\/\/roveyayinevi.com.tr\/index.php\/urun\/hava-tasitlarini-kesfet\/","title":{"rendered":"Hava Ta\u015f\u0131tlar\u0131n\u0131 Ke\u015ffet"},"content":{"rendered":"<p>SEL\u00c7UK \u015e\u0130R\u0130N OKUL \u00d6NCES\u0130 K\u0130TAPLI\u011eI, \u00e7ocuklar\u0131n 21. y\u00fczy\u0131l becerilerini kazanmalar\u0131na yard\u0131mc\u0131 olurken onlar\u0131n merak eden, hayal kuran, ara\u015ft\u0131ran bireyler olmalar\u0131n\u0131 hedefler. Bu kitap, \u00e7ocuklara temel m\u00fchendislik ilkelerini, hava ta\u015f\u0131tlar\u0131 \u00fczerinden g\u00f6stermek amac\u0131yla tasarland\u0131. \u00c7ocuklar kitapta u\u00e7aklar\u0131n nas\u0131l \u00e7al\u0131\u015ft\u0131\u011f\u0131n\u0131, u\u00e7ma ilkelerini basit aerodinamik deneyler ve g\u00f6zlemlerle ke\u015ffeder.<\/p>\n","protected":false},"excerpt":{"rendered":"<p>SEL\u00c7UK \u015e\u0130R\u0130N OKUL \u00d6NCES\u0130 K\u0130TAPLI\u011eI, \u00e7ocuklar\u0131n 21. y\u00fczy\u0131l becerilerini kazanmalar\u0131na yard\u0131mc\u0131 olurken onlar\u0131n merak eden, hayal kuran, ara\u015ft\u0131ran bireyler olmalar\u0131n\u0131 hedefler. Bu kitap, \u00e7ocuklara temel m\u00fchendislik<span class=\"excerpt-hellip\"> [\u2026]<\/span><\/p>\n","protected":false},"featured_media":0,"template":"","meta":{"_monsterinsights_skip_tracking":false,"_monsterinsights_sitenote_active":false,"_monsterinsights_sitenote_note":"","_monsterinsights_sitenote_category":0},"product_brand":[],"product_cat":[12274,12518],"product_tag":[],"class_list":{"0":"post-769904","1":"product","2":"type-product","3":"status-publish","5":"product_cat-cocuk-ve-genclik-kitaplari","6":"product_cat-okul-oncesi-kitaplar","7":"pa_cilt-ciltsiz","8":"pa_tur-kitap","9":"pa_yayinevi-mundi","10":"pa_yazar-selcuk-sirin-derya-sirin","12":"first","13":"instock","14":"sale","15":"shipping-taxable","16":"purchasable","17":"product-type-simple"},"_links":{"self":[{"href":"https:\/\/roveyayinevi.com.tr\/index.php\/wp-json\/wp\/v2\/product\/769904","targetHints":{"allow":["GET"]}}],"collection":[{"href":"https:\/\/roveyayinevi.com.tr\/index.php\/wp-json\/wp\/v2\/product"}],"about":[{"href":"https:\/\/roveyayinevi.com.tr\/index.php\/wp-json\/wp\/v2\/types\/product"}],"wp:attachment":[{"href":"https:\/\/roveyayinevi.com.tr\/index.php\/wp-json\/wp\/v2\/media?parent=769904"}],"wp:term":[{"taxonomy":"product_brand","embeddable":true,"href":"https:\/\/roveyayinevi.com.tr\/index.php\/wp-json\/wp\/v2\/product_brand?post=769904"},{"taxonomy":"product_cat","embeddable":true,"href":"https:\/\/roveyayinevi.com.tr\/index.php\/wp-json\/wp\/v2\/product_cat?post=769904"},{"taxonomy":"product_tag","embeddable":true,"href":"https:\/\/roveyayinevi.com.tr\/index.php\/wp-json\/wp\/v2\/product_tag?post=769904"}],"curies":[{"name":"wp","href":"https:\/\/api.w.org\/{rel}","templated":true}]}}