{"id":769901,"date":"2025-08-28T14:10:44","date_gmt":"2025-08-28T11:10:44","guid":{"rendered":"https:\/\/roveyayinevi.com.tr\/index.php\/urun\/dus-serisi-2-yarinin-kiyisinda-hediyeli-kutu\/"},"modified":"2026-04-13T03:32:14","modified_gmt":"2026-04-13T00:32:14","slug":"dus-serisi-2-yarinin-kiyisinda-hediyeli-kutu","status":"publish","type":"product","link":"https:\/\/roveyayinevi.com.tr\/index.php\/urun\/dus-serisi-2-yarinin-kiyisinda-hediyeli-kutu\/","title":{"rendered":"D\u00fc\u015f Serisi 2: Yar\u0131n\u0131n K\u0131y\u0131s\u0131nda \u2013 Hediyeli Kutu"},"content":{"rendered":"<p>\u0130\u00e7indekiler:   Yar\u0131n\u0131n K\u0131y\u0131s\u0131nda (Ciltli) \u00d6zel Tasar\u0131m Defter \u00d6zel Tasar\u0131m Sticker \u015eeffaf Ayra\u00e7 Poster <\/p>\n","protected":false},"excerpt":{"rendered":"<p>\u0130\u00e7indekiler: Yar\u0131n\u0131n K\u0131y\u0131s\u0131nda (Ciltli) \u00d6zel Tasar\u0131m Defter \u00d6zel Tasar\u0131m Sticker \u015eeffaf Ayra\u00e7 Poster<\/p>\n","protected":false},"featured_media":0,"template":"","meta":{"_monsterinsights_skip_tracking":false,"_monsterinsights_sitenote_active":false,"_monsterinsights_sitenote_note":"","_monsterinsights_sitenote_category":0},"product_brand":[],"product_cat":[12291,12711],"product_tag":[],"class_list":{"0":"post-769901","1":"product","2":"type-product","3":"status-publish","5":"product_cat-edebiyat","6":"product_cat-roman-oyku","7":"pa_cilt-ciltli","8":"pa_tur-kitap","9":"pa_yayinevi-guardian","10":"pa_yazar-mishelov","12":"first","13":"instock","14":"sale","15":"shipping-taxable","16":"purchasable","17":"product-type-simple"},"_links":{"self":[{"href":"https:\/\/roveyayinevi.com.tr\/index.php\/wp-json\/wp\/v2\/product\/769901","targetHints":{"allow":["GET"]}}],"collection":[{"href":"https:\/\/roveyayinevi.com.tr\/index.php\/wp-json\/wp\/v2\/product"}],"about":[{"href":"https:\/\/roveyayinevi.com.tr\/index.php\/wp-json\/wp\/v2\/types\/product"}],"wp:attachment":[{"href":"https:\/\/roveyayinevi.com.tr\/index.php\/wp-json\/wp\/v2\/media?parent=769901"}],"wp:term":[{"taxonomy":"product_brand","embeddable":true,"href":"https:\/\/roveyayinevi.com.tr\/index.php\/wp-json\/wp\/v2\/product_brand?post=769901"},{"taxonomy":"product_cat","embeddable":true,"href":"https:\/\/roveyayinevi.com.tr\/index.php\/wp-json\/wp\/v2\/product_cat?post=769901"},{"taxonomy":"product_tag","embeddable":true,"href":"https:\/\/roveyayinevi.com.tr\/index.php\/wp-json\/wp\/v2\/product_tag?post=769901"}],"curies":[{"name":"wp","href":"https:\/\/api.w.org\/{rel}","templated":true}]}}