{"id":769898,"date":"2025-08-28T14:10:39","date_gmt":"2025-08-28T11:10:39","guid":{"rendered":"https:\/\/roveyayinevi.com.tr\/index.php\/urun\/ahsenul-kasas-ibretler-kissasi\/"},"modified":"2026-03-12T03:33:36","modified_gmt":"2026-03-12T00:33:36","slug":"ahsenul-kasas-ibretler-kissasi","status":"publish","type":"product","link":"https:\/\/roveyayinevi.com.tr\/index.php\/urun\/ahsenul-kasas-ibretler-kissasi\/","title":{"rendered":"Ahsen\u00fc\u2019l Kasas \u0130bretler K\u0131ssas\u0131"},"content":{"rendered":"<p>En g\u00fczel k\u0131ssan\u0131n en g\u00fczel anlat\u0131c\u0131 taraf\u0131ndan en g\u00fczel \u015fekilde anlat\u0131ld\u0131\u011f\u0131 ibretlerle dolu Ahsen\u00fc\u2019l Kasas\u2026 \u015eeytan\u0131n d\u00fc\u015fmanl\u0131\u011f\u0131 ile karde\u015flerin k\u0131skan\u00e7l\u0131kla kurdu\u011fu tuza\u011fa ra\u011fmen Allah\u2019\u0131n iradesinin galip gelmesi\u2026 \u0130\u00e7erisinde r\u00fcyalar, g\u00f6mlekler, mahkemeler, nefisler, kervanlar gibi tekrarlar\u0131n oldu\u011fu\u2026 Yusuf ve (Z\u00fcleyha) a\u015fk\u0131 k\u0131ssas\u0131 de\u011fil, sureye g\u00f6re Yusuf ve karde\u015flerinin ibretlik k\u0131ssas\u0131&#8230; Kur\u2019an\u2019da 12.c\u00fcz\u2019de, 12. Sure\u2019de ve 12. ayetinde karde\u015flerden bahsederek Kur\u2019an\u2019i bir mucizeye i\u015faret etmesi\u2026 Yusuf suresinin bir a\u015fk k\u0131ssas\u0131 de\u011fil Yakupo\u011fullar\u0131\u2019n\u0131n M\u0131s\u0131r\u2019a giri\u015f hikayesi oldu\u011fu&#8230; Yusuf\u2019un masumiyetinin Allah taraf\u0131ndan vahyedildi\u011fi, \u015fahit\u00e7e ispat edildi\u011fi, (Z\u00fcleyha) ve di\u011fer kad\u0131nlar taraf\u0131ndan itiraf edildi\u011fi, Aziz, Kral taraf\u0131ndan tespit edildi\u011fi\u2026 Yusuf\u2019\u0131n (as) fiziki g\u00fczelli\u011finden de\u011fil, s\u0131dd\u0131k, salih, muhsin oldu\u011fu ilim ve hikmet verilmesinden bahsedildi\u011fi\u2026 Aile, baba \u00e7ocuk ili\u015fkisi, \u015feytan\u0131n d\u00fc\u015fmanl\u0131\u011f\u0131, karde\u015flerin k\u0131skan\u00e7l\u0131\u011f\u0131, en dipden en y\u00fckse\u011fe \u00e7\u0131k\u0131ld\u0131\u011f\u0131,psikoloji ekonomi devlet y\u00f6netimin g\u00f6r\u00fcld\u00fc\u011f\u00fc\u2026 Allah\u2019\u0131n murad\u0131n\u0131n mutlak ger\u00e7ekle\u015fti\u011fi, peygamberlerin m\u00fccadele ederken \u00e7ektiklerinin nihayetinde bir \u00f6mr\u00fcn bilgisi Yusuf k\u0131ssas\u0131nda\u2026 <\/p>\n","protected":false},"excerpt":{"rendered":"<p>En g\u00fczel k\u0131ssan\u0131n en g\u00fczel anlat\u0131c\u0131 taraf\u0131ndan en g\u00fczel \u015fekilde anlat\u0131ld\u0131\u011f\u0131 ibretlerle dolu Ahsen\u00fc\u2019l Kasas\u2026 \u015eeytan\u0131n d\u00fc\u015fmanl\u0131\u011f\u0131 ile karde\u015flerin k\u0131skan\u00e7l\u0131kla kurdu\u011fu tuza\u011fa ra\u011fmen Allah\u2019\u0131n iradesinin galip<span class=\"excerpt-hellip\"> [\u2026]<\/span><\/p>\n","protected":false},"featured_media":0,"template":"","meta":{"_monsterinsights_skip_tracking":false,"_monsterinsights_sitenote_active":false,"_monsterinsights_sitenote_note":"","_monsterinsights_sitenote_category":0},"product_brand":[],"product_cat":[13036,12718,12719],"product_tag":[],"class_list":{"0":"post-769898","1":"product","2":"type-product","3":"status-publish","5":"product_cat-arastirma-inceleme-islam","6":"product_cat-din","7":"product_cat-islam","8":"pa_cilt-ciltsiz","9":"pa_tur-kitap","10":"pa_yayinevi-kirmizi-cati-yayinlari","11":"pa_yazar-ismail-muezzinoglu","13":"first","14":"instock","15":"sale","16":"shipping-taxable","17":"purchasable","18":"product-type-simple"},"_links":{"self":[{"href":"https:\/\/roveyayinevi.com.tr\/index.php\/wp-json\/wp\/v2\/product\/769898","targetHints":{"allow":["GET"]}}],"collection":[{"href":"https:\/\/roveyayinevi.com.tr\/index.php\/wp-json\/wp\/v2\/product"}],"about":[{"href":"https:\/\/roveyayinevi.com.tr\/index.php\/wp-json\/wp\/v2\/types\/product"}],"wp:attachment":[{"href":"https:\/\/roveyayinevi.com.tr\/index.php\/wp-json\/wp\/v2\/media?parent=769898"}],"wp:term":[{"taxonomy":"product_brand","embeddable":true,"href":"https:\/\/roveyayinevi.com.tr\/index.php\/wp-json\/wp\/v2\/product_brand?post=769898"},{"taxonomy":"product_cat","embeddable":true,"href":"https:\/\/roveyayinevi.com.tr\/index.php\/wp-json\/wp\/v2\/product_cat?post=769898"},{"taxonomy":"product_tag","embeddable":true,"href":"https:\/\/roveyayinevi.com.tr\/index.php\/wp-json\/wp\/v2\/product_tag?post=769898"}],"curies":[{"name":"wp","href":"https:\/\/api.w.org\/{rel}","templated":true}]}}