{"id":769897,"date":"2025-08-28T14:10:38","date_gmt":"2025-08-28T11:10:38","guid":{"rendered":"https:\/\/roveyayinevi.com.tr\/index.php\/urun\/aradigim-sifa\/"},"modified":"2025-11-21T11:31:40","modified_gmt":"2025-11-21T08:31:40","slug":"aradigim-sifa","status":"publish","type":"product","link":"https:\/\/roveyayinevi.com.tr\/index.php\/urun\/aradigim-sifa\/","title":{"rendered":"Arad\u0131\u011f\u0131m \u015eifa"},"content":{"rendered":"<p>Res\u00fclullah (s.a.v.) Efendimiz Buyurmu\u015ftur ki: \u201cHasta olmadan \u00f6nce sa\u011fl\u0131\u011f\u0131n\u0131z\u0131n k\u0131ymetini bilin.\u201d Ve yine Res\u00fclullah (s.a.v.) buyurdu: \u201c\u0130ki nimet vard\u0131r. \u0130nsanlardan pek \u00e7o\u011fu bunlar\u0131n k\u0131ymetini bilmez ve zarar etmi\u015ftir. Bunlar\u0131n ilki Sa\u011fl\u0131k. Di\u011feri Bo\u015fvakittir.\u201d Diye hadis etmi\u015ftir. <\/p>\n","protected":false},"excerpt":{"rendered":"<p>Res\u00fclullah (s.a.v.) Efendimiz Buyurmu\u015ftur ki: \u201cHasta olmadan \u00f6nce sa\u011fl\u0131\u011f\u0131n\u0131z\u0131n k\u0131ymetini bilin.\u201d Ve yine Res\u00fclullah (s.a.v.) buyurdu: \u201c\u0130ki nimet vard\u0131r. \u0130nsanlardan pek \u00e7o\u011fu bunlar\u0131n k\u0131ymetini bilmez ve<span class=\"excerpt-hellip\"> [\u2026]<\/span><\/p>\n","protected":false},"featured_media":0,"template":"","meta":{"_monsterinsights_skip_tracking":false,"_monsterinsights_sitenote_active":false,"_monsterinsights_sitenote_note":"","_monsterinsights_sitenote_category":0},"product_brand":[],"product_cat":[12718,12719,45552],"product_tag":[],"class_list":{"0":"post-769897","1":"product","2":"type-product","3":"status-publish","5":"product_cat-din","6":"product_cat-islam","7":"product_cat-meal-tefsir-hadis","8":"pa_cilt-ciltsiz","9":"pa_tur-kitap","10":"pa_yayinevi-gulnar-yayinlari","11":"pa_yazar-ilhami-ozger","13":"first","14":"instock","15":"sale","16":"shipping-taxable","17":"purchasable","18":"product-type-simple"},"_links":{"self":[{"href":"https:\/\/roveyayinevi.com.tr\/index.php\/wp-json\/wp\/v2\/product\/769897","targetHints":{"allow":["GET"]}}],"collection":[{"href":"https:\/\/roveyayinevi.com.tr\/index.php\/wp-json\/wp\/v2\/product"}],"about":[{"href":"https:\/\/roveyayinevi.com.tr\/index.php\/wp-json\/wp\/v2\/types\/product"}],"wp:attachment":[{"href":"https:\/\/roveyayinevi.com.tr\/index.php\/wp-json\/wp\/v2\/media?parent=769897"}],"wp:term":[{"taxonomy":"product_brand","embeddable":true,"href":"https:\/\/roveyayinevi.com.tr\/index.php\/wp-json\/wp\/v2\/product_brand?post=769897"},{"taxonomy":"product_cat","embeddable":true,"href":"https:\/\/roveyayinevi.com.tr\/index.php\/wp-json\/wp\/v2\/product_cat?post=769897"},{"taxonomy":"product_tag","embeddable":true,"href":"https:\/\/roveyayinevi.com.tr\/index.php\/wp-json\/wp\/v2\/product_tag?post=769897"}],"curies":[{"name":"wp","href":"https:\/\/api.w.org\/{rel}","templated":true}]}}