{"id":769896,"date":"2025-08-28T14:10:35","date_gmt":"2025-08-28T11:10:35","guid":{"rendered":"https:\/\/roveyayinevi.com.tr\/index.php\/urun\/ozumden-oz-sozler-3\/"},"modified":"2026-04-15T03:36:25","modified_gmt":"2026-04-15T00:36:25","slug":"ozumden-oz-sozler-3","status":"publish","type":"product","link":"https:\/\/roveyayinevi.com.tr\/index.php\/urun\/ozumden-oz-sozler-3\/","title":{"rendered":"\u00d6z\u00fcmden \u00d6z S\u00f6zler &#8211; 3"},"content":{"rendered":"<p>Birinci ve ikinci kitapta s\u00f6yledi\u011fim gibi; s\u00f6z\u00fcn \u00f6z\u00fcn\u00fc ya konu\u015fman\u0131n ba\u015f\u0131nda ya da sonunda s\u00f6yler ve rahatlar\u0131z.  Tabiri caizse bombay\u0131 patlat\u0131r\u0131z. \u0130\u015fte buradaki beyitler bu minvalde s\u00f6zlerdir diye d\u00fc\u015f\u00fcn\u00fcyorum. Bu kitapta sunulan beyitlerde de 7+7 hece kural\u0131 tercih edilmi\u015ftir. Beyitlerin hem anlaml\u0131 hem uyumlu hem de vurgulu olmas\u0131na \u00f6zen g\u00f6sterilmi\u015ftir. Buradaki b\u00fct\u00fcn beyitler; kitab\u0131n isminden de anla\u015f\u0131laca\u011f\u0131 \u00fczere \u00f6zg\u00fcnd\u00fcr. Elbette d\u00fc\u015f\u00fcn\u00fcr, yazar ve \u00e7izerlerin fikirlerinden de tema olarak yararlanma hakk\u0131m\u0131 kulland\u0131m, ancak ifadeler tamamen bendenize aittir. Fayda \u00fcretme ad\u0131na insanlarla bu \u00e7al\u0131\u015fmalar\u0131m\u0131 payla\u015fma f\u0131rsat\u0131 veren Y\u00fcce Rabbimize \u015f\u00fck\u00fcrler olsun. Neden beyiti tercihim ettim? \u00c7\u00fcnk\u00fc s\u00f6z\u00fc uzatmadan bu budur demektir beyit. \u00d6z\u00fcn \u00f6z\u00fcn\u00fc bir s\u00f6z damlas\u0131 haline getirip deyivermektir beyit. Evirip \u00e7evirmeden do\u011frudan hedefe varmak, hedefi vurmakt\u0131r beyit, bu y\u00fczdendir beyit tercihim. Yaln\u0131zl\u0131ktan korkanlar kendini bulamazlar D\u00fc\u015f\u00fcp de kalkmayanlar hayatta kalamazlar   \u00dczersem \u00fcz\u00fcl\u00fcr\u00fcm erdemli insanlar\u0131 \u00dcz\u00fcl\u00fcrse \u00fcz\u00fclmem, zalime susanlar\u0131   Kavga ile bal yemek, lezzet vermez yiyene \u0130tibar etme dostum \u201ckavga iyi\u201d diyene   Sevgili olamazs\u0131n sevgini g\u00f6stermeden Sevgi ile beslenir ruha b\u00fcr\u00fcnen beden <\/p>\n","protected":false},"excerpt":{"rendered":"<p>Birinci ve ikinci kitapta s\u00f6yledi\u011fim gibi; s\u00f6z\u00fcn \u00f6z\u00fcn\u00fc ya konu\u015fman\u0131n ba\u015f\u0131nda ya da sonunda s\u00f6yler ve rahatlar\u0131z. Tabiri caizse bombay\u0131 patlat\u0131r\u0131z. \u0130\u015fte buradaki beyitler bu minvalde<span class=\"excerpt-hellip\"> [\u2026]<\/span><\/p>\n","protected":false},"featured_media":0,"template":"","meta":{"_monsterinsights_skip_tracking":false,"_monsterinsights_sitenote_active":false,"_monsterinsights_sitenote_note":"","_monsterinsights_sitenote_category":0},"product_brand":[],"product_cat":[12291,12509],"product_tag":[],"class_list":{"0":"post-769896","1":"product","2":"type-product","3":"status-publish","5":"product_cat-edebiyat","6":"product_cat-siir","7":"pa_cilt-ciltsiz","8":"pa_tur-kitap","9":"pa_yayinevi-gulnar-yayinlari","10":"pa_yazar-abdulkadir-gullu","12":"first","13":"instock","14":"sale","15":"shipping-taxable","16":"purchasable","17":"product-type-simple"},"_links":{"self":[{"href":"https:\/\/roveyayinevi.com.tr\/index.php\/wp-json\/wp\/v2\/product\/769896","targetHints":{"allow":["GET"]}}],"collection":[{"href":"https:\/\/roveyayinevi.com.tr\/index.php\/wp-json\/wp\/v2\/product"}],"about":[{"href":"https:\/\/roveyayinevi.com.tr\/index.php\/wp-json\/wp\/v2\/types\/product"}],"wp:attachment":[{"href":"https:\/\/roveyayinevi.com.tr\/index.php\/wp-json\/wp\/v2\/media?parent=769896"}],"wp:term":[{"taxonomy":"product_brand","embeddable":true,"href":"https:\/\/roveyayinevi.com.tr\/index.php\/wp-json\/wp\/v2\/product_brand?post=769896"},{"taxonomy":"product_cat","embeddable":true,"href":"https:\/\/roveyayinevi.com.tr\/index.php\/wp-json\/wp\/v2\/product_cat?post=769896"},{"taxonomy":"product_tag","embeddable":true,"href":"https:\/\/roveyayinevi.com.tr\/index.php\/wp-json\/wp\/v2\/product_tag?post=769896"}],"curies":[{"name":"wp","href":"https:\/\/api.w.org\/{rel}","templated":true}]}}