{"id":769895,"date":"2025-08-28T14:10:33","date_gmt":"2025-08-28T11:10:33","guid":{"rendered":"https:\/\/roveyayinevi.com.tr\/index.php\/urun\/baba-ogul-hikayeleri\/"},"modified":"2026-04-15T03:36:25","modified_gmt":"2026-04-15T00:36:25","slug":"baba-ogul-hikayeleri","status":"publish","type":"product","link":"https:\/\/roveyayinevi.com.tr\/index.php\/urun\/baba-ogul-hikayeleri\/","title":{"rendered":"Baba O\u011ful Hikayeleri"},"content":{"rendered":"<p>Y\u0131lmaz, o\u011flunu ne kadar \u00e7ok sevdi\u011fini d\u00fc\u015f\u00fcnd\u00fc. Ona b\u00f6yle kahkahalar att\u0131rmak \u00e7ok ho\u015funa gidiyordu.\u201cDur \u0130nci Han\u0131m, hi\u00e7bir \u015fey yok korkma, \u00e7ocuk \u00e7ok istiyor, ne yapay\u0131m.\u201d\u201cEvet baba, evet \u00e7ok istiyorum, ya\u015fas\u0131n, oley, u\u00e7ucaz \u015fimdi, havalara u\u00e7ucaz, benim aslan babam.\u201d\u201c\u0130sterse istesin, \u00e7ocuk o. \u00c7ocuk akl\u0131yla m\u0131 hareket edece\u011fiz, bak vallahi bir \u015fey olur, Allah a\u015fk\u0131na yapma, ay h\u0131zlanma, korkuyorum.\u201d\u201cMerak etme kar\u0131c\u0131\u011f\u0131m\u201d derken arabaya iyice gaz verdi. Bu arada g\u00f6z\u00fc yoku\u015fu kesen sokaktayd\u0131. Yollar bo\u015ftu. Kimsecikler g\u00f6r\u00fcnm\u00fcyordu. Asl\u0131nda tehlikeli bir i\u015f yapt\u0131\u011f\u0131n\u0131n fark\u0131ndayd\u0131 tabii ama kendisine olan g\u00fcveni bu fark\u0131ndal\u0131\u011f\u0131n \u00f6n\u00fcne ge\u00e7iyordu. O yapard\u0131. \u0130stedi\u011fini ba\u015far\u0131rd\u0131. \u015eimdi de hem o\u011flunu mutlu edece\u011finden hem de herhangi bir kaza bela \u00e7\u0131kmayaca\u011f\u0131ndan emindi. \u0130nci\u2019nin \u00e7\u0131\u011fl\u0131klar\u0131, soka\u011f\u0131n bo\u015flu\u011funun kontrol\u00fc, her \u015fey denetimi alt\u0131ndayd\u0131. Araban\u0131n gaz\u0131na iyice y\u00fcklendi.\u201cHadi baba u\u00e7ur bizi, u\u00e7ucaz \u015fimdi u\u00e7ucazzzz.\u201dBahad\u0131r Erdem, y\u00fcre\u011finin \u00e7ocuk yerinden do\u011fan ilk edebi kitab\u0131 olan Baba O\u011ful Hik\u00e2yeleri\u2019nde bir ailenin k\u00f6kenlerine iniyor. Ta\u015frada unutulmu\u015f bir \u015fehirde do\u011fan Y\u0131lmaz\u2019\u0131n ya\u015fam ser\u00fcvenine babalar, anneler, b\u00fcy\u00fckbabalar, b\u00fcy\u00fckanneler, o\u011fullar, halalar, teyzeler e\u015flik ediyor; h\u00fcz\u00fcnler ve sevin\u00e7ler de elbette\u2026<\/p>\n","protected":false},"excerpt":{"rendered":"<p>Y\u0131lmaz, o\u011flunu ne kadar \u00e7ok sevdi\u011fini d\u00fc\u015f\u00fcnd\u00fc. Ona b\u00f6yle kahkahalar att\u0131rmak \u00e7ok ho\u015funa gidiyordu.\u201cDur \u0130nci Han\u0131m, hi\u00e7bir \u015fey yok korkma, \u00e7ocuk \u00e7ok istiyor, ne yapay\u0131m.\u201d\u201cEvet baba,<span class=\"excerpt-hellip\"> [\u2026]<\/span><\/p>\n","protected":false},"featured_media":0,"template":"","meta":{"_monsterinsights_skip_tracking":false,"_monsterinsights_sitenote_active":false,"_monsterinsights_sitenote_note":"","_monsterinsights_sitenote_category":0},"product_brand":[],"product_cat":[12291,12711],"product_tag":[],"class_list":{"0":"post-769895","1":"product","2":"type-product","3":"status-publish","5":"product_cat-edebiyat","6":"product_cat-roman-oyku","7":"pa_cilt-ciltsiz","8":"pa_tur-kitap","9":"pa_yayinevi-kirmizi-kedi-yayinevi","10":"pa_yazar-bahadir-erdem","12":"first","13":"instock","14":"sale","15":"shipping-taxable","16":"purchasable","17":"product-type-simple"},"_links":{"self":[{"href":"https:\/\/roveyayinevi.com.tr\/index.php\/wp-json\/wp\/v2\/product\/769895","targetHints":{"allow":["GET"]}}],"collection":[{"href":"https:\/\/roveyayinevi.com.tr\/index.php\/wp-json\/wp\/v2\/product"}],"about":[{"href":"https:\/\/roveyayinevi.com.tr\/index.php\/wp-json\/wp\/v2\/types\/product"}],"wp:attachment":[{"href":"https:\/\/roveyayinevi.com.tr\/index.php\/wp-json\/wp\/v2\/media?parent=769895"}],"wp:term":[{"taxonomy":"product_brand","embeddable":true,"href":"https:\/\/roveyayinevi.com.tr\/index.php\/wp-json\/wp\/v2\/product_brand?post=769895"},{"taxonomy":"product_cat","embeddable":true,"href":"https:\/\/roveyayinevi.com.tr\/index.php\/wp-json\/wp\/v2\/product_cat?post=769895"},{"taxonomy":"product_tag","embeddable":true,"href":"https:\/\/roveyayinevi.com.tr\/index.php\/wp-json\/wp\/v2\/product_tag?post=769895"}],"curies":[{"name":"wp","href":"https:\/\/api.w.org\/{rel}","templated":true}]}}