{"id":769894,"date":"2025-08-28T14:10:31","date_gmt":"2025-08-28T11:10:31","guid":{"rendered":"https:\/\/roveyayinevi.com.tr\/index.php\/urun\/cin-pazari-ve-secme-siirler\/"},"modified":"2026-04-15T03:36:25","modified_gmt":"2026-04-15T00:36:25","slug":"cin-pazari-ve-secme-siirler","status":"publish","type":"product","link":"https:\/\/roveyayinevi.com.tr\/index.php\/urun\/cin-pazari-ve-secme-siirler\/","title":{"rendered":"Cin Pazar\u0131 ve Se\u00e7me \u015eiirler"},"content":{"rendered":"<p>Christina Georgina Rossetti (1830-94), \u0130ngiliz Edebiyat\u0131&#8217;n\u0131n \u015fa\u015f\u0131rt\u0131c\u0131 isimlerinden biridir. \u00d6zellikle 1960 sonras\u0131nda geli\u015fen feminist yakla\u015f\u0131mlar\u0131n \u0131\u015f\u0131\u011f\u0131nda yap\u0131lan yeni okumalarla, \u00fcnl\u00fc a\u011fabeyi Dante Gabriel Rossetti&#8217;nin (1828-82) \u00f6n\u00fcne ge\u00e7mi\u015ftir. Ba\u015fyap\u0131t\u0131 olan Cin Pazar\u0131, yay\u0131mland\u0131\u011f\u0131 1862&#8217;den bu yana hem \u00e7ok sevilen hem kar\u015f\u0131 \u00e7\u0131k\u0131lan, \u00f6zellikle tutucu \u00e7evrelerde bir zamanlar m\u00fcstehcenlikle bile su\u00e7lanm\u0131\u015f bir \u015fiirdir. Bu se\u00e7ki Christina Rossetti&#8217;nin \u015fiir ser\u00fcvenini b\u00fct\u00fcn y\u00f6nleriyle \u00f6zl\u00fc bir bi\u00e7imde sunuyor.<\/p>\n","protected":false},"excerpt":{"rendered":"<p>Christina Georgina Rossetti (1830-94), \u0130ngiliz Edebiyat\u0131&#8217;n\u0131n \u015fa\u015f\u0131rt\u0131c\u0131 isimlerinden biridir. \u00d6zellikle 1960 sonras\u0131nda geli\u015fen feminist yakla\u015f\u0131mlar\u0131n \u0131\u015f\u0131\u011f\u0131nda yap\u0131lan yeni okumalarla, \u00fcnl\u00fc a\u011fabeyi Dante Gabriel Rossetti&#8217;nin (1828-82) \u00f6n\u00fcne<span class=\"excerpt-hellip\"> [\u2026]<\/span><\/p>\n","protected":false},"featured_media":0,"template":"","meta":{"_monsterinsights_skip_tracking":false,"_monsterinsights_sitenote_active":false,"_monsterinsights_sitenote_note":"","_monsterinsights_sitenote_category":0},"product_brand":[],"product_cat":[12291,12509],"product_tag":[],"class_list":{"0":"post-769894","1":"product","2":"type-product","3":"status-publish","5":"product_cat-edebiyat","6":"product_cat-siir","7":"pa_cilt-ciltsiz","8":"pa_tur-kitap","9":"pa_yayinevi-yapi-kredi-yayinlari","10":"pa_yazar-christina-rossetti","12":"first","13":"instock","14":"sale","15":"shipping-taxable","16":"purchasable","17":"product-type-simple"},"_links":{"self":[{"href":"https:\/\/roveyayinevi.com.tr\/index.php\/wp-json\/wp\/v2\/product\/769894","targetHints":{"allow":["GET"]}}],"collection":[{"href":"https:\/\/roveyayinevi.com.tr\/index.php\/wp-json\/wp\/v2\/product"}],"about":[{"href":"https:\/\/roveyayinevi.com.tr\/index.php\/wp-json\/wp\/v2\/types\/product"}],"wp:attachment":[{"href":"https:\/\/roveyayinevi.com.tr\/index.php\/wp-json\/wp\/v2\/media?parent=769894"}],"wp:term":[{"taxonomy":"product_brand","embeddable":true,"href":"https:\/\/roveyayinevi.com.tr\/index.php\/wp-json\/wp\/v2\/product_brand?post=769894"},{"taxonomy":"product_cat","embeddable":true,"href":"https:\/\/roveyayinevi.com.tr\/index.php\/wp-json\/wp\/v2\/product_cat?post=769894"},{"taxonomy":"product_tag","embeddable":true,"href":"https:\/\/roveyayinevi.com.tr\/index.php\/wp-json\/wp\/v2\/product_tag?post=769894"}],"curies":[{"name":"wp","href":"https:\/\/api.w.org\/{rel}","templated":true}]}}