{"id":769892,"date":"2025-08-28T14:10:28","date_gmt":"2025-08-28T11:10:28","guid":{"rendered":"https:\/\/roveyayinevi.com.tr\/index.php\/urun\/antik-misir-sanati-ve-mimarisi\/"},"modified":"2026-04-15T03:36:25","modified_gmt":"2026-04-15T00:36:25","slug":"antik-misir-sanati-ve-mimarisi","status":"publish","type":"product","link":"https:\/\/roveyayinevi.com.tr\/index.php\/urun\/antik-misir-sanati-ve-mimarisi\/","title":{"rendered":"Antik M\u0131s\u0131r Sanat\u0131 ve Mimarisi"},"content":{"rendered":"<p>Berlin\u2019den Boston\u2019a, St. Petersburg\u2019dan Sydney\u2019e, Antik M\u0131s\u0131r sanat\u0131 d\u00fcnyan\u0131n en b\u00fcy\u00fck m\u00fczelerini doldururken, M\u0131s\u0131r tap\u0131naklar\u0131n\u0131n ve piramitlerinin mimarisi de y\u00fczy\u0131llard\u0131r turistleri M\u0131s\u0131r\u2019a \u00e7ekmeye devam ediyor. Peki ama t\u00fcm bunlar, Antik M\u0131s\u0131r d\u00f6neminde ya\u015fam\u0131\u015f insanlar i\u00e7in ne ifade ediyordu ve neden bu kadar kal\u0131c\u0131 bir \u00e7ekicili\u011fe sahipti? Christina Riggs, Antik M\u0131s\u0131r Sanat\u0131 ve Mimarisi\u2019nde M\u0131s\u0131r\u2019da yakla\u015f\u0131k 4000 y\u0131l boyunca \u00fcretilen g\u00f6rsel sanatlar\u0131 inceliyor. Bu nesnelerin ve yap\u0131lar\u0131n ard\u0131ndaki hik\u00e2yeler, Antik M\u0131s\u0131r\u2019daki insanlar\u0131n birbirleriyle, do\u011fal \u00e7evreyle ve tanr\u0131lar\u0131n d\u00fcnyas\u0131yla ili\u015fkili olarak hayatlar\u0131n\u0131 nas\u0131l s\u00fcrd\u00fcrd\u00fckleri hakk\u0131nda bize \u00e7ok \u015fey anlat\u0131yor. Antik M\u0131s\u0131r\u2019\u0131n, etkileyici piramitleri, \u00fcrk\u00fct\u00fcc\u00fc mumyalar\u0131 ve kendine \u00f6zg\u00fc g\u00f6rsel stiliyle izleyicileri y\u00fczy\u0131llar boyunca nas\u0131l b\u00fcy\u00fcledi\u011fini g\u00f6steren Riggs, Antik M\u0131s\u0131r ile modern d\u00fcnya aras\u0131ndaki ili\u015fkiyi de ayd\u0131nlat\u0131yor.<\/p>\n","protected":false},"excerpt":{"rendered":"<p>Berlin\u2019den Boston\u2019a, St. Petersburg\u2019dan Sydney\u2019e, Antik M\u0131s\u0131r sanat\u0131 d\u00fcnyan\u0131n en b\u00fcy\u00fck m\u00fczelerini doldururken, M\u0131s\u0131r tap\u0131naklar\u0131n\u0131n ve piramitlerinin mimarisi de y\u00fczy\u0131llard\u0131r turistleri M\u0131s\u0131r\u2019a \u00e7ekmeye devam ediyor. Peki<span class=\"excerpt-hellip\"> [\u2026]<\/span><\/p>\n","protected":false},"featured_media":0,"template":"","meta":{"_monsterinsights_skip_tracking":false,"_monsterinsights_sitenote_active":false,"_monsterinsights_sitenote_note":"","_monsterinsights_sitenote_category":0},"product_brand":[],"product_cat":[12304],"product_tag":[],"class_list":{"0":"post-769892","1":"product","2":"type-product","3":"status-publish","5":"product_cat-tarih","6":"pa_cilt-ciltsiz","7":"pa_tur-kitap","8":"pa_yayinevi-say-yayinlari","9":"pa_yazar-christina-riggs","11":"first","12":"instock","13":"sale","14":"shipping-taxable","15":"purchasable","16":"product-type-simple"},"_links":{"self":[{"href":"https:\/\/roveyayinevi.com.tr\/index.php\/wp-json\/wp\/v2\/product\/769892","targetHints":{"allow":["GET"]}}],"collection":[{"href":"https:\/\/roveyayinevi.com.tr\/index.php\/wp-json\/wp\/v2\/product"}],"about":[{"href":"https:\/\/roveyayinevi.com.tr\/index.php\/wp-json\/wp\/v2\/types\/product"}],"wp:attachment":[{"href":"https:\/\/roveyayinevi.com.tr\/index.php\/wp-json\/wp\/v2\/media?parent=769892"}],"wp:term":[{"taxonomy":"product_brand","embeddable":true,"href":"https:\/\/roveyayinevi.com.tr\/index.php\/wp-json\/wp\/v2\/product_brand?post=769892"},{"taxonomy":"product_cat","embeddable":true,"href":"https:\/\/roveyayinevi.com.tr\/index.php\/wp-json\/wp\/v2\/product_cat?post=769892"},{"taxonomy":"product_tag","embeddable":true,"href":"https:\/\/roveyayinevi.com.tr\/index.php\/wp-json\/wp\/v2\/product_tag?post=769892"}],"curies":[{"name":"wp","href":"https:\/\/api.w.org\/{rel}","templated":true}]}}