{"id":769891,"date":"2025-08-28T14:10:27","date_gmt":"2025-08-28T11:10:27","guid":{"rendered":"https:\/\/roveyayinevi.com.tr\/index.php\/urun\/harika-iliskiler-kurmanin-yollari-kalpten-kalbe\/"},"modified":"2026-04-07T03:30:08","modified_gmt":"2026-04-07T00:30:08","slug":"harika-iliskiler-kurmanin-yollari-kalpten-kalbe","status":"publish","type":"product","link":"https:\/\/roveyayinevi.com.tr\/index.php\/urun\/harika-iliskiler-kurmanin-yollari-kalpten-kalbe\/","title":{"rendered":"Harika \u0130li\u015fkiler Kurman\u0131n Yollar\u0131 &#8211; Kalpten Kalbe"},"content":{"rendered":"<p>\u00c7oksatan Buda&#8217;n\u0131n Beyni ve N\u00f6ro-dharma kitaplar\u0131n\u0131n yazar\u0131, d\u00fcnyaca \u00fcnl\u00fc Rick Hanson, hayat\u0131n\u0131z\u0131 d\u00f6n\u00fc\u015ft\u00fcrecek bir rehberle kar\u015f\u0131n\u0131zda! Beyin biliminin derinliklerinden, klinik psikolojinin g\u00fcc\u00fcnden ve  bilgelik \u00f6\u011fretilerinden ilham alan bu kitap, her t\u00fcrden ili\u015fkiyi iyile\u015ftirmenin ve g\u00fc\u00e7lendirmenin s\u0131rlar\u0131n\u0131 a\u00e7\u0131\u011fa \u00e7\u0131kar\u0131yor. \u2022 Ger\u00e7ek De\u011ferinizi Hat\u0131rlay\u0131n: Size iyi geleni se\u00e7meyi hak etti\u011finizi unutmay\u0131n. \u2022 \u0130leti\u015fim Sanat\u0131nda Ustala\u015f\u0131n: Her ortamda etkili ileti\u015fim kurman\u0131n yollar\u0131n\u0131 \u00f6\u011frenin. \u2022 Sa\u011fl\u0131kl\u0131 S\u0131n\u0131rlar Belirleyin: \u0130li\u015fkilerinizi daha g\u00fc\u00e7l\u00fc ve dengeli h\u00e2le getirin. \u2022 \u0130yilikleri G\u00f6r\u00fcn: \u0130nsanlar\u0131n i\u00e7indeki iyili\u011fi fark etmeyi ve bunu ili\u015fkilerinize yans\u0131tmay\u0131 \u00f6\u011frenin: \u2022 Bar\u0131\u015f ve Sevgi Dolu Bir Ya\u015fam M\u00fcmk\u00fcn: \u00c7at\u0131\u015fmalar\u0131 onarman\u0131n ve kalbinizdeki sevgiyi payla\u015fman\u0131n g\u00fcc\u00fcn\u00fc ke\u015ffedin. Her biri pratik ve uygulanabilir 50 g\u00fc\u00e7l\u00fc beceriyle hayalinizdeki ili\u015fkileri kurman\u0131n kap\u0131lar\u0131n\u0131 aralay\u0131n. <\/p>\n","protected":false},"excerpt":{"rendered":"<p>\u00c7oksatan Buda&#8217;n\u0131n Beyni ve N\u00f6ro-dharma kitaplar\u0131n\u0131n yazar\u0131, d\u00fcnyaca \u00fcnl\u00fc Rick Hanson, hayat\u0131n\u0131z\u0131 d\u00f6n\u00fc\u015ft\u00fcrecek bir rehberle kar\u015f\u0131n\u0131zda! Beyin biliminin derinliklerinden, klinik psikolojinin g\u00fcc\u00fcnden ve bilgelik \u00f6\u011fretilerinden ilham<span class=\"excerpt-hellip\"> [\u2026]<\/span><\/p>\n","protected":false},"featured_media":0,"template":"","meta":{"_monsterinsights_skip_tracking":false,"_monsterinsights_sitenote_active":false,"_monsterinsights_sitenote_note":"","_monsterinsights_sitenote_category":0},"product_brand":[],"product_cat":[12364,12376],"product_tag":[],"class_list":{"0":"post-769891","1":"product","2":"type-product","3":"status-publish","5":"product_cat-genel-konular","6":"product_cat-kisisel-gelisim","7":"pa_cilt-ciltsiz","8":"pa_tur-kitap","9":"pa_yayinevi-omega","10":"pa_yazar-rick-hanson","12":"first","13":"instock","14":"sale","15":"shipping-taxable","16":"purchasable","17":"product-type-simple"},"_links":{"self":[{"href":"https:\/\/roveyayinevi.com.tr\/index.php\/wp-json\/wp\/v2\/product\/769891","targetHints":{"allow":["GET"]}}],"collection":[{"href":"https:\/\/roveyayinevi.com.tr\/index.php\/wp-json\/wp\/v2\/product"}],"about":[{"href":"https:\/\/roveyayinevi.com.tr\/index.php\/wp-json\/wp\/v2\/types\/product"}],"wp:attachment":[{"href":"https:\/\/roveyayinevi.com.tr\/index.php\/wp-json\/wp\/v2\/media?parent=769891"}],"wp:term":[{"taxonomy":"product_brand","embeddable":true,"href":"https:\/\/roveyayinevi.com.tr\/index.php\/wp-json\/wp\/v2\/product_brand?post=769891"},{"taxonomy":"product_cat","embeddable":true,"href":"https:\/\/roveyayinevi.com.tr\/index.php\/wp-json\/wp\/v2\/product_cat?post=769891"},{"taxonomy":"product_tag","embeddable":true,"href":"https:\/\/roveyayinevi.com.tr\/index.php\/wp-json\/wp\/v2\/product_tag?post=769891"}],"curies":[{"name":"wp","href":"https:\/\/api.w.org\/{rel}","templated":true}]}}