{"id":769888,"date":"2025-08-28T14:10:20","date_gmt":"2025-08-28T11:10:20","guid":{"rendered":"https:\/\/roveyayinevi.com.tr\/index.php\/urun\/emanet-3\/"},"modified":"2026-04-15T03:36:25","modified_gmt":"2026-04-15T00:36:25","slug":"emanet-3","status":"publish","type":"product","link":"https:\/\/roveyayinevi.com.tr\/index.php\/urun\/emanet-3\/","title":{"rendered":"Emanet"},"content":{"rendered":"<p>\u201cHani bir kadim atas\u00f6z\u00fc vard\u0131r, \u2018Her ya\u015fl\u0131 adam \u00f6ld\u00fc\u011f\u00fcnde, bir k\u00fct\u00fcphane topra\u011fa g\u00f6m\u00fcl\u00fcr\u2019. Sana b\u0131rakmaktan en onur duydu\u011fum \u015fey k\u00fct\u00fcphanemdir. Ama ya hayat hik\u00e2yemizi ne yapaca\u011f\u0131z? Sensiz ge\u00e7en bunca y\u0131l\u0131, hasretle ge\u00e7en bunca zaman\u0131 ne yapaca\u011f\u0131z? Sen bizsiz b\u00fcy\u00fcd\u00fcn, yeti\u015ftin, biz sensiz ya\u015fland\u0131k&#8230; Bunca hasret \u00e7ekti\u011fimiz zaman\u0131n hakk\u0131ndan nas\u0131l gelece\u011fiz? Bilmiyorum g\u00fczel yavrum. Hen\u00fcz bilmiyorum. Ama bunlar\u0131n benimle birlikte g\u00f6m\u00fclmesine g\u00f6nl\u00fcm raz\u0131 de\u011fil. Sana s\u00f6z veriyorum, bir yolunu bulaca\u011f\u0131m. Bunca sene biz neler ya\u015fad\u0131k, sen yan\u0131m\u0131zda olabilsen neler olurdu, sana anlatman\u0131n, hatta ya\u015fatman\u0131n bir yolunu bulaca\u011f\u0131m g\u00f6z\u00fcm\u00fcn nuru. \u0130llaki bulaca\u011f\u0131m! Sen nerede, hangi \u015fehirlerde b\u00fcy\u00fcd\u00fcn? Nelere \u00fcz\u00fcld\u00fcn, nelere sevindin? Kimler yakt\u0131 can\u0131n\u0131, kimler s\u0131rt\u0131n\u0131 s\u0131vazlad\u0131? Ate\u015flenince kimler tuttu aln\u0131n\u0131, d\u00fc\u015f\u00fcnce kimler \u00f6pt\u00fc dizlerini? Benim g\u00f6z\u00fcm\u00fcn bebe\u011fi can\u0131m torunum, sen bizsiz nas\u0131l bir hayat s\u00fcrd\u00fcn? Neredesin sen Yasemin\u2019im? Neredesin evlad\u0131m?\u201d \u00c7ok k\u00fc\u00e7\u00fck ya\u015fta k\u00f6klerinden kopart\u0131lm\u0131\u015f bir gen\u00e7 kad\u0131n\u2026 Hayatta tek hayali New York\u2019ta \u00e7al\u0131\u015ft\u0131\u011f\u0131 hukuk firmas\u0131n\u0131n orta\u011f\u0131 olmak ve Manhattan\u2019da bir \u00e7at\u0131 kat\u0131 sat\u0131n alabilmek&#8230; Akraba yok, aile yok, vatan\u0131m dedi\u011fi bir yer, g\u00f6n\u00fcl ba\u011f\u0131 yok&#8230; Hi\u00e7bir yere ait hissetmiyor kendini. Ta ki o Emanet\u2019i almaya gelene kadar! K\u00f6y Enstit\u00fcs\u00fc mezunu bir dedenin torununa b\u0131rakt\u0131\u011f\u0131 EMANET, sizce ne olabilir? <\/p>\n","protected":false},"excerpt":{"rendered":"<p>\u201cHani bir kadim atas\u00f6z\u00fc vard\u0131r, \u2018Her ya\u015fl\u0131 adam \u00f6ld\u00fc\u011f\u00fcnde, bir k\u00fct\u00fcphane topra\u011fa g\u00f6m\u00fcl\u00fcr\u2019. Sana b\u0131rakmaktan en onur duydu\u011fum \u015fey k\u00fct\u00fcphanemdir. Ama ya hayat hik\u00e2yemizi ne yapaca\u011f\u0131z?<span class=\"excerpt-hellip\"> [\u2026]<\/span><\/p>\n","protected":false},"featured_media":0,"template":"","meta":{"_monsterinsights_skip_tracking":false,"_monsterinsights_sitenote_active":false,"_monsterinsights_sitenote_note":"","_monsterinsights_sitenote_category":0},"product_brand":[],"product_cat":[12291,12711],"product_tag":[],"class_list":{"0":"post-769888","1":"product","2":"type-product","3":"status-publish","5":"product_cat-edebiyat","6":"product_cat-roman-oyku","7":"pa_cilt-ciltsiz","8":"pa_tur-kitap","9":"pa_yayinevi-inkilap-kitabevi","10":"pa_yazar-bige-guven-kizilay","12":"first","13":"instock","14":"sale","15":"shipping-taxable","16":"purchasable","17":"product-type-simple"},"_links":{"self":[{"href":"https:\/\/roveyayinevi.com.tr\/index.php\/wp-json\/wp\/v2\/product\/769888","targetHints":{"allow":["GET"]}}],"collection":[{"href":"https:\/\/roveyayinevi.com.tr\/index.php\/wp-json\/wp\/v2\/product"}],"about":[{"href":"https:\/\/roveyayinevi.com.tr\/index.php\/wp-json\/wp\/v2\/types\/product"}],"wp:attachment":[{"href":"https:\/\/roveyayinevi.com.tr\/index.php\/wp-json\/wp\/v2\/media?parent=769888"}],"wp:term":[{"taxonomy":"product_brand","embeddable":true,"href":"https:\/\/roveyayinevi.com.tr\/index.php\/wp-json\/wp\/v2\/product_brand?post=769888"},{"taxonomy":"product_cat","embeddable":true,"href":"https:\/\/roveyayinevi.com.tr\/index.php\/wp-json\/wp\/v2\/product_cat?post=769888"},{"taxonomy":"product_tag","embeddable":true,"href":"https:\/\/roveyayinevi.com.tr\/index.php\/wp-json\/wp\/v2\/product_tag?post=769888"}],"curies":[{"name":"wp","href":"https:\/\/api.w.org\/{rel}","templated":true}]}}