{"id":769887,"date":"2025-08-28T14:10:18","date_gmt":"2025-08-28T11:10:18","guid":{"rendered":"https:\/\/roveyayinevi.com.tr\/index.php\/urun\/milanolu-kiz\/"},"modified":"2026-04-15T03:36:25","modified_gmt":"2026-04-15T00:36:25","slug":"milanolu-kiz","status":"publish","type":"product","link":"https:\/\/roveyayinevi.com.tr\/index.php\/urun\/milanolu-kiz\/","title":{"rendered":"Milanolu K\u0131z"},"content":{"rendered":"<p>Napoli\u2019nin bir mahallesinde sokakta oynayan \u00e7ocuklar ne denli hayal kurabilir? Bu hayalin bir s\u0131n\u0131r\u0131 var m\u0131d\u0131r? Elbette yoktur. Hele ki etrafta onlar\u0131n ilgisini \u00e7ekebilecek bir gizem varsa. Usta yazar Domenico Starnone, antik mitlerin b\u00fcy\u00fcs\u00fcyle ufak bir apartmanda ya\u015fayan bir \u00e7ocu\u011fun hayat\u0131n\u0131 harmanlayarak \u00e7arp\u0131c\u0131 bir hik\u00e2ye anlat\u0131yor. Anneannesinin anlat\u0131lar\u0131yla kafas\u0131nda \u0130lahi Komedya\u2019y\u0131 and\u0131ran bir yer alt\u0131 d\u00fcnyas\u0131 kurgulayan \u00e7ocu\u011fun hayat\u0131, kar\u015f\u0131 apartmanda oturan ve balkonda dans eden \u201cMilanolu K\u0131z\u2019\u0131\u201d  g\u00f6rd\u00fc\u011f\u00fcnde daha da de\u011fi\u015fir. \u00c7ocukluk masumiyeti ile \u00f6l\u00fcm\u00fcn ka\u00e7\u0131n\u0131lmazl\u0131\u011f\u0131 aras\u0131ndaki o ince \u00e7izgide gezinen bu hik\u00e2yenin sadece anlatanla de\u011fil, okuyanla da hayat buldu\u011funu ke\u015ffedeceksiniz. <\/p>\n","protected":false},"excerpt":{"rendered":"<p>Napoli\u2019nin bir mahallesinde sokakta oynayan \u00e7ocuklar ne denli hayal kurabilir? Bu hayalin bir s\u0131n\u0131r\u0131 var m\u0131d\u0131r? Elbette yoktur. Hele ki etrafta onlar\u0131n ilgisini \u00e7ekebilecek bir gizem<span class=\"excerpt-hellip\"> [\u2026]<\/span><\/p>\n","protected":false},"featured_media":0,"template":"","meta":{"_monsterinsights_skip_tracking":false,"_monsterinsights_sitenote_active":false,"_monsterinsights_sitenote_note":"","_monsterinsights_sitenote_category":0},"product_brand":[],"product_cat":[12291,12711],"product_tag":[],"class_list":{"0":"post-769887","1":"product","2":"type-product","3":"status-publish","5":"product_cat-edebiyat","6":"product_cat-roman-oyku","7":"pa_cilt-ciltsiz","8":"pa_tur-kitap","9":"pa_yayinevi-gutenberg","10":"pa_yazar-domenico-starnone","12":"first","13":"instock","14":"sale","15":"shipping-taxable","16":"purchasable","17":"product-type-simple"},"_links":{"self":[{"href":"https:\/\/roveyayinevi.com.tr\/index.php\/wp-json\/wp\/v2\/product\/769887","targetHints":{"allow":["GET"]}}],"collection":[{"href":"https:\/\/roveyayinevi.com.tr\/index.php\/wp-json\/wp\/v2\/product"}],"about":[{"href":"https:\/\/roveyayinevi.com.tr\/index.php\/wp-json\/wp\/v2\/types\/product"}],"wp:attachment":[{"href":"https:\/\/roveyayinevi.com.tr\/index.php\/wp-json\/wp\/v2\/media?parent=769887"}],"wp:term":[{"taxonomy":"product_brand","embeddable":true,"href":"https:\/\/roveyayinevi.com.tr\/index.php\/wp-json\/wp\/v2\/product_brand?post=769887"},{"taxonomy":"product_cat","embeddable":true,"href":"https:\/\/roveyayinevi.com.tr\/index.php\/wp-json\/wp\/v2\/product_cat?post=769887"},{"taxonomy":"product_tag","embeddable":true,"href":"https:\/\/roveyayinevi.com.tr\/index.php\/wp-json\/wp\/v2\/product_tag?post=769887"}],"curies":[{"name":"wp","href":"https:\/\/api.w.org\/{rel}","templated":true}]}}