{"id":769885,"date":"2025-08-28T14:10:13","date_gmt":"2025-08-28T11:10:13","guid":{"rendered":"https:\/\/roveyayinevi.com.tr\/index.php\/urun\/hayal-agacim-mimoza\/"},"modified":"2026-04-15T03:36:25","modified_gmt":"2026-04-15T00:36:25","slug":"hayal-agacim-mimoza","status":"publish","type":"product","link":"https:\/\/roveyayinevi.com.tr\/index.php\/urun\/hayal-agacim-mimoza\/","title":{"rendered":"Hayal A\u011fac\u0131m Mimoza"},"content":{"rendered":"<p>Gayretsiz zaferler zafer tad\u0131 vermeyecek size. Tatmin etmeyecek sizi m\u00fccadelesiz ba\u015far\u0131lar, k\u0131ymetini bilmeyeceksiniz. Kendi eme\u011finizle elde edilmi\u015f herhangi bir lokma, haz\u0131ra kondu\u011funuz ziyafetten \u00e7ok daha k\u0131ymetlidir, zaman size anlatacak bunu. Kula minnet eylemeden ya\u015famay\u0131 se\u00e7ti\u011finizde a\u00e7\u0131l\u0131verecek yol \u00f6n\u00fcn\u00fczde. Biliyorum zorlanacaks\u0131n\u0131z. Ama p\u0131rlanta defalarca t\u0131ra\u015flanmadan p\u0131rlanta olmuyor, zeytin d\u00f6v\u00fcl\u00fcp ezilmeden zeytinya\u011f\u0131 haline gelmiyor. Daha de\u011ferli bir \u015feye d\u00f6n\u00fc\u015fmenin yolu biraz zorlanmaktan ge\u00e7iyor. Biliriz. \u00c7\u00fcnk\u00fc ge\u00e7tik o yollardan. Nerede u\u00e7urum var, neresi viraj, neresi \u00e7amur biz ge\u00e7tik, biliriz. Yard\u0131m isterseniz&#8230; Buraday\u0131z. \u00c7i\u00e7ek a\u015f\u0131lar\u0131m\u0131zdan tan\u0131rs\u0131n\u0131z bizi. <\/p>\n","protected":false},"excerpt":{"rendered":"<p>Gayretsiz zaferler zafer tad\u0131 vermeyecek size. Tatmin etmeyecek sizi m\u00fccadelesiz ba\u015far\u0131lar, k\u0131ymetini bilmeyeceksiniz. Kendi eme\u011finizle elde edilmi\u015f herhangi bir lokma, haz\u0131ra kondu\u011funuz ziyafetten \u00e7ok daha k\u0131ymetlidir,<span class=\"excerpt-hellip\"> [\u2026]<\/span><\/p>\n","protected":false},"featured_media":0,"template":"","meta":{"_monsterinsights_skip_tracking":false,"_monsterinsights_sitenote_active":false,"_monsterinsights_sitenote_note":"","_monsterinsights_sitenote_category":0},"product_brand":[],"product_cat":[12777,12291],"product_tag":[],"class_list":{"0":"post-769885","1":"product","2":"type-product","3":"status-publish","5":"product_cat-deneme","6":"product_cat-edebiyat","7":"pa_cilt-ciltsiz","8":"pa_tur-kitap","9":"pa_yayinevi-inkilap-kitabevi","10":"pa_yazar-bige-guven-kizilay","12":"first","13":"instock","14":"sale","15":"shipping-taxable","16":"purchasable","17":"product-type-simple"},"_links":{"self":[{"href":"https:\/\/roveyayinevi.com.tr\/index.php\/wp-json\/wp\/v2\/product\/769885","targetHints":{"allow":["GET"]}}],"collection":[{"href":"https:\/\/roveyayinevi.com.tr\/index.php\/wp-json\/wp\/v2\/product"}],"about":[{"href":"https:\/\/roveyayinevi.com.tr\/index.php\/wp-json\/wp\/v2\/types\/product"}],"wp:attachment":[{"href":"https:\/\/roveyayinevi.com.tr\/index.php\/wp-json\/wp\/v2\/media?parent=769885"}],"wp:term":[{"taxonomy":"product_brand","embeddable":true,"href":"https:\/\/roveyayinevi.com.tr\/index.php\/wp-json\/wp\/v2\/product_brand?post=769885"},{"taxonomy":"product_cat","embeddable":true,"href":"https:\/\/roveyayinevi.com.tr\/index.php\/wp-json\/wp\/v2\/product_cat?post=769885"},{"taxonomy":"product_tag","embeddable":true,"href":"https:\/\/roveyayinevi.com.tr\/index.php\/wp-json\/wp\/v2\/product_tag?post=769885"}],"curies":[{"name":"wp","href":"https:\/\/api.w.org\/{rel}","templated":true}]}}