{"id":769884,"date":"2025-08-28T14:10:12","date_gmt":"2025-08-28T11:10:12","guid":{"rendered":"https:\/\/roveyayinevi.com.tr\/index.php\/urun\/yatirimin-altin-anahtari\/"},"modified":"2026-04-15T03:36:25","modified_gmt":"2026-04-15T00:36:25","slug":"yatirimin-altin-anahtari","status":"publish","type":"product","link":"https:\/\/roveyayinevi.com.tr\/index.php\/urun\/yatirimin-altin-anahtari\/","title":{"rendered":"Yat\u0131r\u0131m\u0131n Alt\u0131n Anahtar\u0131"},"content":{"rendered":"<p>Tony Robbins, alternatif yat\u0131r\u0131mlar\u0131n g\u00fcc\u00fcn\u00fc ortaya koyarak finansal \u00f6zg\u00fcrl\u00fck i\u00e7in s\u0131rlar\u0131 okurlar\u0131yla bulu\u015fturuyor. Robbins ve \u00fcnl\u00fc yat\u0131r\u0131mc\u0131 Christopher Zook \u00f6zel sermaye, \u00f6zel kredi, \u00f6zel gayrimenkul ve risk sermayesi alanlar\u0131nda bilgiler verip bu konularda d\u00fcnyan\u0131n en ba\u015far\u0131l\u0131 yat\u0131r\u0131mc\u0131lar\u0131yla r\u00f6portajlar yap\u0131yor. Bunun yan\u0131 s\u0131ra kendi en sevdikleri stratejileri ve i\u00e7g\u00f6r\u00fcleri payla\u015f\u0131yorlar. Robbins ile Zook\u2019un g\u00f6r\u00fc\u015flerini ald\u0131klar\u0131 isimlerden baz\u0131lar\u0131 \u015f\u00f6yle: Robert F. Smith, Vinod Khosla, Michael B. Kim: Ve daha bir\u00e7ok isim! Yat\u0131r\u0131m\u0131n Alt\u0131n Anahtar\u0131\u2019nda \u015funlar\u0131 ke\u015ffedeceksiniz: \u2022Varl\u0131klar\u0131 ger\u00e7ekten y\u00f6neten ve \u00fcrettikleri geliri payla\u015fan firmalar\u0131n sahibi olarak \u00f6zel sermayeye akan trilyonlardan nas\u0131l yararlan\u0131l\u0131r? \u2022Tahvillere alternatif (veya tamamlay\u0131c\u0131) olarak \u00f6zel kredinin iki ila \u00fc\u00e7 kat daha y\u00fcksek getirilerinden nas\u0131l yararlan\u0131l\u0131r? \u2022Yeni kural de\u011fi\u015fiklikleri bireysel yat\u0131r\u0131mc\u0131lar\u0131n b\u00fcy\u00fck profesyonel spor tak\u0131mlar\u0131n\u0131n (MLB, NBA, NHL, MLS) bir k\u0131sm\u0131na sahip olmalar\u0131na ve bu fanatik\u00e7e y\u00f6nlendirilen varl\u0131k s\u0131n\u0131f\u0131ndan faydalanmalar\u0131na nas\u0131l izin verir? \u2022Enerji evrimine nas\u0131l yat\u0131r\u0131m yap\u0131l\u0131r? \u2022\u00d6zel gayrimenkule yap\u0131lan yat\u0131r\u0131mlar enflasyona kar\u015f\u0131 bir koruma ve vergi a\u00e7\u0131s\u0131ndan verimli bir gelir kayna\u011f\u0131 olarak nas\u0131l i\u015fleyebilir? \u2022D\u00fcnyan\u0131n en b\u00fcy\u00fck yat\u0131r\u0131mc\u0131lar\u0131n\u0131n \u00e7o\u011fu iyi zamanlarda ve k\u00f6t\u00fc zamanlarda nas\u0131l ba\u015far\u0131l\u0131 olur? <\/p>\n","protected":false},"excerpt":{"rendered":"<p>Tony Robbins, alternatif yat\u0131r\u0131mlar\u0131n g\u00fcc\u00fcn\u00fc ortaya koyarak finansal \u00f6zg\u00fcrl\u00fck i\u00e7in s\u0131rlar\u0131 okurlar\u0131yla bulu\u015fturuyor. Robbins ve \u00fcnl\u00fc yat\u0131r\u0131mc\u0131 Christopher Zook \u00f6zel sermaye, \u00f6zel kredi, \u00f6zel gayrimenkul ve<span class=\"excerpt-hellip\"> [\u2026]<\/span><\/p>\n","protected":false},"featured_media":0,"template":"","meta":{"_monsterinsights_skip_tracking":false,"_monsterinsights_sitenote_active":false,"_monsterinsights_sitenote_note":"","_monsterinsights_sitenote_category":0},"product_brand":[],"product_cat":[13043],"product_tag":[],"class_list":{"0":"post-769884","1":"product","2":"type-product","3":"status-publish","5":"product_cat-ekonomi","6":"pa_cilt-ciltsiz","7":"pa_tur-kitap","8":"pa_yayinevi-inkilap-kitabevi","9":"pa_yazar-anthony-robbins-christopher-zook","11":"first","12":"instock","13":"sale","14":"shipping-taxable","15":"purchasable","16":"product-type-simple"},"_links":{"self":[{"href":"https:\/\/roveyayinevi.com.tr\/index.php\/wp-json\/wp\/v2\/product\/769884","targetHints":{"allow":["GET"]}}],"collection":[{"href":"https:\/\/roveyayinevi.com.tr\/index.php\/wp-json\/wp\/v2\/product"}],"about":[{"href":"https:\/\/roveyayinevi.com.tr\/index.php\/wp-json\/wp\/v2\/types\/product"}],"wp:attachment":[{"href":"https:\/\/roveyayinevi.com.tr\/index.php\/wp-json\/wp\/v2\/media?parent=769884"}],"wp:term":[{"taxonomy":"product_brand","embeddable":true,"href":"https:\/\/roveyayinevi.com.tr\/index.php\/wp-json\/wp\/v2\/product_brand?post=769884"},{"taxonomy":"product_cat","embeddable":true,"href":"https:\/\/roveyayinevi.com.tr\/index.php\/wp-json\/wp\/v2\/product_cat?post=769884"},{"taxonomy":"product_tag","embeddable":true,"href":"https:\/\/roveyayinevi.com.tr\/index.php\/wp-json\/wp\/v2\/product_tag?post=769884"}],"curies":[{"name":"wp","href":"https:\/\/api.w.org\/{rel}","templated":true}]}}