{"id":769882,"date":"2025-08-28T14:10:07","date_gmt":"2025-08-28T11:10:07","guid":{"rendered":"https:\/\/roveyayinevi.com.tr\/index.php\/urun\/etrafimizdaki-duvar\/"},"modified":"2026-04-15T03:36:25","modified_gmt":"2026-04-15T00:36:25","slug":"etrafimizdaki-duvar","status":"publish","type":"product","link":"https:\/\/roveyayinevi.com.tr\/index.php\/urun\/etrafimizdaki-duvar\/","title":{"rendered":"Etraf\u0131m\u0131zdaki Duvar"},"content":{"rendered":"<p>Erken gelmi\u015f bir bahar sabah\u0131 \u0131\u015f\u0131klar, mavi g\u00f6k, nereden \u00e7\u0131kt\u0131\u011f\u0131 belli olmayan, fakat bir a\u011fa\u00e7 boyundan daha yukar\u0131 y\u00fckselemeyen g\u00fcm\u00fc\u015f\u00ee t\u00fcller ve bunun mahremiyetinde gizlenmi\u015f toprak, damarlarda ilk gen\u00e7lik enerjisi halini al\u0131r. Ve bu tabiat kar\u015f\u0131s\u0131nda insan \u00f6l\u00fcm\u00fc unutarak gerinir: B\u00fcy\u00fck bir nikbinlik i\u00e7inde topra\u011f\u0131n hazlar\u0131n\u0131, var olman\u0131n ve ya\u015faman\u0131n saadetini duyar.Ben b\u00f6yle nadir gelen f\u0131rsatlar\u0131 ka\u00e7\u0131rmam. O g\u00fcn k\u0131rlar benimdir. Orada bo\u011fa k\u0131l\u0131\u011f\u0131na girmi\u015f bir \u201cJ\u00fcpiter\u201d gibi kuvvetli ve destans\u0131d\u0131r.Kemal Bilba\u015far\u2019\u0131n ilk roman\u0131 olan Etraf\u0131m\u0131zdaki Duvar, 20 Temmuz ile 2 Eyl\u00fcl 1941 tarihleri aras\u0131nda Tasviri Efk\u00e2r gazetesinde tefrika edilmi\u015ftir. 42 tefrikadan meydana gelen roman, d\u00f6nem ayd\u0131nlar\u0131n\u0131n g\u00fcndelik hayat ve toplumsal olaylara bak\u0131\u015f\u0131 \u00fczerinden \u015fekillenir. Bilba\u015far, roman boyunca bir yandan devrin psikolojisini anlamaya \u00e7al\u0131\u015f\u0131rken di\u011fer yandan toplumu tahlil ve tenkit etmekten de geri durmaz.<\/p>\n","protected":false},"excerpt":{"rendered":"<p>Erken gelmi\u015f bir bahar sabah\u0131 \u0131\u015f\u0131klar, mavi g\u00f6k, nereden \u00e7\u0131kt\u0131\u011f\u0131 belli olmayan, fakat bir a\u011fa\u00e7 boyundan daha yukar\u0131 y\u00fckselemeyen g\u00fcm\u00fc\u015f\u00ee t\u00fcller ve bunun mahremiyetinde gizlenmi\u015f toprak,<span class=\"excerpt-hellip\"> [\u2026]<\/span><\/p>\n","protected":false},"featured_media":0,"template":"","meta":{"_monsterinsights_skip_tracking":false,"_monsterinsights_sitenote_active":false,"_monsterinsights_sitenote_note":"","_monsterinsights_sitenote_category":0},"product_brand":[],"product_cat":[12291,12711],"product_tag":[],"class_list":{"0":"post-769882","1":"product","2":"type-product","3":"status-publish","5":"product_cat-edebiyat","6":"product_cat-roman-oyku","7":"pa_cilt-ciltsiz","8":"pa_tur-kitap","9":"pa_yayinevi-can-yayinlari","10":"pa_yazar-kemal-bilbasar","12":"first","13":"instock","14":"sale","15":"shipping-taxable","16":"purchasable","17":"product-type-simple"},"_links":{"self":[{"href":"https:\/\/roveyayinevi.com.tr\/index.php\/wp-json\/wp\/v2\/product\/769882","targetHints":{"allow":["GET"]}}],"collection":[{"href":"https:\/\/roveyayinevi.com.tr\/index.php\/wp-json\/wp\/v2\/product"}],"about":[{"href":"https:\/\/roveyayinevi.com.tr\/index.php\/wp-json\/wp\/v2\/types\/product"}],"wp:attachment":[{"href":"https:\/\/roveyayinevi.com.tr\/index.php\/wp-json\/wp\/v2\/media?parent=769882"}],"wp:term":[{"taxonomy":"product_brand","embeddable":true,"href":"https:\/\/roveyayinevi.com.tr\/index.php\/wp-json\/wp\/v2\/product_brand?post=769882"},{"taxonomy":"product_cat","embeddable":true,"href":"https:\/\/roveyayinevi.com.tr\/index.php\/wp-json\/wp\/v2\/product_cat?post=769882"},{"taxonomy":"product_tag","embeddable":true,"href":"https:\/\/roveyayinevi.com.tr\/index.php\/wp-json\/wp\/v2\/product_tag?post=769882"}],"curies":[{"name":"wp","href":"https:\/\/api.w.org\/{rel}","templated":true}]}}