{"id":769881,"date":"2025-08-28T14:10:04","date_gmt":"2025-08-28T11:10:04","guid":{"rendered":"https:\/\/roveyayinevi.com.tr\/index.php\/urun\/huzunlu-kaplan\/"},"modified":"2026-04-15T03:36:25","modified_gmt":"2026-04-15T00:36:25","slug":"huzunlu-kaplan","status":"publish","type":"product","link":"https:\/\/roveyayinevi.com.tr\/index.php\/urun\/huzunlu-kaplan\/","title":{"rendered":"H\u00fcz\u00fcnl\u00fc Kaplan"},"content":{"rendered":"<p>H\u00fcz\u00fcnl\u00fc Kaplan, \u00fcvey babas\u0131 taraf\u0131ndan y\u0131llarca tecav\u00fcze u\u011frayan k\u00fc\u00e7\u00fck bir k\u0131z\u0131n hik\u00e2yesi. Neige Sinno on dokuz ya\u015f\u0131nda sessizli\u011fini bozuyor, ard\u0131ndan kamu davas\u0131, tecav\u00fczc\u00fcn\u00fcn hapsedilmesi, Sinno&#8217;nun Fransa&#8217;dan uzakta yeni bir hayat kurmas\u0131 geliyor.Fransa&#8217;y\u0131 kas\u0131p kavuran, uluslararas\u0131 bir fenomen haline gelen ve bir\u00e7ok \u00f6d\u00fcl kazanan H\u00fcz\u00fcnl\u00fc Kaplan, karanl\u0131\u011f\u0131 a\u015fmak i\u00e7in konu\u015fmay\u0131 ve soru sormay\u0131 \u00f6neriyor.\u201cH\u00fcz\u00fcnl\u00fc Kaplan&#8217;\u0131 okumak, g\u00f6zleriniz a\u00e7\u0131kken bir u\u00e7uruma inmek gibi. Sizi bir yeti\u015fkin taraf\u0131ndan y\u0131llarca istismar edilen bir \u00e7ocuk olman\u0131n ne demek oldu\u011funu g\u00f6rmeye, ger\u00e7ekten g\u00f6rmeye zorluyor. Herkes okumal\u0131.\u201dAnnie Ernaux<\/p>\n","protected":false},"excerpt":{"rendered":"<p>H\u00fcz\u00fcnl\u00fc Kaplan, \u00fcvey babas\u0131 taraf\u0131ndan y\u0131llarca tecav\u00fcze u\u011frayan k\u00fc\u00e7\u00fck bir k\u0131z\u0131n hik\u00e2yesi. Neige Sinno on dokuz ya\u015f\u0131nda sessizli\u011fini bozuyor, ard\u0131ndan kamu davas\u0131, tecav\u00fczc\u00fcn\u00fcn hapsedilmesi, Sinno&#8217;nun Fransa&#8217;dan<span class=\"excerpt-hellip\"> [\u2026]<\/span><\/p>\n","protected":false},"featured_media":0,"template":"","meta":{"_monsterinsights_skip_tracking":false,"_monsterinsights_sitenote_active":false,"_monsterinsights_sitenote_note":"","_monsterinsights_sitenote_category":0},"product_brand":[],"product_cat":[18545,12291],"product_tag":[],"class_list":{"0":"post-769881","1":"product","2":"type-product","3":"status-publish","5":"product_cat-anlati","6":"product_cat-edebiyat","7":"pa_cilt-ciltsiz","8":"pa_tur-kitap","9":"pa_yayinevi-can-yayinlari","10":"pa_yazar-neige-sinno","12":"first","13":"instock","14":"sale","15":"shipping-taxable","16":"purchasable","17":"product-type-simple"},"_links":{"self":[{"href":"https:\/\/roveyayinevi.com.tr\/index.php\/wp-json\/wp\/v2\/product\/769881","targetHints":{"allow":["GET"]}}],"collection":[{"href":"https:\/\/roveyayinevi.com.tr\/index.php\/wp-json\/wp\/v2\/product"}],"about":[{"href":"https:\/\/roveyayinevi.com.tr\/index.php\/wp-json\/wp\/v2\/types\/product"}],"wp:attachment":[{"href":"https:\/\/roveyayinevi.com.tr\/index.php\/wp-json\/wp\/v2\/media?parent=769881"}],"wp:term":[{"taxonomy":"product_brand","embeddable":true,"href":"https:\/\/roveyayinevi.com.tr\/index.php\/wp-json\/wp\/v2\/product_brand?post=769881"},{"taxonomy":"product_cat","embeddable":true,"href":"https:\/\/roveyayinevi.com.tr\/index.php\/wp-json\/wp\/v2\/product_cat?post=769881"},{"taxonomy":"product_tag","embeddable":true,"href":"https:\/\/roveyayinevi.com.tr\/index.php\/wp-json\/wp\/v2\/product_tag?post=769881"}],"curies":[{"name":"wp","href":"https:\/\/api.w.org\/{rel}","templated":true}]}}