{"id":769880,"date":"2025-08-28T14:10:02","date_gmt":"2025-08-28T11:10:02","guid":{"rendered":"https:\/\/roveyayinevi.com.tr\/index.php\/urun\/cok-komik-biraz-garip\/"},"modified":"2026-04-15T03:36:25","modified_gmt":"2026-04-15T00:36:25","slug":"cok-komik-biraz-garip","status":"publish","type":"product","link":"https:\/\/roveyayinevi.com.tr\/index.php\/urun\/cok-komik-biraz-garip\/","title":{"rendered":"\u00c7ok Komik Biraz Garip"},"content":{"rendered":"<p>Okulda, evde, tatilde, can\u0131n s\u0131k\u0131ld\u0131\u011f\u0131nda seni g\u00fcld\u00fcrecek 50 \u015faka, bu kitab\u0131n i\u00e7inde!   D\u00fcnyaca \u00fcnl\u00fc \u0130rlandal\u0131 komedyen Sean Hegarty&#8217;nin yazd\u0131\u011f\u0131 ve Roald Dahl Komik Kitap \u00d6d\u00fcl\u00fc ba\u015fta olmak \u00fczere pek \u00e7ok prestijli \u00f6d\u00fcl alan ill\u00fcstrat\u00f6r Jim Field\u2019in e\u011flenceli \u00e7izimleriyle renklenen \u00c7ok Komik Biraz Garip, g\u00fclmek  ve g\u00fcld\u00fcrmek isteyenler i\u00e7in birebir. <\/p>\n","protected":false},"excerpt":{"rendered":"<p>Okulda, evde, tatilde, can\u0131n s\u0131k\u0131ld\u0131\u011f\u0131nda seni g\u00fcld\u00fcrecek 50 \u015faka, bu kitab\u0131n i\u00e7inde! D\u00fcnyaca \u00fcnl\u00fc \u0130rlandal\u0131 komedyen Sean Hegarty&#8217;nin yazd\u0131\u011f\u0131 ve Roald Dahl Komik Kitap \u00d6d\u00fcl\u00fc ba\u015fta<span class=\"excerpt-hellip\"> [\u2026]<\/span><\/p>\n","protected":false},"featured_media":0,"template":"","meta":{"_monsterinsights_skip_tracking":false,"_monsterinsights_sitenote_active":false,"_monsterinsights_sitenote_note":"","_monsterinsights_sitenote_category":0},"product_brand":[],"product_cat":[12274,12284],"product_tag":[],"class_list":{"0":"post-769880","1":"product","2":"type-product","3":"status-publish","5":"product_cat-cocuk-ve-genclik-kitaplari","6":"product_cat-hikayeler","7":"pa_cilt-ciltsiz","8":"pa_tur-kitap","9":"pa_yayinevi-redhouse-kidz-yayinlari","10":"pa_yazar-sean-hegarty","12":"first","13":"instock","14":"sale","15":"shipping-taxable","16":"purchasable","17":"product-type-simple"},"_links":{"self":[{"href":"https:\/\/roveyayinevi.com.tr\/index.php\/wp-json\/wp\/v2\/product\/769880","targetHints":{"allow":["GET"]}}],"collection":[{"href":"https:\/\/roveyayinevi.com.tr\/index.php\/wp-json\/wp\/v2\/product"}],"about":[{"href":"https:\/\/roveyayinevi.com.tr\/index.php\/wp-json\/wp\/v2\/types\/product"}],"wp:attachment":[{"href":"https:\/\/roveyayinevi.com.tr\/index.php\/wp-json\/wp\/v2\/media?parent=769880"}],"wp:term":[{"taxonomy":"product_brand","embeddable":true,"href":"https:\/\/roveyayinevi.com.tr\/index.php\/wp-json\/wp\/v2\/product_brand?post=769880"},{"taxonomy":"product_cat","embeddable":true,"href":"https:\/\/roveyayinevi.com.tr\/index.php\/wp-json\/wp\/v2\/product_cat?post=769880"},{"taxonomy":"product_tag","embeddable":true,"href":"https:\/\/roveyayinevi.com.tr\/index.php\/wp-json\/wp\/v2\/product_tag?post=769880"}],"curies":[{"name":"wp","href":"https:\/\/api.w.org\/{rel}","templated":true}]}}