{"id":769879,"date":"2025-08-28T14:10:00","date_gmt":"2025-08-28T11:10:00","guid":{"rendered":"https:\/\/roveyayinevi.com.tr\/index.php\/urun\/national-geographic-kids-dinozorlar-hakkinda-1-000-gercek\/"},"modified":"2026-04-15T03:36:25","modified_gmt":"2026-04-15T00:36:25","slug":"national-geographic-kids-dinozorlar-hakkinda-1-000-gercek","status":"publish","type":"product","link":"https:\/\/roveyayinevi.com.tr\/index.php\/urun\/national-geographic-kids-dinozorlar-hakkinda-1-000-gercek\/","title":{"rendered":"National Geographic Kids &#8211; Dinozorlar Hakk\u0131nda 1.000 Ger\u00e7ek"},"content":{"rendered":"<p>T-rex, Triceratops, Pterosaurlar, k\u0131l\u0131\u00e7 di\u015fli kediler! Bu reng\u00e2renk National Geographic Kids kitab\u0131, bu tarih \u00f6ncesi canl\u0131lar\u0131n nas\u0131l g\u00f6r\u00fcnd\u00fc\u011f\u00fcne, nas\u0131l ya\u015fad\u0131klar\u0131na ve geride hangi izleri b\u0131rakt\u0131klar\u0131na dair 1.000 b\u00fcy\u00fcleyici bilgiyle dolu.   Stegosaurus ve Giganotosaurus gibi karaya h\u00fckmeden dinozorlardan, onlar\u0131 takip eden mamutlar ve dev tembel hayvanlara kadar, dinozorlar, fosiller ve tarih \u00f6ncesi ya\u015fam hakk\u0131nda merak etti\u011finiz her \u015feyi ke\u015ffedin. \u0130lk d\u00f6rt ayakl\u0131 canl\u0131lar hakk\u0131ndaki inan\u0131lmaz fosil ger\u00e7eklerini ortaya \u00e7\u0131kar\u0131n; bir dinozor kaz\u0131s\u0131nda olman\u0131n nas\u0131l bir his oldu\u011funu \u00f6\u011frenin ve en etkileyici, en korkutucu pen\u00e7elere ve di\u015flere hayran kal\u0131n. Dinozorlar ile ku\u015flar aras\u0131ndaki ba\u011flant\u0131y\u0131 ke\u015ffedin, bilim insanlar\u0131n\u0131n h\u00e2l\u00e2 \u00e7\u00f6zmeye \u00e7al\u0131\u015ft\u0131\u011f\u0131 en b\u00fcy\u00fck tarih \u00f6ncesi gizemleri \u00f6\u011frenin ve devasa dinozor istatistiklerine kendinizi kapt\u0131r\u0131n.<\/p>\n","protected":false},"excerpt":{"rendered":"<p>T-rex, Triceratops, Pterosaurlar, k\u0131l\u0131\u00e7 di\u015fli kediler! Bu reng\u00e2renk National Geographic Kids kitab\u0131, bu tarih \u00f6ncesi canl\u0131lar\u0131n nas\u0131l g\u00f6r\u00fcnd\u00fc\u011f\u00fcne, nas\u0131l ya\u015fad\u0131klar\u0131na ve geride hangi izleri b\u0131rakt\u0131klar\u0131na dair<span class=\"excerpt-hellip\"> [\u2026]<\/span><\/p>\n","protected":false},"featured_media":0,"template":"","meta":{"_monsterinsights_skip_tracking":false,"_monsterinsights_sitenote_active":false,"_monsterinsights_sitenote_note":"","_monsterinsights_sitenote_category":0},"product_brand":[],"product_cat":[13829,12274],"product_tag":[],"class_list":{"0":"post-769879","1":"product","2":"type-product","3":"status-publish","5":"product_cat-bilimsel-kitaplar","6":"product_cat-cocuk-ve-genclik-kitaplari","7":"pa_cilt-ciltsiz","8":"pa_tur-kitap","9":"pa_yayinevi-beta-kids","10":"pa_yazar-patricia-daniels","12":"first","13":"instock","14":"sale","15":"shipping-taxable","16":"purchasable","17":"product-type-simple"},"_links":{"self":[{"href":"https:\/\/roveyayinevi.com.tr\/index.php\/wp-json\/wp\/v2\/product\/769879","targetHints":{"allow":["GET"]}}],"collection":[{"href":"https:\/\/roveyayinevi.com.tr\/index.php\/wp-json\/wp\/v2\/product"}],"about":[{"href":"https:\/\/roveyayinevi.com.tr\/index.php\/wp-json\/wp\/v2\/types\/product"}],"wp:attachment":[{"href":"https:\/\/roveyayinevi.com.tr\/index.php\/wp-json\/wp\/v2\/media?parent=769879"}],"wp:term":[{"taxonomy":"product_brand","embeddable":true,"href":"https:\/\/roveyayinevi.com.tr\/index.php\/wp-json\/wp\/v2\/product_brand?post=769879"},{"taxonomy":"product_cat","embeddable":true,"href":"https:\/\/roveyayinevi.com.tr\/index.php\/wp-json\/wp\/v2\/product_cat?post=769879"},{"taxonomy":"product_tag","embeddable":true,"href":"https:\/\/roveyayinevi.com.tr\/index.php\/wp-json\/wp\/v2\/product_tag?post=769879"}],"curies":[{"name":"wp","href":"https:\/\/api.w.org\/{rel}","templated":true}]}}