{"id":769877,"date":"2025-08-28T14:09:55","date_gmt":"2025-08-28T11:09:55","guid":{"rendered":"https:\/\/roveyayinevi.com.tr\/index.php\/urun\/kaf-reva\/"},"modified":"2026-04-15T03:36:25","modified_gmt":"2026-04-15T00:36:25","slug":"kaf-reva","status":"publish","type":"product","link":"https:\/\/roveyayinevi.com.tr\/index.php\/urun\/kaf-reva\/","title":{"rendered":"Kaf Reva"},"content":{"rendered":"<p>Yokluktan varl\u0131g\u0306a&#8230; Var olandan hic\u0327lig\u0302e&#8230;                                                                                                                                                                 Cevap almay\u0131 deg\u0306il, imtihan etmeyi sec\u0327enin sorusu s\u0327uydu:   &#8220;Meka\u0302ns\u0131zl\u0131k s\u0131rr\u0131na gizlenip meka\u0302n bulan mutlak varl\u0131g\u0306\u0131 beyan etmis\u0327sin. Hele o\u0308nce bize anlat ki go\u0308relim; bu meka\u0302ns\u0131zl\u0131ktaki mutlakl\u0131k s\u0131rr\u0131n\u0131n as\u0131l manas\u0131 nedir?&#8221;   Soruya cevapt\u0131r: Elinde tuttug\u0306un o\u0308yku\u0308, bu naz ile cilve u\u0308zerine yaz\u0131lm\u0131s\u0327 bir mektuptur; bag\u0306ban ile bu\u0308lbu\u0308lu\u0308n dervis\u0327lig\u0306inin masumiyeti u\u0308zerine bir mektup. Nas\u0131l ki bu mektup s\u0327imdi senin elindedir, o\u0308yku\u0308deki bu\u0308lbu\u0308lu\u0308n kendisi de sen olabilirsen&#8230; Yokluk ile varl\u0131k aras\u0131nda beliren hic\u0327lig\u0306e dog\u0306ru o\u0308nemli bir yolculug\u0306a c\u0327\u0131kmak da yine senin elindedir. <\/p>\n","protected":false},"excerpt":{"rendered":"<p>Yokluktan varl\u0131g\u0306a&#8230; Var olandan hic\u0327lig\u0302e&#8230; Cevap almay\u0131 deg\u0306il, imtihan etmeyi sec\u0327enin sorusu s\u0327uydu: &#8220;Meka\u0302ns\u0131zl\u0131k s\u0131rr\u0131na gizlenip meka\u0302n bulan mutlak varl\u0131g\u0306\u0131 beyan etmis\u0327sin. Hele o\u0308nce bize anlat<span class=\"excerpt-hellip\"> [\u2026]<\/span><\/p>\n","protected":false},"featured_media":0,"template":"","meta":{"_monsterinsights_skip_tracking":false,"_monsterinsights_sitenote_active":false,"_monsterinsights_sitenote_note":"","_monsterinsights_sitenote_category":0},"product_brand":[],"product_cat":[12777,12291],"product_tag":[],"class_list":{"0":"post-769877","1":"product","2":"type-product","3":"status-publish","5":"product_cat-deneme","6":"product_cat-edebiyat","7":"pa_cilt-ciltsiz","8":"pa_tur-kitap","9":"pa_yayinevi-la-kitap-yayinlari","10":"pa_yazar-ismail-metin","12":"first","13":"instock","14":"sale","15":"shipping-taxable","16":"purchasable","17":"product-type-simple"},"_links":{"self":[{"href":"https:\/\/roveyayinevi.com.tr\/index.php\/wp-json\/wp\/v2\/product\/769877","targetHints":{"allow":["GET"]}}],"collection":[{"href":"https:\/\/roveyayinevi.com.tr\/index.php\/wp-json\/wp\/v2\/product"}],"about":[{"href":"https:\/\/roveyayinevi.com.tr\/index.php\/wp-json\/wp\/v2\/types\/product"}],"wp:attachment":[{"href":"https:\/\/roveyayinevi.com.tr\/index.php\/wp-json\/wp\/v2\/media?parent=769877"}],"wp:term":[{"taxonomy":"product_brand","embeddable":true,"href":"https:\/\/roveyayinevi.com.tr\/index.php\/wp-json\/wp\/v2\/product_brand?post=769877"},{"taxonomy":"product_cat","embeddable":true,"href":"https:\/\/roveyayinevi.com.tr\/index.php\/wp-json\/wp\/v2\/product_cat?post=769877"},{"taxonomy":"product_tag","embeddable":true,"href":"https:\/\/roveyayinevi.com.tr\/index.php\/wp-json\/wp\/v2\/product_tag?post=769877"}],"curies":[{"name":"wp","href":"https:\/\/api.w.org\/{rel}","templated":true}]}}