{"id":769876,"date":"2025-08-28T14:09:53","date_gmt":"2025-08-28T11:09:53","guid":{"rendered":"https:\/\/roveyayinevi.com.tr\/index.php\/urun\/kaybederken\/"},"modified":"2026-04-15T03:36:25","modified_gmt":"2026-04-15T00:36:25","slug":"kaybederken","status":"publish","type":"product","link":"https:\/\/roveyayinevi.com.tr\/index.php\/urun\/kaybederken\/","title":{"rendered":"Kaybederken"},"content":{"rendered":"<p>Kaybederken, zaman\u0131n ve ruhun labirentlerinde kaybolmamak i\u00e7in m\u00fccadele eden bir karakterin hik\u00e2yesi. En b\u00fcy\u00fck sorusu ise \u015fu: \u0130nsan ger\u00e7ekten ne zaman kaybeder? \u00c7ocukluktan itibaren yenilgilerle s\u0131nanan kahraman\u0131m\u0131z, sorular\u0131n\u0131n cevaplar\u0131n\u0131 90\u2019l\u0131 ve 2000\u2019li y\u0131llar\u0131n sokaklar\u0131ndan y\u00fckselen sesler, kaybolmu\u015f hayaller ve yar\u0131m kalm\u0131\u015f a\u015fklar aras\u0131nda ar\u0131yor. Silvan Alpo\u011fuz\u2019un, bireysel varolu\u015fun toplumsal m\u00fccadeleyle kesi\u015fti\u011fi alanlarda sivrilen dili, m\u00fcstehzi edas\u0131yla roman\u0131, T\u00fcrkiye\u2019nin yak\u0131n tarihine dair \u00e7arp\u0131c\u0131 bir metne d\u00f6n\u00fc\u015ft\u00fcr\u00fcyor. Alpo\u011fuz\u2019un ilk roman\u0131n\u0131n yeni bask\u0131s\u0131 Kaybederken, yazar\u0131n \u00fcslubunun bir par\u00e7as\u0131 say\u0131lan incelikli ironi, sahici karakter in\u015fas\u0131 ve \u00e7arp\u0131c\u0131 kurgu yetene\u011finin de daha ilk eserinde ortaya \u00e7\u0131kt\u0131\u011f\u0131n\u0131 ispat ediyor. Ve o, son olarak \u015funu s\u00f6yl\u00fcyor bize: Bazen kaybetmek, kazanman\u0131n ta kendisi olabilir.. <\/p>\n","protected":false},"excerpt":{"rendered":"<p>Kaybederken, zaman\u0131n ve ruhun labirentlerinde kaybolmamak i\u00e7in m\u00fccadele eden bir karakterin hik\u00e2yesi. En b\u00fcy\u00fck sorusu ise \u015fu: \u0130nsan ger\u00e7ekten ne zaman kaybeder? \u00c7ocukluktan itibaren yenilgilerle s\u0131nanan<span class=\"excerpt-hellip\"> [\u2026]<\/span><\/p>\n","protected":false},"featured_media":0,"template":"","meta":{"_monsterinsights_skip_tracking":false,"_monsterinsights_sitenote_active":false,"_monsterinsights_sitenote_note":"","_monsterinsights_sitenote_category":0},"product_brand":[],"product_cat":[12291,12711],"product_tag":[],"class_list":{"0":"post-769876","1":"product","2":"type-product","3":"status-publish","5":"product_cat-edebiyat","6":"product_cat-roman-oyku","7":"pa_cilt-ciltsiz","8":"pa_tur-kitap","9":"pa_yayinevi-ketebe-yayinlari","10":"pa_yazar-silvan-alpoguz","12":"first","13":"instock","14":"sale","15":"shipping-taxable","16":"purchasable","17":"product-type-simple"},"_links":{"self":[{"href":"https:\/\/roveyayinevi.com.tr\/index.php\/wp-json\/wp\/v2\/product\/769876","targetHints":{"allow":["GET"]}}],"collection":[{"href":"https:\/\/roveyayinevi.com.tr\/index.php\/wp-json\/wp\/v2\/product"}],"about":[{"href":"https:\/\/roveyayinevi.com.tr\/index.php\/wp-json\/wp\/v2\/types\/product"}],"wp:attachment":[{"href":"https:\/\/roveyayinevi.com.tr\/index.php\/wp-json\/wp\/v2\/media?parent=769876"}],"wp:term":[{"taxonomy":"product_brand","embeddable":true,"href":"https:\/\/roveyayinevi.com.tr\/index.php\/wp-json\/wp\/v2\/product_brand?post=769876"},{"taxonomy":"product_cat","embeddable":true,"href":"https:\/\/roveyayinevi.com.tr\/index.php\/wp-json\/wp\/v2\/product_cat?post=769876"},{"taxonomy":"product_tag","embeddable":true,"href":"https:\/\/roveyayinevi.com.tr\/index.php\/wp-json\/wp\/v2\/product_tag?post=769876"}],"curies":[{"name":"wp","href":"https:\/\/api.w.org\/{rel}","templated":true}]}}