{"id":769875,"date":"2025-08-28T14:09:52","date_gmt":"2025-08-28T11:09:52","guid":{"rendered":"https:\/\/roveyayinevi.com.tr\/index.php\/urun\/fitrat-pedagojisi\/"},"modified":"2026-01-28T03:59:32","modified_gmt":"2026-01-28T00:59:32","slug":"fitrat-pedagojisi","status":"publish","type":"product","link":"https:\/\/roveyayinevi.com.tr\/index.php\/urun\/fitrat-pedagojisi\/","title":{"rendered":"F\u0131trat Pedagojisi"},"content":{"rendered":"<p>B\u0131rak\u0131n \u00e7ocu\u011funuzu Allah b\u00fcy\u00fcts\u00fcn! \u00c7ocu\u011funuzun g\u00f6z\u00fcn\u00fcn, burnunun kime benzeyece\u011fini, nas\u0131l olaca\u011f\u0131n\u0131 \u2013yani biyolojik DNA\u2019s\u0131n\u0131\u2013 merak etti\u011finiz kadar, ruhsal DNA\u2019s\u0131 olan f\u0131trat\u0131n\u0131 da merak ediyor musunuz? Hareketli mi, sakin mi, giri\u015fken mi, utanga\u00e7 m\u0131 gibi onlarca farkl\u0131 f\u0131trat program\u0131ndan hangisi \u00e7ocu\u011funuza emanet edildi; biliyor musunuz? Pek \u00e7ok anne-baba \u00e7ocu\u011funun yo\u011frulmas\u0131 gereken bir hamur oldu\u011funu d\u00fc\u015f\u00fcnerek ebeveynlik yapmaya ba\u015flar. \u00c7ocu\u011funu \u015fekilsiz bir hamur, kendini ona istedi\u011fi \u015fekli verecek bir sanatk\u00e2r zanneder. Oysa her \u00e7ocuk d\u00fcnyaya kendi \u015fekliyle \u2013yani kendi f\u0131trat\u0131yla\u2013 gelir. Anne-babaya d\u00fc\u015fen ise, \u00e7ocu\u011funun f\u0131trat program\u0131n\u0131 korumak ve kendi f\u0131trat\u0131n\u0131 ortaya koyabilece\u011fi alan\u0131 ona a\u00e7maktan \u00f6tesi de\u011fildir. \u0130\u015fte bu kitap; mahremiyet e\u011fitiminden haz \u00f6teleme e\u011fitimine, \u00e7ocuk beslenmesinden \u00f6fke kontrol\u00fcne kadar pek \u00e7ok \u00f6nemli e\u011fitim ba\u015fl\u0131\u011f\u0131n\u0131 \u00e2detlerin de\u011fil, ayetlerin \u00f6n g\u00f6rd\u00fc\u011f\u00fc y\u00f6ntemlerle siz annelerin istifadesine sunuyor. T\u00fcm anneleri, \u00e7ocu\u011funun bo\u015f sayfalar\u0131n\u0131 yazma tela\u015f\u0131ndan \u00e7\u0131kar\u0131p, zaten yazm\u0131\u015f olan Kudret\u2019in (c.c.) sat\u0131rlar\u0131ndan ayet ayet okumaya davet ediyor. <\/p>\n","protected":false},"excerpt":{"rendered":"<p>B\u0131rak\u0131n \u00e7ocu\u011funuzu Allah b\u00fcy\u00fcts\u00fcn! \u00c7ocu\u011funuzun g\u00f6z\u00fcn\u00fcn, burnunun kime benzeyece\u011fini, nas\u0131l olaca\u011f\u0131n\u0131 \u2013yani biyolojik DNA\u2019s\u0131n\u0131\u2013 merak etti\u011finiz kadar, ruhsal DNA\u2019s\u0131 olan f\u0131trat\u0131n\u0131 da merak ediyor musunuz? Hareketli<span class=\"excerpt-hellip\"> [\u2026]<\/span><\/p>\n","protected":false},"featured_media":0,"template":"","meta":{"_monsterinsights_skip_tracking":false,"_monsterinsights_sitenote_active":false,"_monsterinsights_sitenote_note":"","_monsterinsights_sitenote_category":0},"product_brand":[],"product_cat":[12718,12719],"product_tag":[],"class_list":{"0":"post-769875","1":"product","2":"type-product","3":"status-publish","5":"product_cat-din","6":"product_cat-islam","7":"pa_cilt-ciltsiz","8":"pa_tur-kitap","9":"pa_yayinevi-aile-yayinlari","10":"pa_yazar-hatice-kubra-tongar","12":"first","13":"instock","14":"sale","15":"shipping-taxable","16":"purchasable","17":"product-type-simple"},"_links":{"self":[{"href":"https:\/\/roveyayinevi.com.tr\/index.php\/wp-json\/wp\/v2\/product\/769875","targetHints":{"allow":["GET"]}}],"collection":[{"href":"https:\/\/roveyayinevi.com.tr\/index.php\/wp-json\/wp\/v2\/product"}],"about":[{"href":"https:\/\/roveyayinevi.com.tr\/index.php\/wp-json\/wp\/v2\/types\/product"}],"wp:attachment":[{"href":"https:\/\/roveyayinevi.com.tr\/index.php\/wp-json\/wp\/v2\/media?parent=769875"}],"wp:term":[{"taxonomy":"product_brand","embeddable":true,"href":"https:\/\/roveyayinevi.com.tr\/index.php\/wp-json\/wp\/v2\/product_brand?post=769875"},{"taxonomy":"product_cat","embeddable":true,"href":"https:\/\/roveyayinevi.com.tr\/index.php\/wp-json\/wp\/v2\/product_cat?post=769875"},{"taxonomy":"product_tag","embeddable":true,"href":"https:\/\/roveyayinevi.com.tr\/index.php\/wp-json\/wp\/v2\/product_tag?post=769875"}],"curies":[{"name":"wp","href":"https:\/\/api.w.org\/{rel}","templated":true}]}}